{"id":4521,"date":"2022-09-27T13:34:55","date_gmt":"2022-09-27T12:34:55","guid":{"rendered":"https:\/\/bepro.de\/?page_id=4521"},"modified":"2022-09-27T13:34:55","modified_gmt":"2022-09-27T12:34:55","slug":"blachy","status":"publish","type":"page","link":"https:\/\/bepro.de\/pl\/stal\/blachy\/","title":{"rendered":"Blachy"},"content":{"rendered":"<h2>Blachy<\/h2>\n<p><img loading=\"lazy\" decoding=\"async\" class=\"alignnone size-large wp-image-4494\" src=\"https:\/\/bepro.de\/wp-content\/uploads\/Grobblech_DE-580x333.jpg\" alt=\"\" width=\"580\" height=\"333\" srcset=\"https:\/\/bepro.de\/wp-content\/uploads\/Grobblech_DE-580x333.jpg 580w, https:\/\/bepro.de\/wp-content\/uploads\/Grobblech_DE-240x138.jpg 240w, https:\/\/bepro.de\/wp-content\/uploads\/Grobblech_DE-768x441.jpg 768w, https:\/\/bepro.de\/wp-content\/uploads\/Grobblech_DE.jpg 794w\" sizes=\"(max-width: 580px) 100vw, 580px\" \/><\/p>\n<p>Dysponujemy blachami w pe\u0142nym zakresie, dostarczamy zar\u00f3wno cienkie, jak i grube blachy w r\u00f3\u017cnych gatunkach. Mamy bardzo szerokie spektrum mo\u017cliwo\u015bci.<\/p>\n<p>Zapraszamy do bezpo\u015bredniego kontaktu. Dopasujemy odpowiedni\u0105 ofert\u0119 do Pa\u0144stwa potrzeb.<\/p>\n<p><a href=\"https:\/\/bepro.de\/wp-content\/uploads\/heavy_plates_EN.pdf\"><img loading=\"lazy\" decoding=\"async\" class=\"alignnone size-full wp-image-4510\" src=\"https:\/\/bepro.de\/wp-content\/uploads\/Plates-mini.jpg\" alt=\"\" width=\"190\" height=\"164\" \/><\/a><\/p>\n<h3><strong>Kontakt<\/strong><\/h3>\n<p><strong>Piotr Telega<\/strong><br \/>\nTel. 075-64-22-430; 605-534-319<br \/>\ne-mail:\u00a0<script>\nvar xname = \"p.telega\";\nvar xendung = \"bepro.de\";\ndocument.write('\\<a href=\\\"mailto:' + xname + '@' + xendung + '\">');\ndocument.write(xname + '@' + xendung + '<\/a>');\n<\/script><\/p>\n<p><strong>Jacek Grabi\u0144ski<\/strong><br \/>\nTel. 089-535-00-43, 089-535-02-03;<br \/>\n667-997-577<br \/>\ne-mail:\u00a0\u00a0<script>\nvar xname = \"j.grabinski\";\nvar xendung = \"bepro.de\";\ndocument.write('\\<a href=\\\"mailto:' + xname + '@' + xendung + '\">');\ndocument.write(xname + '@' + xendung + '<\/a>');\n<\/script><\/p>\n<p>&nbsp;<\/p>\n","protected":false},"excerpt":{"rendered":"<p>Blachy Dysponujemy blachami w pe\u0142nym zakresie, dostarczamy zar\u00f3wno cienkie, jak i grube blachy w r\u00f3\u017cnych gatunkach. Mamy bardzo szerokie spektrum mo\u017cliwo\u015bci. Zapraszamy do bezpo\u015bredniego kontaktu. Dopasujemy odpowiedni\u0105 ofert\u0119 do Pa\u0144stwa potrzeb. Kontakt Piotr Telega Tel. 075-64-22-430; 605-534-319 e-mail:\u00a0 Jacek Grabi\u0144ski Tel. 089-535-00-43, 089-535-02-03; 667-997-577 e-mail:\u00a0\u00a0 &nbsp;<\/p>\n","protected":false},"author":3,"featured_media":0,"parent":360,"menu_order":0,"comment_status":"closed","ping_status":"closed","template":"","meta":{"_acf_changed":false,"footnotes":"","_wp_rev_ctl_limit":""},"class_list":["post-4521","page","type-page","status-publish","hentry"],"acf":[],"_links":{"self":[{"href":"https:\/\/bepro.de\/pl\/wp-json\/wp\/v2\/pages\/4521"}],"collection":[{"href":"https:\/\/bepro.de\/pl\/wp-json\/wp\/v2\/pages"}],"about":[{"href":"https:\/\/bepro.de\/pl\/wp-json\/wp\/v2\/types\/page"}],"author":[{"embeddable":true,"href":"https:\/\/bepro.de\/pl\/wp-json\/wp\/v2\/users\/3"}],"replies":[{"embeddable":true,"href":"https:\/\/bepro.de\/pl\/wp-json\/wp\/v2\/comments?post=4521"}],"version-history":[{"count":7,"href":"https:\/\/bepro.de\/pl\/wp-json\/wp\/v2\/pages\/4521\/revisions"}],"predecessor-version":[{"id":4529,"href":"https:\/\/bepro.de\/pl\/wp-json\/wp\/v2\/pages\/4521\/revisions\/4529"}],"up":[{"embeddable":true,"href":"https:\/\/bepro.de\/pl\/wp-json\/wp\/v2\/pages\/360"}],"wp:attachment":[{"href":"https:\/\/bepro.de\/pl\/wp-json\/wp\/v2\/media?parent=4521"}],"curies":[{"name":"wp","href":"https:\/\/api.w.org\/{rel}","templated":true}]}}