{"id":405,"date":"2011-12-07T17:13:13","date_gmt":"2011-12-07T15:13:13","guid":{"rendered":"http:\/\/bepro.de\/?page_id=405"},"modified":"2022-11-02T10:56:41","modified_gmt":"2022-11-02T09:56:41","slug":"dojazd","status":"publish","type":"page","link":"https:\/\/bepro.de\/pl\/kontakt\/dojazd\/","title":{"rendered":"Dojazd"},"content":{"rendered":"<h2>Dojazd<\/h2>\n<p>(<span id=\"result_box\" class=\"\" lang=\"pl\"><span class=\"\">klikaj\u0105c na map\u0119 opuszczasz nasz\u0105 stron\u0119 i wchodzisz na stron\u0119 Google Maps<\/span><\/span>)<\/p>\n<p><strong>Consolstrasse 11 &#8211; <span id=\"result_box\" class=\"short_text\" lang=\"pl\"><span class=\"\">Biuro i magazyn<\/span><\/span><br \/>\n<\/strong><\/p>\n<div class=\"BorlabsCookie _brlbs-cb-googlemaps\"><div class=\"_brlbs-content-blocker\"> <div class=\"_brlbs-embed _brlbs-google-maps\"> <img class=\"_brlbs-thumbnail\" src=\"https:\/\/bepro.de\/wp-content\/plugins\/borlabs-cookie\/assets\/images\/cb-maps.png\" alt=\"Google Maps\"> <div class=\"_brlbs-caption\"> <p>By loading the map, you agree to Google's privacy policy.<br><a href=\"https:\/\/policies.google.com\/privacy?hl=en&amp;gl=en\" target=\"_blank\" rel=\"nofollow noopener noreferrer\">Learn more<\/a><\/p> <p><a class=\"_brlbs-btn\" href=\"#\" data-borlabs-cookie-unblock role=\"button\">Load map<\/a><\/p> <p><label><input type=\"checkbox\" name=\"unblockAll\" value=\"1\" checked> <small>Always unblock Google Maps<\/small><\/label><\/p> <\/div> <\/div> <\/div><div class=\"borlabs-hide\" data-borlabs-cookie-type=\"content-blocker\" data-borlabs-cookie-id=\"googlemaps\"><script type=\"text\/template\">PHA+PGlmcmFtZSBsb2FkaW5nPSJsYXp5IiBzdHlsZT0iYm9yZGVyOiAwOyIgc3JjPSJodHRwczovL3d3dy5nb29nbGUuY29tL21hcHMvZW1iZWQ\/cGI9ITFtMTQhMW04ITFtMyExZDk5MjguOTY1NTQ3NDE1MzYhMmQ3LjEwMzk1OTUhM2Q1MS41MjcxMzIzITNtMiExaTEwMjQhMmk3NjghNGYxMy4xITNtMyExbTIhMXMweDQ3YjhlNmVkYjE5OWZmNjElM0EweGNjNDViZDM1N2MxZDFjMTchMnNCRVBSTyUyMHBsYXRlcyUyMGFuZCUyMHNlY3Rpb25hbCUyMHN0ZWVsJTIwR21iSCUyMCUyNiUyMENvLktHITVlMCEzbTIhMXNlbiEyc2RlITR2MTY2NzM4MjQxMTYyNSE1bTIhMXNlbiEyc2RlIiB3aWR0aD0iNjAwIiBoZWlnaHQ9IjQ1MCIgYWxsb3dmdWxsc2NyZWVuPSJhbGxvd2Z1bGxzY3JlZW4iPjwvaWZyYW1lPjwvcD4=<\/script><\/div><\/div>\n<p>&nbsp;<\/p>\n<p><strong>Ahlmannshof 52 &#8211; M<span id=\"result_box\" class=\"short_text\" lang=\"pl\"><span class=\"\">agazyn<\/span><\/span><br \/>\n<\/strong><\/p>\n<div class=\"BorlabsCookie _brlbs-cb-googlemaps\"><div class=\"_brlbs-content-blocker\"> <div class=\"_brlbs-embed _brlbs-google-maps\"> <img class=\"_brlbs-thumbnail\" src=\"https:\/\/bepro.de\/wp-content\/plugins\/borlabs-cookie\/assets\/images\/cb-maps.png\" alt=\"Google Maps\"> <div class=\"_brlbs-caption\"> <p>By loading the map, you agree to Google's privacy policy.<br><a href=\"https:\/\/policies.google.com\/privacy?hl=en&amp;gl=en\" target=\"_blank\" rel=\"nofollow noopener noreferrer\">Learn more<\/a><\/p> <p><a class=\"_brlbs-btn\" href=\"#\" data-borlabs-cookie-unblock role=\"button\">Load map<\/a><\/p> <p><label><input type=\"checkbox\" name=\"unblockAll\" value=\"1\" checked> <small>Always unblock Google Maps<\/small><\/label><\/p> <\/div> <\/div> <\/div><div class=\"borlabs-hide\" data-borlabs-cookie-type=\"content-blocker\" data-borlabs-cookie-id=\"googlemaps\"><script type=\"text\/template\">PHA+PGlmcmFtZSBsb2FkaW5nPSJsYXp5IiBzdHlsZT0iYm9yZGVyOiAwOyIgc3JjPSJodHRwczovL3d3dy5nb29nbGUuY29tL21hcHMvZW1iZWQ\/cGI9ITFtMTghMW0xMiExbTMhMWQyNDgyLjI2NTgyMTY1ODM4NzchMmQ3LjExOTA0NSEzZDUxLjUyNjY4NDEhMm0zITFmMCEyZjAhM2YwITNtMiExaTEwMjQhMmk3NjghNGYxMy4xITNtMyExbTIhMXMweDAlM0EweGUzNGNiZDc4NWRjZGI4M2YhMnNCRVBSTyUyMFN0YWhsaGFuZGVsJTIwQmxlY2glMjB1bmQlMjBQcm9maWxzdGFobCUyMEdtYkglMjAlMjYlMjBDby5LRyUyMChMYWdlciUyMEFobG1hbm5zaG9mKSE1ZTAhM20yITFzZW4hMnNkZSE0djE2NjczODI0ODA3OTYhNW0yITFzZW4hMnNkZSIgd2lkdGg9IjYwMCIgaGVpZ2h0PSI0NTAiIGFsbG93ZnVsbHNjcmVlbj0iYWxsb3dmdWxsc2NyZWVuIj48L2lmcmFtZT48L3A+<\/script><\/div><\/div>\n<p>&nbsp;<\/p>\n<p><a href=\"\/wp-content\/uploads\/anfahrt-bepro-stahl.pdf\">Download PDF<\/a><\/p>\n","protected":false},"excerpt":{"rendered":"<p>Dojazd (klikaj\u0105c na map\u0119 opuszczasz nasz\u0105 stron\u0119 i wchodzisz na stron\u0119 Google Maps) Consolstrasse 11 &#8211; Biuro i magazyn By loading the map, you agree to Google&#8217;s privacy policy.Learn more Load map Always unblock Google Maps &nbsp; Ahlmannshof 52 &#8211; Magazyn By loading the map, you agree to Google&#8217;s privacy policy.Learn more Load map Always [&hellip;]<\/p>\n","protected":false},"author":1,"featured_media":130,"parent":384,"menu_order":0,"comment_status":"closed","ping_status":"closed","template":"","meta":{"_acf_changed":false,"footnotes":"","_wp_rev_ctl_limit":""},"class_list":["post-405","page","type-page","status-publish","has-post-thumbnail","hentry"],"acf":[],"_links":{"self":[{"href":"https:\/\/bepro.de\/pl\/wp-json\/wp\/v2\/pages\/405"}],"collection":[{"href":"https:\/\/bepro.de\/pl\/wp-json\/wp\/v2\/pages"}],"about":[{"href":"https:\/\/bepro.de\/pl\/wp-json\/wp\/v2\/types\/page"}],"author":[{"embeddable":true,"href":"https:\/\/bepro.de\/pl\/wp-json\/wp\/v2\/users\/1"}],"replies":[{"embeddable":true,"href":"https:\/\/bepro.de\/pl\/wp-json\/wp\/v2\/comments?post=405"}],"version-history":[{"count":2,"href":"https:\/\/bepro.de\/pl\/wp-json\/wp\/v2\/pages\/405\/revisions"}],"predecessor-version":[{"id":4543,"href":"https:\/\/bepro.de\/pl\/wp-json\/wp\/v2\/pages\/405\/revisions\/4543"}],"up":[{"embeddable":true,"href":"https:\/\/bepro.de\/pl\/wp-json\/wp\/v2\/pages\/384"}],"wp:featuredmedia":[{"embeddable":true,"href":"https:\/\/bepro.de\/pl\/wp-json\/wp\/v2\/media\/130"}],"wp:attachment":[{"href":"https:\/\/bepro.de\/pl\/wp-json\/wp\/v2\/media?parent=405"}],"curies":[{"name":"wp","href":"https:\/\/api.w.org\/{rel}","templated":true}]}}