{"id":384,"date":"2011-12-07T16:34:25","date_gmt":"2011-12-07T14:34:25","guid":{"rendered":"http:\/\/bepro.de\/?page_id=384"},"modified":"2026-01-07T11:19:25","modified_gmt":"2026-01-07T10:19:25","slug":"kontakt","status":"publish","type":"page","link":"https:\/\/bepro.de\/pl\/kontakt\/","title":{"rendered":"Kontakt"},"content":{"rendered":"<h2>Kontakt<\/h2>\n<p>Biura Handlowe w Polsce:<\/p>\n<p>Ul. Sudecka 51 lok. 3\/7<br \/>\n58-500 Jelenia G\u00f3ra<br \/>\nTel. +48-605-534-319 \u2013 Piotr Telega<br \/>\ne-mail:\u00a0<script>\nvar xname = \"p.telega\";\nvar xendung = \"bepro.de\";\ndocument.write('\\<a href=\\\"mailto:' + xname + '@' + xendung + '\">');\ndocument.write(xname + '@' + xendung + '<\/a>');\n<\/script><\/p>\n<p>ul. Obro\u0144c\u00f3w Tobruku 7<br \/>\n10-062 Olsztyn<br \/>\nTel. +48-667-997-577 \u2013 Jacek Grabi\u0144ski<br \/>\ne-mail:\u00a0\u00a0<script>\nvar xname = \"j.grabinski\";\nvar xendung = \"bepro.de\";\ndocument.write('\\<a href=\\\"mailto:' + xname + '@' + xendung + '\">');\ndocument.write(xname + '@' + xendung + '<\/a>');\n<\/script><\/p>\n<p>Centrala w Gelsenkirchen: +49-209-982-51-10<br \/>\nKarina Czok<br \/>\nTel. +49-209-982-5117<br \/>\ne-mail:\u00a0\u00a0<script>\nvar xname = \"k.czok\";\nvar xendung = \"bepro.de\";\ndocument.write('\\<a href=\\\"mailto:' + xname + '@' + xendung + '\">');\ndocument.write(xname + '@' + xendung + '<\/a>');\n<\/script><\/p>\n<p>&nbsp;<\/p>\n<p>Og\u00f3lne warunki handlowe :<\/p>\n<ul>\n<li><a href=\"\/wp-content\/uploads\/allgverkaufsbedbepro.pdf\" target=\"_blank\" rel=\"noopener noreferrer\">Og\u00f3lne warunki sprzeda\u017cy i dostaw<\/a><\/li>\n<li><a href=\"\/wp-content\/uploads\/allgeinkaufsbedbepro.pdf\" target=\"_blank\" rel=\"noopener noreferrer\">Og\u00f3lne warunki zakup\u00f3w<\/a><\/li>\n<\/ul>\n<h3><\/h3>\n","protected":false},"excerpt":{"rendered":"<p>Kontakt Biura Handlowe w Polsce: Ul. Sudecka 51 lok. 3\/7 58-500 Jelenia G\u00f3ra Tel. +48-605-534-319 \u2013 Piotr Telega e-mail:\u00a0 ul. Obro\u0144c\u00f3w Tobruku 7 10-062 Olsztyn Tel. +48-667-997-577 \u2013 Jacek Grabi\u0144ski e-mail:\u00a0\u00a0 Centrala w Gelsenkirchen: +49-209-982-51-10 Karina Czok Tel. +49-209-982-5117 e-mail:\u00a0\u00a0 &nbsp; Og\u00f3lne warunki handlowe : Og\u00f3lne warunki sprzeda\u017cy i dostaw Og\u00f3lne warunki zakup\u00f3w<\/p>\n","protected":false},"author":1,"featured_media":132,"parent":0,"menu_order":8,"comment_status":"closed","ping_status":"closed","template":"","meta":{"_acf_changed":false,"footnotes":"","_wp_rev_ctl_limit":""},"class_list":["post-384","page","type-page","status-publish","has-post-thumbnail","hentry"],"acf":[],"_links":{"self":[{"href":"https:\/\/bepro.de\/pl\/wp-json\/wp\/v2\/pages\/384"}],"collection":[{"href":"https:\/\/bepro.de\/pl\/wp-json\/wp\/v2\/pages"}],"about":[{"href":"https:\/\/bepro.de\/pl\/wp-json\/wp\/v2\/types\/page"}],"author":[{"embeddable":true,"href":"https:\/\/bepro.de\/pl\/wp-json\/wp\/v2\/users\/1"}],"replies":[{"embeddable":true,"href":"https:\/\/bepro.de\/pl\/wp-json\/wp\/v2\/comments?post=384"}],"version-history":[{"count":5,"href":"https:\/\/bepro.de\/pl\/wp-json\/wp\/v2\/pages\/384\/revisions"}],"predecessor-version":[{"id":4783,"href":"https:\/\/bepro.de\/pl\/wp-json\/wp\/v2\/pages\/384\/revisions\/4783"}],"wp:featuredmedia":[{"embeddable":true,"href":"https:\/\/bepro.de\/pl\/wp-json\/wp\/v2\/media\/132"}],"wp:attachment":[{"href":"https:\/\/bepro.de\/pl\/wp-json\/wp\/v2\/media?parent=384"}],"curies":[{"name":"wp","href":"https:\/\/api.w.org\/{rel}","templated":true}]}}