{"id":382,"date":"2011-12-07T16:27:01","date_gmt":"2011-12-07T14:27:01","guid":{"rendered":"http:\/\/bepro.de\/?page_id=382"},"modified":"2024-04-24T14:05:13","modified_gmt":"2024-04-24T13:05:13","slug":"o-nas","status":"publish","type":"page","link":"https:\/\/bepro.de\/pl\/o-nas\/","title":{"rendered":"O nas"},"content":{"rendered":"<h2>Nowy kierunek i dalszy rozw\u00f3j pe\u0142en pomys\u0142\u00f3w<\/h2>\n<p><strong>Eksport ma dla dystrybutora stali jakim jest firma Bepro tradycyjnie du\u017ce znaczenie &#8211; oko\u0142o dw\u00f3ch trzecich transakcji przedsi\u0119biorstwa to dostawy za granic\u0119, klienci pochodz\u0105 bowiem z ca\u0142ego \u015bwiata. Dalszy potencja\u0142 rozwojowy firma z pe\u0142nym asortymentem upatruje w Europie Wschodniej i poza Europ\u0105.<\/strong><\/p>\n<p><img loading=\"lazy\" decoding=\"async\" class=\"alignright size-medium wp-image-182\" title=\"Peter Schorr\" src=\"https:\/\/bepro.de\/wp-content\/uploads\/hrschorr-320x240.jpg\" alt=\"Peter Schorr\" width=\"240\" height=\"180\" srcset=\"https:\/\/bepro.de\/wp-content\/uploads\/hrschorr-320x240.jpg 320w, https:\/\/bepro.de\/wp-content\/uploads\/hrschorr-580x435.jpg 580w\" sizes=\"(max-width: 240px) 100vw, 240px\" \/><\/p>\n<p>Dostawy do wszystkich kraj\u00f3w Europy Bepro realizuje ka\u017cdego dnia. W przysz\u0142o\u015bci ta firma handlowa, kt\u00f3ra wyspecjalizowa\u0142a si\u0119 w szerokim asortymencie wymiar\u00f3w i gatunk\u00f3w, chcia\u0142aby poszerzy\u0107 sw\u00f3j zakres dzia\u0142a\u0144 &#8211; przede wszystkim o Europ\u0119 Wschodni\u0105. Ze wzgl\u0119du na to, \u017ce rynek stali w tych krajach staje si\u0119 coraz bardziej interesuj\u0105cy dla tutejszych przedsi\u0119biorstw, kierunek dzia\u0142ania zmierza w stron\u0119 takich kraj\u00f3w jak Polska, Bu\u0142garia, Rumunia, W\u0119gry i Ukraina. Logistycznie rzecz ujmuj\u0105c dostawy na du\u017ce odleg\u0142o\u015bci nie sprawiaj\u0105 dzisiaj ju\u017c \u017cadnego problemu, twierdzi dyrektor generalny, za\u0142o\u017cyciel i w\u0142a\u015bciciel firmy Bepro Peter Schorr. \u201eWa\u017cne jest to, aby da\u0107 si\u0119 pozna\u0107 na tych rynkach\u201d.<\/p>\n<h3>Ekspert od specjalistycznych wymiar\u00f3w i gatunk\u00f3w<\/h3>\n<p>Firma Bepro wype\u0142ni\u0142a nisz\u0119 rynkow\u0105 jako specjalista od specjalnego asortymentu odnosz\u0105c przy tym du\u017cy sukces. Przedsi\u0119biorstwo z samego serca Zag\u0142\u0119bia Ruhry to pe\u0142noasortymentowiec oferuj\u0105cy swoim klientom nieprzerwanie pe\u0142n\u0105 gam\u0119 wymiar\u00f3w. \u201eDysponujemy kszta\u0142townikami, k\u0105townikami, pr\u0119tami p\u0142askimi, okr\u0105g\u0142ymi i kwadratowymi w pe\u0142nym zakresie\u201d, twierdzi Peter Schorr.<\/p>\n<p>Przedsi\u0119biorstwo koncentruje si\u0119 przede wszystkim na nietypowych wymiarach i gatunkach. \u201eNie chcemy handlowa\u0107 wszystkim, lecz oferowa\u0107 naszym klientom to, czego potrzebuj\u0105, a by\u0107 mo\u017ce nie wsz\u0119dzie znajd\u0105\u201d, tak za\u0142o\u017cyciel firmy wyja\u015bnia kierunek dzia\u0142a\u0144 przedsi\u0119biorstwa. \u201eK\u0105towniki i kszta\u0142towniki w gatunku S355J2 oraz 16Mo3 s\u0105 silnym filarem w naszym programie magazynowym\u201d, kontynuuje Schorr. Dalszym przyk\u0142adem szerokiej oferty produkt\u00f3w s\u0105 pr\u0119ty okr\u0105g\u0142e, kt\u00f3rymi firma Bepro dysponuje nie tylko w typowych, lecz tak\u017ce w wielu wymiarach po\u015brednich. Zakres oferowanych przez nas pr\u0119t\u00f3w okr\u0105g\u0142ych to \u015brednice od 8 mm do 600 mm.<\/p>\n<h3>Bepro jest tak\u017ce specjalist\u0105 w zakresie serwisu<\/h3>\n<p>Handel stal\u0105 to zdecydowanie nie tylko produkt, kt\u00f3ry si\u0119 sprzedaje. Zadaniem firmy jest tak\u017ce poznanie potrzeb klienta. Sta\u0142a gotowo\u015b\u0107 do dostaw, profesjonalny serwis oraz dostosowanie si\u0119 do indywidualnych potrzeb klienta s\u0105 u nas spraw\u0105 priorytetow\u0105, podkre\u015bla Peter Schorr. \u201eDla nas wa\u017cna jest uczciwa i partnerska wsp\u00f3\u0142praca maj\u0105ca na celu korzy\u015b\u0107 obu stron: zar\u00f3wno dostawcy jak i odbiorcy\u201d. Specjalista od specjalno\u015bci jest przecie\u017c dystrybutorem nie tylko w\u0142asnych produkt\u00f3w stalowych, lecz tak\u017ce \u017cycze\u0144 klienta, nawet tych najbardziej wyszukanych i skomplikowanych. \u201eNawet je\u015bli na d\u017awigarach stalowych mamy n.p. nanie\u015b\u0107 co 10 cm czerwon\u0105 lini\u0119, poniewa\u017c tego wymaga klient &#8211;\u00a0 zrealizujemy to\u201d, twierdzi S\u00f6ren Filipczak. Niezale\u017cnie od tego, czy w zam\u00f3wieniu wyst\u0119puj\u0105 nietypowe wymiary, skomplikowana logistyka, czy te\u017c zaostrzone przepisy celne \u2013 Bepro sobie z tym radzi. Posiadamy niezb\u0119dne Know-how.<\/p>\n<h3>Globalne dzia\u0142anie<\/h3>\n<p>Wiadomo nie od dzis, \u017ce nie tylko rynek europejski si\u0119 zacie\u015bnia. \u015awiat, przede wszystkim \u015bwiat handlu, patrz\u0105c globalnie zmniejszy\u0142 si\u0119. \u201eStwierdzili\u015bmy, \u017ce na ca\u0142ym \u015bwiecie znajduj\u0105 si\u0119 odbiorcy dla naszych produkt\u00f3w\u201d, m\u00f3wi Peter Schorr maj\u0105c na uwadze nowych klient\u00f3w w Emiratach, Chinach i Singapurze. \u201eS\u0105 to pierwsze kroki w kierunku, na kt\u00f3rym chcemy si\u0119 w najbli\u017cszym czasie intensywniej skoncentrowa\u0107\u201d, dodaje S\u00f6ren Filipczak.<\/p>\n<p>Aby by\u0107 w ci\u0105g\u0142ej gotowo\u015bci do realizowania zam\u00f3wie\u0144 naszych odbiorc\u00f3w przedsi\u0119biorstwo dysponuje dobrze rozbudowan\u0105, mi\u0119dzynarodow\u0105 sieci\u0105 \u0142\u0105cz\u0105c\u0105 dostawc\u00f3w i firmy handlowe. Po cz\u0119\u015bci produkty stalowe pochodz\u0105 z Europy Zachodniej i \u015arodkowej, a tak\u017ce z Wielkiej Brytanii. Firma kupuje r\u00f3wnie\u017c w Chinach, Indiach, Korei i Turcji. Oferta produkt\u00f3w obejmuje dwuteowniki szerokostopowe, k\u0105towniki, p\u0142askowniki, blach\u0119 uniwersaln\u0105 (szerokie p\u0142askowniki powy\u017cej 150mm), a tak\u017ce pr\u0119ty okr\u0105g\u0142e i kwadratowe oraz rury grubo\u015bcienne. Na stanach magazynowych znajduje si\u0119 \u015brednio ok. 30000 ton produkt\u00f3w stalowych.<\/p>\n<p>Odbiorcy pochodz\u0105 ze wszystkich sektor\u00f3w przemys\u0142owych. Poczynaj\u0105c od budowy maszyn poprzez przemys\u0142 energetyczny, budow\u0119 pojazd\u00f3w i konstrukcje stalowe, ko\u0144cz\u0105c na budowie elektrowni i przemy\u015ble energii wiatrowej- we wszystkich tych bran\u017cach nasze przedsi\u0119biorstwo posiadaj\u0105c kompetencje w zakresie specjalnych, nietypowych wymiar\u00f3w i gatunk\u00f3w znajduje swoje miejsce.<\/p>\n<h3>Szanse tak\u017ce w trudnym \u015brodowisku rynkowym<\/h3>\n<p>Bepro ju\u017c od ponad czterdziestu lat dzia\u0142a pr\u0119\u017cnie na mi\u0119dzynarodowym rynku handlu stal\u0105. Za\u0142o\u017cyciel firmy Peter Schorr z dum\u0105 wskazuje na fakt, \u017ce jeszcze nigdy w historii dzia\u0142alno\u015bci \u017caden rok obrachunkowy nie zosta\u0142 zamkni\u0119ty ze strat\u0105. Za\u0142o\u017cenia i cele firmy na kolejne lata, to sprzeda\u017c na poziomie 100\u00a0000 ton.<\/p>\n","protected":false},"excerpt":{"rendered":"<p>Nowy kierunek i dalszy rozw\u00f3j pe\u0142en pomys\u0142\u00f3w Eksport ma dla dystrybutora stali jakim jest firma Bepro tradycyjnie du\u017ce znaczenie &#8211; oko\u0142o dw\u00f3ch trzecich transakcji przedsi\u0119biorstwa to dostawy za granic\u0119, klienci pochodz\u0105 bowiem z ca\u0142ego \u015bwiata. Dalszy potencja\u0142 rozwojowy firma z pe\u0142nym asortymentem upatruje w Europie Wschodniej i poza Europ\u0105. Dostawy do wszystkich kraj\u00f3w Europy Bepro [&hellip;]<\/p>\n","protected":false},"author":1,"featured_media":143,"parent":0,"menu_order":7,"comment_status":"closed","ping_status":"closed","template":"","meta":{"_acf_changed":false,"footnotes":"","_wp_rev_ctl_limit":""},"class_list":["post-382","page","type-page","status-publish","has-post-thumbnail","hentry"],"acf":[],"_links":{"self":[{"href":"https:\/\/bepro.de\/pl\/wp-json\/wp\/v2\/pages\/382"}],"collection":[{"href":"https:\/\/bepro.de\/pl\/wp-json\/wp\/v2\/pages"}],"about":[{"href":"https:\/\/bepro.de\/pl\/wp-json\/wp\/v2\/types\/page"}],"author":[{"embeddable":true,"href":"https:\/\/bepro.de\/pl\/wp-json\/wp\/v2\/users\/1"}],"replies":[{"embeddable":true,"href":"https:\/\/bepro.de\/pl\/wp-json\/wp\/v2\/comments?post=382"}],"version-history":[{"count":1,"href":"https:\/\/bepro.de\/pl\/wp-json\/wp\/v2\/pages\/382\/revisions"}],"predecessor-version":[{"id":4722,"href":"https:\/\/bepro.de\/pl\/wp-json\/wp\/v2\/pages\/382\/revisions\/4722"}],"wp:featuredmedia":[{"embeddable":true,"href":"https:\/\/bepro.de\/pl\/wp-json\/wp\/v2\/media\/143"}],"wp:attachment":[{"href":"https:\/\/bepro.de\/pl\/wp-json\/wp\/v2\/media?parent=382"}],"curies":[{"name":"wp","href":"https:\/\/api.w.org\/{rel}","templated":true}]}}