{"id":379,"date":"2011-12-07T16:24:51","date_gmt":"2011-12-07T14:24:51","guid":{"rendered":"http:\/\/bepro.de\/?page_id=379"},"modified":"2020-10-23T10:12:36","modified_gmt":"2020-10-23T09:12:36","slug":"katowniki-s355-j2","status":"publish","type":"page","link":"https:\/\/bepro.de\/pl\/stal\/katowniki-s355-j2\/","title":{"rendered":"K\u0105towniki"},"content":{"rendered":"<p><script type=\"application\/ld+json\">\n{\n\"@context\": \"http:\/\/schema.org\",\n\"@type\": \"BreadcrumbList\",\n\"itemListElement\": [{\n\"@type\": \"ListItem\",\n\"position\": 1,\n\"item\": {\n\"@id\": \"https:\/\/bepro.de\/pl\/stal\/\",\n\"name\": \"Stal\"\n}\n},{\n\"@type\": \"ListItem\",\n\"position\": 2,\n\"item\": {\n\"@id\": \"https:\/\/bepro.de\/pl\/stal\/katowniki-s355-j2\/\/\",\n\"name\": \"K\u0105towniki\"\n}\n}]\n}\n<\/script><\/p>\n<h2>K\u0105towniki<\/h2>\n<h2><img decoding=\"async\" src=\"https:\/\/bepro.de\/wp-content\/uploads\/749561-4.jpg\" alt=\"Dostawca stali katowniki S355 S355J2\"\/><\/h2>\n<p>K\u0105towniki gor\u0105cowalcowane, r\u00f3wno i nier\u00f3wnoramienne sk\u0142adujemy w gatunku S355J2+AR\/+M\/<strong>+N<\/strong>. Staramy si\u0119 dopasowa\u0107 do indywidualnych potrzeb klienta, dlatego te\u017c posiadamy w naszej ofercie wszystkie wymiary; r\u00f3wnie\u017c te nietypowe.<\/p>\n<p>Pytajcie nas Pa\u0144stwo r\u00f3wnie\u017c o k\u0105towniki w gatunku S235JR.<\/p>\n<ul>\n<li>R\u00f3wnoramienne 20 x 20 x 3 mm &#8211; 300 x 300 x 38 mm<\/li>\n<li>Nier\u00f3wnoramienne 30 x 20 x 3 mm to 250 x 90 x 16 mm<\/li>\n<\/ul>\n<p>Zwr\u00f3\u0107cie Pa\u0144stwo uwag\u0119 na nasz program teownik\u00f3w \u2013 zak\u0142adka kszta\u0142towniki.<\/p>\n<p>Wszystkie produkty dostarczamy z certyfikatami jako\u015bci (EN 10204).<\/p>\n<p>&nbsp;<\/p>\n","protected":false},"excerpt":{"rendered":"<p>K\u0105towniki K\u0105towniki gor\u0105cowalcowane, r\u00f3wno i nier\u00f3wnoramienne sk\u0142adujemy w gatunku S355J2+AR\/+M\/+N. Staramy si\u0119 dopasowa\u0107 do indywidualnych potrzeb klienta, dlatego te\u017c posiadamy w naszej ofercie wszystkie wymiary; r\u00f3wnie\u017c te nietypowe. Pytajcie nas Pa\u0144stwo r\u00f3wnie\u017c o k\u0105towniki w gatunku S235JR. R\u00f3wnoramienne 20 x 20 x 3 mm &#8211; 300 x 300 x 38 mm Nier\u00f3wnoramienne 30 x 20 [&hellip;]<\/p>\n","protected":false},"author":1,"featured_media":163,"parent":360,"menu_order":4,"comment_status":"closed","ping_status":"closed","template":"","meta":{"_acf_changed":false,"footnotes":"","_wp_rev_ctl_limit":""},"class_list":["post-379","page","type-page","status-publish","has-post-thumbnail","hentry"],"acf":[],"_links":{"self":[{"href":"https:\/\/bepro.de\/pl\/wp-json\/wp\/v2\/pages\/379"}],"collection":[{"href":"https:\/\/bepro.de\/pl\/wp-json\/wp\/v2\/pages"}],"about":[{"href":"https:\/\/bepro.de\/pl\/wp-json\/wp\/v2\/types\/page"}],"author":[{"embeddable":true,"href":"https:\/\/bepro.de\/pl\/wp-json\/wp\/v2\/users\/1"}],"replies":[{"embeddable":true,"href":"https:\/\/bepro.de\/pl\/wp-json\/wp\/v2\/comments?post=379"}],"version-history":[{"count":0,"href":"https:\/\/bepro.de\/pl\/wp-json\/wp\/v2\/pages\/379\/revisions"}],"up":[{"embeddable":true,"href":"https:\/\/bepro.de\/pl\/wp-json\/wp\/v2\/pages\/360"}],"wp:featuredmedia":[{"embeddable":true,"href":"https:\/\/bepro.de\/pl\/wp-json\/wp\/v2\/media\/163"}],"wp:attachment":[{"href":"https:\/\/bepro.de\/pl\/wp-json\/wp\/v2\/media?parent=379"}],"curies":[{"name":"wp","href":"https:\/\/api.w.org\/{rel}","templated":true}]}}