{"id":377,"date":"2011-12-07T16:23:33","date_gmt":"2011-12-07T14:23:33","guid":{"rendered":"http:\/\/bepro.de\/?page_id=377"},"modified":"2020-10-23T10:13:20","modified_gmt":"2020-10-23T09:13:20","slug":"prety-kwadratowe-s355-j2","status":"publish","type":"page","link":"https:\/\/bepro.de\/pl\/stal\/prety-kwadratowe-s355-j2\/","title":{"rendered":"Pr\u0119ty kwadratowe"},"content":{"rendered":"<p><script type=\"application\/ld+json\">\n{\n\"@context\": \"http:\/\/schema.org\",\n\"@type\": \"BreadcrumbList\",\n\"itemListElement\": [{\n\"@type\": \"ListItem\",\n\"position\": 1,\n\"item\": {\n\"@id\": \"https:\/\/bepro.de\/pl\/stal\/\",\n\"name\": \"Stal\"\n}\n},{\n\"@type\": \"ListItem\",\n\"position\": 2,\n\"item\": {\n\"@id\": \"https:\/\/bepro.de\/pl\/stal\/prety-kwadratowe-s355-j2\/\/\",\n\"name\": \"Pr\u0119ty kwadratowe\"\n}\n}]\n}\n<\/script><\/p>\n<h2>Pr\u0119ty kwadratowe<\/h2>\n<h2><img decoding=\"async\" src=\"https:\/\/bepro.de\/wp-content\/uploads\/billets-eu-material-001.jpg\" alt=\"Dostawca stali prety kwadratowe S355 S355J2\"\/><\/h2>\n<p>Pr\u0119ty kwadratowe z naszego sk\u0142adu oferujemy w gatunkach S355J2+AR\/+M\/<strong>+N<\/strong> w zakresie 8mm \u2013 300mm.<\/p>\n<p>Typowa d\u0142ugo\u015b\u0107 przy kwadratach to 6m. U nas znajdziecie Pa\u0144stwo r\u00f3wnie\u017c dlugo\u015bci niestandardowe &#8211; do <strong>12m<\/strong>. Przy wy\u017cszych wymiarach oferujemy us\u0142ugi ci\u0119cia na d\u0142ugo\u015bci \u015bcis\u0142e zgodnie z \u017cyczeniem klienta.<\/p>\n<p>Kwadraty dostarczamy w wersji walcowanej i kutej.<\/p>\n<p>Wszystkie pr\u0119ty kwadratowe posiadaj\u0105 certyfikaty jako\u015bci (EN 10204).<\/p>\n<table>\n<tbody>\n<tr>\n<th>Kwadraty<\/th>\n<th>+AR<\/th>\n<th>+M<\/th>\n<th>+N<\/th>\n<th>walcowanej<\/th>\n<th>kutej<\/th>\n<\/tr>\n<\/tbody>\n<tbody>\n<tr>\n<td><center>8 mm<\/center><\/td>\n<td><center>x<\/center><\/td>\n<td><\/td>\n<td><\/td>\n<td><center>x<\/center><\/td>\n<td><\/td>\n<\/tr>\n<tr>\n<td><center>10 mm<\/center><\/td>\n<td><center>x<\/center><\/td>\n<td><\/td>\n<td><\/td>\n<td><center>x<\/center><\/td>\n<td><\/td>\n<\/tr>\n<tr>\n<td><center>12 mm<\/center><\/td>\n<td><center>x<\/center><\/td>\n<td><\/td>\n<td><\/td>\n<td><center>x<\/center><\/td>\n<td><\/td>\n<\/tr>\n<tr>\n<td><center>14 mm<\/center><\/td>\n<td><center>x<\/center><\/td>\n<td><\/td>\n<td><\/td>\n<td><center>x<\/center><\/td>\n<td><\/td>\n<\/tr>\n<tr>\n<td><center>15 mm<\/center><\/td>\n<td><center>x<\/center><\/td>\n<td><\/td>\n<td><\/td>\n<td><center>x<\/center><\/td>\n<td><\/td>\n<\/tr>\n<tr>\n<td><center>16 mm<\/center><\/td>\n<td><center>x<\/center><\/td>\n<td><\/td>\n<td><\/td>\n<td><center>x<\/center><\/td>\n<td><\/td>\n<\/tr>\n<tr>\n<td><center>18 mm<\/center><\/td>\n<td><center>x<\/center><\/td>\n<td><\/td>\n<td><\/td>\n<td><center>x<\/center><\/td>\n<td><\/td>\n<\/tr>\n<tr>\n<td><center>20 mm<\/center><\/td>\n<td><center>x<\/center><\/td>\n<td><\/td>\n<td><\/td>\n<td><center>x<\/center><\/td>\n<td><\/td>\n<\/tr>\n<tr>\n<td><center>22 mm<\/center><\/td>\n<td><center>x<\/center><\/td>\n<td><\/td>\n<td><\/td>\n<td><center>x<\/center><\/td>\n<td><\/td>\n<\/tr>\n<tr>\n<td><center>25 mm<\/center><\/td>\n<td><center>x<\/center><\/td>\n<td><\/td>\n<td><\/td>\n<td><center>x<\/center><\/td>\n<td><\/td>\n<\/tr>\n<tr>\n<td><center>28 mm<\/center><\/td>\n<td><center>x<\/center><\/td>\n<td><\/td>\n<td><\/td>\n<td><center>x<\/center><\/td>\n<td><\/td>\n<\/tr>\n<tr>\n<td><center>30 mm<\/center><\/td>\n<td><center>x<\/center><\/td>\n<td><\/td>\n<td><\/td>\n<td><center>x<\/center><\/td>\n<td><\/td>\n<\/tr>\n<tr>\n<td><center>32 mm<\/center><\/td>\n<td><center>x<\/center><\/td>\n<td><\/td>\n<td><\/td>\n<td><center>x<\/center><\/td>\n<td><\/td>\n<\/tr>\n<tr>\n<td><center>35 mm<\/center><\/td>\n<td><center>x<\/center><\/td>\n<td><\/td>\n<td><\/td>\n<td><center>x<\/center><\/td>\n<td><\/td>\n<\/tr>\n<tr>\n<td><center>40 mm<\/center><\/td>\n<td><center>x<\/center><\/td>\n<td><\/td>\n<td><\/td>\n<td><center>x<\/center><\/td>\n<td><\/td>\n<\/tr>\n<tr>\n<td><center>45 mm<\/center><\/td>\n<td><center>x<\/center><\/td>\n<td><\/td>\n<td><\/td>\n<td><center>x<\/center><\/td>\n<td><\/td>\n<\/tr>\n<tr>\n<td><center>48 mm<\/center><\/td>\n<td><center>x<\/center><\/td>\n<td><\/td>\n<td><\/td>\n<td><center>x<\/center><\/td>\n<td><\/td>\n<\/tr>\n<tr>\n<td><center>50 mm<\/center><\/td>\n<td><center>x<\/center><\/td>\n<td><\/td>\n<td><center>x<\/center><\/td>\n<td><center>x<\/center><\/td>\n<td><\/td>\n<\/tr>\n<tr>\n<td><center>52 mm<\/center><\/td>\n<td><center>x<\/center><\/td>\n<td><\/td>\n<td><\/td>\n<td><center>x<\/center><\/td>\n<td><\/td>\n<\/tr>\n<tr>\n<td><center>55 mm<\/center><\/td>\n<td><center>x<\/center><\/td>\n<td><\/td>\n<td><\/td>\n<td><center>x<\/center><\/td>\n<td><\/td>\n<\/tr>\n<tr>\n<td><center>60 mm<\/center><\/td>\n<td><center>x<\/center><\/td>\n<td><\/td>\n<td><center>x<\/center><\/td>\n<td><center>x<\/center><\/td>\n<td><\/td>\n<\/tr>\n<tr>\n<td><center>65 mm<\/center><\/td>\n<td><center>x<\/center><\/td>\n<td><\/td>\n<td><\/td>\n<td><center>x<\/center><\/td>\n<td><\/td>\n<\/tr>\n<tr>\n<td><center>70 mm<\/center><\/td>\n<td><center>x<\/center><\/td>\n<td><\/td>\n<td><center>x<\/center><\/td>\n<td><center>x<\/center><\/td>\n<td><\/td>\n<\/tr>\n<tr>\n<td><center>75 mm<\/center><\/td>\n<td><center>x<\/center><\/td>\n<td><\/td>\n<td><\/td>\n<td><center>x<\/center><\/td>\n<td><\/td>\n<\/tr>\n<tr>\n<td><center>80 mm<\/center><\/td>\n<td><center>x<\/center><\/td>\n<td><\/td>\n<td><center>x<\/center><\/td>\n<td><center>x<\/center><\/td>\n<td><\/td>\n<\/tr>\n<tr>\n<td><center>85 mm<\/center><\/td>\n<td><center>x<\/center><\/td>\n<td><\/td>\n<td><\/td>\n<td><center>x<\/center><\/td>\n<td><\/td>\n<\/tr>\n<tr>\n<td><center>90 mm<\/center><\/td>\n<td><center>x<\/center><\/td>\n<td><\/td>\n<td><center>x<\/center><\/td>\n<td><center>x<\/center><\/td>\n<td><\/td>\n<\/tr>\n<tr>\n<td><center>95 mm<\/center><\/td>\n<td><center>x<\/center><\/td>\n<td><\/td>\n<td><\/td>\n<td><center>x<\/center><\/td>\n<td><\/td>\n<\/tr>\n<tr>\n<td><center>100 mm<\/center><\/td>\n<td><center>x<\/center><\/td>\n<td><\/td>\n<td><center>x<\/center><\/td>\n<td><center>x<\/center><\/td>\n<td><\/td>\n<\/tr>\n<tr>\n<td><center>110 mm<\/center><\/td>\n<td><\/td>\n<td><center>x<\/center><\/td>\n<td><center>x<\/center><\/td>\n<td><center>x<\/center><\/td>\n<td><\/td>\n<\/tr>\n<tr>\n<td><center>120 mm<\/center><\/td>\n<td><\/td>\n<td><center>x<\/center><\/td>\n<td><center>x<\/center><\/td>\n<td><center>x<\/center><\/td>\n<td><\/td>\n<\/tr>\n<tr>\n<td><center>125 mm<\/center><\/td>\n<td><center>x<\/center><\/td>\n<td><\/td>\n<td><\/td>\n<td><center>x<\/center><\/td>\n<td><\/td>\n<\/tr>\n<tr>\n<td><center>130 mm<\/center><\/td>\n<td><\/td>\n<td><center>x<\/center><\/td>\n<td><center>x<\/center><\/td>\n<td><center>x<\/center><\/td>\n<td><\/td>\n<\/tr>\n<tr>\n<td><center>140 mm<\/center><\/td>\n<td><\/td>\n<td><center>x<\/center><\/td>\n<td><center>x<\/center><\/td>\n<td><center>x<\/center><\/td>\n<td><\/td>\n<\/tr>\n<tr>\n<td><center>150 mm<\/center><\/td>\n<td><\/td>\n<td><center>x<\/center><\/td>\n<td><center>x<\/center><\/td>\n<td><center>x<\/center><\/td>\n<td><\/td>\n<\/tr>\n<tr>\n<td><center>160 mm<\/center><\/td>\n<td><\/td>\n<td><center>x<\/center><\/td>\n<td><\/td>\n<td><center>x<\/center><\/td>\n<td><\/td>\n<\/tr>\n<tr>\n<td><center>170 mm<\/center><\/td>\n<td><\/td>\n<td><\/td>\n<td><center>x<\/center><\/td>\n<td><\/td>\n<td><center>x<\/center><\/td>\n<\/tr>\n<tr>\n<td><center>180 mm<\/center><\/td>\n<td><\/td>\n<td><\/td>\n<td><center>x<\/center><\/td>\n<td><\/td>\n<td><center>x<\/center><\/td>\n<\/tr>\n<tr>\n<td><center>190 mm<\/center><\/td>\n<td><\/td>\n<td><\/td>\n<td><center>x<\/center><\/td>\n<td><\/td>\n<td><center>x<\/center><\/td>\n<\/tr>\n<tr>\n<td><center>200 mm<\/center><\/td>\n<td><\/td>\n<td><\/td>\n<td><center>x<\/center><\/td>\n<td><\/td>\n<td><center>x<\/center><\/td>\n<\/tr>\n<tr>\n<td><center>210 mm<\/center><\/td>\n<td><\/td>\n<td><\/td>\n<td><center>x<\/center><\/td>\n<td><\/td>\n<td><center>x<\/center><\/td>\n<\/tr>\n<tr>\n<td><center>220 mm<\/center><\/td>\n<td><\/td>\n<td><\/td>\n<td><center>x<\/center><\/td>\n<td><\/td>\n<td><center>x<\/center><\/td>\n<\/tr>\n<tr>\n<td><center>230 mm<\/center><\/td>\n<td><center>x<\/center><\/td>\n<td><\/td>\n<td><center>x<\/center><\/td>\n<td><\/td>\n<td><center>x<\/center><\/td>\n<\/tr>\n<tr>\n<td><center>240 mm<\/center><\/td>\n<td><center>x<\/center><\/td>\n<td><\/td>\n<td><center>x<\/center><\/td>\n<td><\/td>\n<td><center>x<\/center><\/td>\n<\/tr>\n<tr>\n<td><center>250 mm<\/center><\/td>\n<td><\/td>\n<td><\/td>\n<td><center>x<\/center><\/td>\n<td><\/td>\n<td><center>x<\/center><\/td>\n<\/tr>\n<tr>\n<td><center>260 mm<\/center><\/td>\n<td><\/td>\n<td><\/td>\n<td><center>x<\/center><\/td>\n<td><\/td>\n<td><center>x<\/center><\/td>\n<\/tr>\n<tr>\n<td><center>280 mm<\/center><\/td>\n<td><center>x<\/center><\/td>\n<td><\/td>\n<td><center>x<\/center><\/td>\n<td><\/td>\n<td><center>x<\/center><\/td>\n<\/tr>\n<tr>\n<td><center>300 mm<\/center><\/td>\n<td><\/td>\n<td><\/td>\n<td><center>x<\/center><\/td>\n<td><\/td>\n<td><center>x<\/center><\/td>\n<\/tr>\n<\/tbody>\n<\/table>\n","protected":false},"excerpt":{"rendered":"<p>Pr\u0119ty kwadratowe Pr\u0119ty kwadratowe z naszego sk\u0142adu oferujemy w gatunkach S355J2+AR\/+M\/+N w zakresie 8mm \u2013 300mm. Typowa d\u0142ugo\u015b\u0107 przy kwadratach to 6m. U nas znajdziecie Pa\u0144stwo r\u00f3wnie\u017c dlugo\u015bci niestandardowe &#8211; do 12m. Przy wy\u017cszych wymiarach oferujemy us\u0142ugi ci\u0119cia na d\u0142ugo\u015bci \u015bcis\u0142e zgodnie z \u017cyczeniem klienta. Kwadraty dostarczamy w wersji walcowanej i kutej. Wszystkie pr\u0119ty kwadratowe [&hellip;]<\/p>\n","protected":false},"author":1,"featured_media":175,"parent":360,"menu_order":4,"comment_status":"closed","ping_status":"closed","template":"","meta":{"_acf_changed":false,"footnotes":"","_wp_rev_ctl_limit":""},"class_list":["post-377","page","type-page","status-publish","has-post-thumbnail","hentry"],"acf":[],"_links":{"self":[{"href":"https:\/\/bepro.de\/pl\/wp-json\/wp\/v2\/pages\/377"}],"collection":[{"href":"https:\/\/bepro.de\/pl\/wp-json\/wp\/v2\/pages"}],"about":[{"href":"https:\/\/bepro.de\/pl\/wp-json\/wp\/v2\/types\/page"}],"author":[{"embeddable":true,"href":"https:\/\/bepro.de\/pl\/wp-json\/wp\/v2\/users\/1"}],"replies":[{"embeddable":true,"href":"https:\/\/bepro.de\/pl\/wp-json\/wp\/v2\/comments?post=377"}],"version-history":[{"count":0,"href":"https:\/\/bepro.de\/pl\/wp-json\/wp\/v2\/pages\/377\/revisions"}],"up":[{"embeddable":true,"href":"https:\/\/bepro.de\/pl\/wp-json\/wp\/v2\/pages\/360"}],"wp:featuredmedia":[{"embeddable":true,"href":"https:\/\/bepro.de\/pl\/wp-json\/wp\/v2\/media\/175"}],"wp:attachment":[{"href":"https:\/\/bepro.de\/pl\/wp-json\/wp\/v2\/media?parent=377"}],"curies":[{"name":"wp","href":"https:\/\/api.w.org\/{rel}","templated":true}]}}