{"id":375,"date":"2011-12-07T16:21:45","date_gmt":"2011-12-07T14:21:45","guid":{"rendered":"http:\/\/bepro.de\/?page_id=375"},"modified":"2020-02-28T13:07:35","modified_gmt":"2020-02-28T12:07:35","slug":"serwis","status":"publish","type":"page","link":"https:\/\/bepro.de\/pl\/stal\/serwis\/","title":{"rendered":"Serwis"},"content":{"rendered":"<h2>Serwis<\/h2>\n<p>BEPRO-STAHL, firma za\u0142o\u017cona w roku 1969 w ci\u0105gu swojej 50 letniej dzia\u0142alno\u015bci sta\u0142a si\u0119 przedsi\u0119biorstwem, kt\u00f3re oferuje dzi\u015b swoim klientom interesuj\u0105cy program dostaw oraz profesjonalny serwis. Z 30 tysi\u0105cami ton zasob\u00f3w magazynowych, gdzie dominuj\u0105 przede wszystkim nietypowe wymiary w nietypowych gatunkach, firma zyska\u0142a miano specjalisty od specjalno\u015bci.<\/p>\n<h3>Atuty BEPRO-STAHL to:<\/h3>\n<ul>\n<li>Elastyczno\u015b\u0107<\/li>\n<li>Organizacja i \u015brodki<\/li>\n<li>Do\u015bwiadczenie i mo\u017cliwo\u015bci<\/li>\n<\/ul>\n<p>Nasze produkty dostarczamy do odbiorc\u00f3w z ca\u0142ego \u015bwiata a:<\/p>\n<ul>\n<li>kr\u00f3tkoterminowa dostawa<\/li>\n<li>przestrzeganie surowych przepis\u00f3w wysy\u0142kowych<\/li>\n<li>skomplikowana logistyka<\/li>\n<li>dokumentacja<\/li>\n<li>odbiory zewn\u0119trzne LRS lub innych towarzystw<\/li>\n<li>skrupulatne dotrzymywanie termin\u00f3w dostaw<\/li>\n<\/ul>\n<p>nie stanowi\u0105 dla nas \u017cadnego problemu.Zdobyte w ci\u0105gu 50 lat umiej\u0119tno\u015bci pozwalaj\u0105 dzi\u015b firmie BEPRO-STAHL spe\u0142nia\u0107 \u017cyczenia nawet najbardziej wymagaj\u0105cych klient\u00f3w. Obs\u0142uga przebiega kompetentnie i kompleksowo, niezale\u017cnie od wielko\u015bci zam\u00f3wienia. Odleg\u0142o\u015b\u0107 i po\u0142o\u017cenie geograficzne nie maj\u0105 \u017cadnego wp\u0142ywu na skuteczn\u0105 realizacj\u0119 dostaw.<\/p>\n<p>Materia\u0142 fachowo przez nas zapakowany i oznaczony dostarczamy terminowo i z pe\u0142n\u0105 dokumentacj\u0105 do Duisburga, Bremen, Hamburga, Antwerpii i Rotterdamu na bazie FOB.<\/p>\n<p>Na wszystkie dostarczone przez nas materia\u0142y otrzymacie Pa\u0144stwo certyfikaty jako\u015bci (EN 10204 \/ DIN 50049).<\/p>\n<p>Oferujemy r\u00f3wnie\u017c odbiory zewn\u0119trzne przez niezale\u017cne towarzystwa np. GL, LRS lub inne, jak r\u00f3wnie\u017c dodatkowe badania przeprowadzane przez niezale\u017cnych komisarzy:<\/p>\n<ul>\n<li>odbiory 3.2<\/li>\n<li>pr\u00f3by na rozci\u0105ganie<\/li>\n<li>pr\u00f3by twardo\u015bci<\/li>\n<li>udarno\u015b\u0107<\/li>\n<li>pr\u00f3by Z<\/li>\n<li>badania metalograficzne<\/li>\n<li>pr\u00f3by spawalno\u015bci przez zginanie pr\u00f3bki napawanej<\/li>\n<li>badania powierzchni<\/li>\n<li>badania poszczeg\u00f3lnych sztuk z magazynu<\/li>\n<li>inne badania<\/li>\n<\/ul>\n<p><img decoding=\"async\" src=\"https:\/\/bepro.de\/wp-content\/uploads\/us-pruefung-scaled.jpg\" \/><\/p>\n","protected":false},"excerpt":{"rendered":"<p>Serwis BEPRO-STAHL, firma za\u0142o\u017cona w roku 1969 w ci\u0105gu swojej 50 letniej dzia\u0142alno\u015bci sta\u0142a si\u0119 przedsi\u0119biorstwem, kt\u00f3re oferuje dzi\u015b swoim klientom interesuj\u0105cy program dostaw oraz profesjonalny serwis. Z 30 tysi\u0105cami ton zasob\u00f3w magazynowych, gdzie dominuj\u0105 przede wszystkim nietypowe wymiary w nietypowych gatunkach, firma zyska\u0142a miano specjalisty od specjalno\u015bci. Atuty BEPRO-STAHL to: Elastyczno\u015b\u0107 Organizacja i \u015brodki [&hellip;]<\/p>\n","protected":false},"author":1,"featured_media":1654,"parent":360,"menu_order":9,"comment_status":"closed","ping_status":"closed","template":"","meta":{"_acf_changed":false,"footnotes":"","_wp_rev_ctl_limit":""},"class_list":["post-375","page","type-page","status-publish","has-post-thumbnail","hentry"],"acf":[],"_links":{"self":[{"href":"https:\/\/bepro.de\/pl\/wp-json\/wp\/v2\/pages\/375"}],"collection":[{"href":"https:\/\/bepro.de\/pl\/wp-json\/wp\/v2\/pages"}],"about":[{"href":"https:\/\/bepro.de\/pl\/wp-json\/wp\/v2\/types\/page"}],"author":[{"embeddable":true,"href":"https:\/\/bepro.de\/pl\/wp-json\/wp\/v2\/users\/1"}],"replies":[{"embeddable":true,"href":"https:\/\/bepro.de\/pl\/wp-json\/wp\/v2\/comments?post=375"}],"version-history":[{"count":0,"href":"https:\/\/bepro.de\/pl\/wp-json\/wp\/v2\/pages\/375\/revisions"}],"up":[{"embeddable":true,"href":"https:\/\/bepro.de\/pl\/wp-json\/wp\/v2\/pages\/360"}],"wp:featuredmedia":[{"embeddable":true,"href":"https:\/\/bepro.de\/pl\/wp-json\/wp\/v2\/media\/1654"}],"wp:attachment":[{"href":"https:\/\/bepro.de\/pl\/wp-json\/wp\/v2\/media?parent=375"}],"curies":[{"name":"wp","href":"https:\/\/api.w.org\/{rel}","templated":true}]}}