{"id":372,"date":"2011-12-07T16:20:10","date_gmt":"2011-12-07T14:20:10","guid":{"rendered":"http:\/\/bepro.de\/?page_id=372"},"modified":"2020-10-23T10:12:14","modified_gmt":"2020-10-23T09:12:14","slug":"prety-okragle-s355-j2","status":"publish","type":"page","link":"https:\/\/bepro.de\/pl\/stal\/prety-okragle-s355-j2\/","title":{"rendered":"Pr\u0119ty okr\u0105g\u0142e"},"content":{"rendered":"<p><script type=\"application\/ld+json\">\n{\n\"@context\": \"http:\/\/schema.org\",\n\"@type\": \"BreadcrumbList\",\n\"itemListElement\": [{\n\"@type\": \"ListItem\",\n\"position\": 1,\n\"item\": {\n\"@id\": \"https:\/\/bepro.de\/pl\/stal\/\",\n\"name\": \"Stal\"\n}\n},{\n\"@type\": \"ListItem\",\n\"position\": 2,\n\"item\": {\n\"@id\": \"https:\/\/bepro.de\/pl\/stal\/prety-okragle-s355-j2\/\/\",\n\"name\": \"Pr\u0119ty okr\u0105g\u0142e\"\n}\n}]\n}\n<\/script><\/p>\n<h2>Pr\u0119ty okr\u0105g\u0142e<\/h2>\n<h2><img decoding=\"async\" src=\"https:\/\/bepro.de\/wp-content\/uploads\/j.c.-aciers_8584-008-scaled-2.jpg\" alt=\"Dostawca stali prety okragle S355 S355J2\"\/><\/h2>\n<p>Pr\u0119ty okr\u0105g\u0142e sk\u0142adowane s\u0105 w gatunkach S355J2+AR\/+M\/<strong>+N<\/strong>.<br \/>\n\u015arednice: od 8 mm do 600 mm.<\/p>\n<p>Typowa d\u0142ugo\u015b\u0107 przy pr\u0119tach okr\u0105g\u0142ych to 6m. U nas znajdziecie Pa\u0144stwo r\u00f3wnie\u017c dlugo\u015bci niestandardowe &#8211; do <strong>12m<\/strong>. Od \u015brednicy 200 mm oferujemy us\u0142ugi ci\u0119cia na d\u0142ugo\u015bci \u015bcis\u0142e zgodnie z \u017cyczeniem klienta.<br \/>\nPr\u0119ty okr\u0105g\u0142e dostarczamy w wersji walcowanej, kutej oraz \u0142uszczonej.<br \/>\nWszystkie pr\u0119ty posiadaj\u0105 certyfikaty jako\u015bci (EN 10204).<\/p>\n<p>&nbsp;<\/p>\n<p><span style=\"color: #ffffff;\">6|8|10|12|14|16|18|19|20|22|24|25|27|28|30|32|33|34|35|36|37|38|40|45|48|50|55|57|58|60|63|65|68|70|75|80|85|90|95|100|105|110|115|120|125|130|140|145|150|155|160|170|180|190|200|210|220|230|240|250|260|270|300|600|650|700<\/span><\/p>\n","protected":false},"excerpt":{"rendered":"<p>Pr\u0119ty okr\u0105g\u0142e Pr\u0119ty okr\u0105g\u0142e sk\u0142adowane s\u0105 w gatunkach S355J2+AR\/+M\/+N. \u015arednice: od 8 mm do 600 mm. Typowa d\u0142ugo\u015b\u0107 przy pr\u0119tach okr\u0105g\u0142ych to 6m. U nas znajdziecie Pa\u0144stwo r\u00f3wnie\u017c dlugo\u015bci niestandardowe &#8211; do 12m. Od \u015brednicy 200 mm oferujemy us\u0142ugi ci\u0119cia na d\u0142ugo\u015bci \u015bcis\u0142e zgodnie z \u017cyczeniem klienta. Pr\u0119ty okr\u0105g\u0142e dostarczamy w wersji walcowanej, kutej oraz [&hellip;]<\/p>\n","protected":false},"author":1,"featured_media":1624,"parent":360,"menu_order":3,"comment_status":"closed","ping_status":"closed","template":"","meta":{"_acf_changed":false,"footnotes":"","_wp_rev_ctl_limit":""},"class_list":["post-372","page","type-page","status-publish","has-post-thumbnail","hentry"],"acf":[],"_links":{"self":[{"href":"https:\/\/bepro.de\/pl\/wp-json\/wp\/v2\/pages\/372"}],"collection":[{"href":"https:\/\/bepro.de\/pl\/wp-json\/wp\/v2\/pages"}],"about":[{"href":"https:\/\/bepro.de\/pl\/wp-json\/wp\/v2\/types\/page"}],"author":[{"embeddable":true,"href":"https:\/\/bepro.de\/pl\/wp-json\/wp\/v2\/users\/1"}],"replies":[{"embeddable":true,"href":"https:\/\/bepro.de\/pl\/wp-json\/wp\/v2\/comments?post=372"}],"version-history":[{"count":0,"href":"https:\/\/bepro.de\/pl\/wp-json\/wp\/v2\/pages\/372\/revisions"}],"up":[{"embeddable":true,"href":"https:\/\/bepro.de\/pl\/wp-json\/wp\/v2\/pages\/360"}],"wp:featuredmedia":[{"embeddable":true,"href":"https:\/\/bepro.de\/pl\/wp-json\/wp\/v2\/media\/1624"}],"wp:attachment":[{"href":"https:\/\/bepro.de\/pl\/wp-json\/wp\/v2\/media?parent=372"}],"curies":[{"name":"wp","href":"https:\/\/api.w.org\/{rel}","templated":true}]}}