{"id":366,"date":"2011-12-07T16:16:18","date_gmt":"2011-12-07T14:16:18","guid":{"rendered":"http:\/\/bepro.de\/?page_id=366"},"modified":"2020-10-23T10:13:00","modified_gmt":"2020-10-23T09:13:00","slug":"ksztaltowniki-s355-j2","status":"publish","type":"page","link":"https:\/\/bepro.de\/pl\/stal\/ksztaltowniki-s355-j2\/","title":{"rendered":"Kszta\u0142towniki S355J2+AR\/+M\/+N &#8211; S355MLO &#8211; S355G11+M &#8211; HEA \/ HEB \/ HEM \/ UNP \/ UPE \/ INP \/ IPE"},"content":{"rendered":"<p><script type=\"application\/ld+json\">\n{\n\"@context\": \"http:\/\/schema.org\",\n\"@type\": \"BreadcrumbList\",\n\"itemListElement\": [{\n\"@type\": \"ListItem\",\n\"position\": 1,\n\"item\": {\n\"@id\": \"https:\/\/bepro.de\/pl\/stal\/\",\n\"name\": \"Stal\"\n}\n},{\n\"@type\": \"ListItem\",\n\"position\": 2,\n\"item\": {\n\"@id\": \"https:\/\/bepro.de\/pl\/stal\/ksztaltowniki-s355-j2\/\/\",\n\"name\": \"Kszta\u0142towniki\"\n}\n}]\n}\n<\/script><\/p>\n<h2>Kszta\u0142towniki<\/h2>\n<p><img decoding=\"async\" src=\"https:\/\/bepro.de\/wp-content\/uploads\/profile_s355-1-scaled-e1581603202747.jpg\" alt=\"Dostawca stali ksztaltowniki S355 S355J2\"\/><\/p>\n<p>Ceowniki i dwuteowniki sk\u0142adujemy w gatunkach S355J2+AR\/+M\/<strong>+N<\/strong> i 16MO3. Jednak na gatunek S235JR r\u00f3wnie\u017c jeste\u015bmy w stanie z\u0142o\u017cy\u0107 korzystn\u0105 dla Pa\u0144stwa ofert\u0119.<\/p>\n<h5>+ Offshore <strong>S355MLO <\/strong>(1.8806 ) (EN 10225-2:2019) stary: S355G11+M (EN 10225:2009)<\/h5>\n<p>&nbsp;<\/p>\n<h3><strong>Ze sk\u0142adu oferujemy przede wszystkim:<\/strong><\/h3>\n<ul>\n<li>UNP 80 \u2013 400 mm<\/li>\n<li>UPE 80 \u2013 400 mm<\/li>\n<li>INP 80 \u2013 600 mm<\/li>\n<li>IPE 80 \u2013 750 mm<\/li>\n<li>HEA 100 \u2013 1000 mm<\/li>\n<li>HEB 100 \u2013 1000 mm<\/li>\n<li>HEM 100 \u2013 1000 mm<\/li>\n<\/ul>\n<p>D\u0142ugo\u015bci standardowe 12,1m \/ 13,1m \/ 14,1m \/ 15,1m \/ 16,1m \/ 18,1m \/ 20,1m.<\/p>\n<p>Do kszta\u0142townik\u00f3w w gatunku S355 J2 do\u0142\u0105czamy atesty hutnicze wg EN 10204. Do kszta\u0142townik\u00f3w w gatunku S235JR otrzymacie Pa\u0144stwo przynajmniej atest 2.2.<\/p>\n<h3><strong>Teowniki i ma\u0142e ceowniki<\/strong><\/h3>\n<p>Teowniki i ma\u0142e ceowniki oferujemy w gatunku S355J2 w wymiarach przedstawionych w poni\u017cszej tabeli. Przy tych kszta\u0142townikach jeste\u015bmy w stanie zaoferowa\u0107 korzystnie r\u00f3wnie\u017c gatunek S235JR.<\/p>\n<table>\n<tbody>\n<tr>\n<td width=\"140\">T 20 \u00d7 20 \u00d7 3<\/td>\n<td width=\"140\">T 70 \u00d7 70 \u00d7 8<\/td>\n<td>U 30 \u00d7 15 \u00d7 4<\/td>\n<\/tr>\n<tr>\n<td>T 25 \u00d7 25 \u00d7 3,5<\/td>\n<td>T 80 \u00d7 80 \u00d7 9<\/td>\n<td>U 30 \u00d7 33 \u00d7 5<\/td>\n<\/tr>\n<tr>\n<td>T 30 \u00d7 30 \u00d7 4<\/td>\n<td>T 90 \u00d7 90 \u00d710<\/td>\n<td>U 40 \u00d7 20 \u00d7 5<\/td>\n<\/tr>\n<tr>\n<td>T 35 \u00d7 35 \u00d7 4,5<\/td>\n<td>T 100 \u00d7100 \u00d711<\/td>\n<td>U 40 \u00d7 35 \u00d7 5<\/td>\n<\/tr>\n<tr>\n<td>T 40 \u00d7 40 \u00d7 5<\/td>\n<td>T 120 \u00d7120 \u00d713<\/td>\n<td>U 50 \u00d7 25 \u00d7 5<\/td>\n<\/tr>\n<tr>\n<td>T 50 \u00d7 50 \u00d7 6<\/td>\n<td>T 140 \u00d7140 \u00d715<\/td>\n<td>U 50 \u00d7 38 \u00d7 5<\/td>\n<\/tr>\n<tr>\n<td>T 45 \u00d7 45 \u00d7 5,5<\/td>\n<td><\/td>\n<td>U 60 \u00d7 30 \u00d7 6<\/td>\n<\/tr>\n<tr>\n<td>T 60 \u00d7 60 \u00d7 7<\/td>\n<td><\/td>\n<td>U 65 \u00d7 42 \u00d7 5,5<\/td>\n<\/tr>\n<\/tbody>\n<\/table>\n<p>Teowniki i ma\u0142e ceowniki wyst\u0119puj\u0105 w d\u0142ugo\u015bciach 6 lub 12m.\u00a0Do wszystkich wymiar\u00f3w otrzymacie Pa\u0144stwo certyfikaty jako\u015bci.<\/p>\n<div class=\"crosslink\"><a href=\"handelsgewichte\">Przelicznik wag handlowych \u00bb<\/a><\/div>\n<p>&nbsp;<\/p>\n<p><span style=\"color: #ffffff;\">80 | 100 | 120 | 140 | 160 | 180 | 200 | 220 | 240 | 260 | 270 | 280 | 300 | 320 | 330 | 340 | 350 | 360 | 380 | 400 | 450 | 500 | 550 | 600 | 650 | 700 | 750 | 800 | 900 | 1000<\/span><\/p>\n","protected":false},"excerpt":{"rendered":"<p>Kszta\u0142towniki Ceowniki i dwuteowniki sk\u0142adujemy w gatunkach S355J2+AR\/+M\/+N i 16MO3. Jednak na gatunek S235JR r\u00f3wnie\u017c jeste\u015bmy w stanie z\u0142o\u017cy\u0107 korzystn\u0105 dla Pa\u0144stwa ofert\u0119. + Offshore S355MLO (1.8806 ) (EN 10225-2:2019) stary: S355G11+M (EN 10225:2009) &nbsp; Ze sk\u0142adu oferujemy przede wszystkim: UNP 80 \u2013 400 mm UPE 80 \u2013 400 mm INP 80 \u2013 600 mm [&hellip;]<\/p>\n","protected":false},"author":1,"featured_media":177,"parent":360,"menu_order":4,"comment_status":"closed","ping_status":"closed","template":"","meta":{"_acf_changed":false,"footnotes":"","_wp_rev_ctl_limit":""},"class_list":["post-366","page","type-page","status-publish","has-post-thumbnail","hentry"],"acf":[],"_links":{"self":[{"href":"https:\/\/bepro.de\/pl\/wp-json\/wp\/v2\/pages\/366"}],"collection":[{"href":"https:\/\/bepro.de\/pl\/wp-json\/wp\/v2\/pages"}],"about":[{"href":"https:\/\/bepro.de\/pl\/wp-json\/wp\/v2\/types\/page"}],"author":[{"embeddable":true,"href":"https:\/\/bepro.de\/pl\/wp-json\/wp\/v2\/users\/1"}],"replies":[{"embeddable":true,"href":"https:\/\/bepro.de\/pl\/wp-json\/wp\/v2\/comments?post=366"}],"version-history":[{"count":0,"href":"https:\/\/bepro.de\/pl\/wp-json\/wp\/v2\/pages\/366\/revisions"}],"up":[{"embeddable":true,"href":"https:\/\/bepro.de\/pl\/wp-json\/wp\/v2\/pages\/360"}],"wp:featuredmedia":[{"embeddable":true,"href":"https:\/\/bepro.de\/pl\/wp-json\/wp\/v2\/media\/177"}],"wp:attachment":[{"href":"https:\/\/bepro.de\/pl\/wp-json\/wp\/v2\/media?parent=366"}],"curies":[{"name":"wp","href":"https:\/\/api.w.org\/{rel}","templated":true}]}}