{"id":363,"date":"2011-12-07T16:14:02","date_gmt":"2011-12-07T14:14:02","guid":{"rendered":"http:\/\/bepro.de\/?page_id=363"},"modified":"2020-10-23T10:13:39","modified_gmt":"2020-10-23T09:13:39","slug":"plaskowniki-s355-j2","status":"publish","type":"page","link":"https:\/\/bepro.de\/pl\/stal\/plaskowniki-s355-j2\/","title":{"rendered":"P\u0142askowniki"},"content":{"rendered":"<p><script type=\"application\/ld+json\">\n{\n\"@context\": \"http:\/\/schema.org\",\n\"@type\": \"BreadcrumbList\",\n\"itemListElement\": [{\n\"@type\": \"ListItem\",\n\"position\": 1,\n\"item\": {\n\"@id\": \"https:\/\/bepro.de\/pl\/stal\/\",\n\"name\": \"Stal\"\n}\n},{\n\"@type\": \"ListItem\",\n\"position\": 2,\n\"item\": {\n\"@id\": \"https:\/\/bepro.de\/pl\/stal\/plaskowniki-s355-j2\/\/\",\n\"name\": \"P\u0142askowniki\"\n}\n}]\n}\n<\/script><\/p>\n<h2>P\u0142askowniki<\/h2>\n<h2><img decoding=\"async\" src=\"https:\/\/bepro.de\/wp-content\/uploads\/img_1233.jpg\" alt=\"Dostawca stali plaskowniki S355 S355J2\"\/><\/h2>\n<p>Bednark\u0119, p\u0142askowniki i blachy uniwersalne sk\u0142adujemy w gatunku S355J2+AR\/+M\/<strong>+N<\/strong>. Staramy si\u0119 dopasowa\u0107 do indywidualnych potrzeb klienta, dlatego te\u017c posiadamy w naszej ofercie wszystkie wymiary; r\u00f3wnie\u017c te nietypowe.<\/p>\n<p>Pytajcie nas Pa\u0144stwo r\u00f3wnie\u017c o bednark\u0119, p\u0142askowniki i blachy uniwersalne i w gatunku S235JR.<\/p>\n<h3>Zakres wymiar\u00f3w:<\/h3>\n<ul>\n<li>Grubo\u015bci: 3 \u2013 80 mm<\/li>\n<li>Szeroko\u015bci: 15 \u2013 500 mm<\/li>\n<li>D\u0142ugo\u015bci standardowe: 6000 mm<\/li>\n<\/ul>\n<p>Jednak wiele wymiar\u00f3w dostarczamy r\u00f3wnie\u017c w d\u0142ugo\u015bciach <strong>12m<\/strong>.<br \/>\nWszystkie produkty dostarczamy z certyfikatami jako\u015bci (EN 10204).<\/p>\n<p>&nbsp;<\/p>\n","protected":false},"excerpt":{"rendered":"<p>P\u0142askowniki Bednark\u0119, p\u0142askowniki i blachy uniwersalne sk\u0142adujemy w gatunku S355J2+AR\/+M\/+N. Staramy si\u0119 dopasowa\u0107 do indywidualnych potrzeb klienta, dlatego te\u017c posiadamy w naszej ofercie wszystkie wymiary; r\u00f3wnie\u017c te nietypowe. Pytajcie nas Pa\u0144stwo r\u00f3wnie\u017c o bednark\u0119, p\u0142askowniki i blachy uniwersalne i w gatunku S235JR. Zakres wymiar\u00f3w: Grubo\u015bci: 3 \u2013 80 mm Szeroko\u015bci: 15 \u2013 500 mm D\u0142ugo\u015bci [&hellip;]<\/p>\n","protected":false},"author":1,"featured_media":165,"parent":360,"menu_order":4,"comment_status":"closed","ping_status":"closed","template":"","meta":{"_acf_changed":false,"footnotes":"","_wp_rev_ctl_limit":""},"class_list":["post-363","page","type-page","status-publish","has-post-thumbnail","hentry"],"acf":[],"_links":{"self":[{"href":"https:\/\/bepro.de\/pl\/wp-json\/wp\/v2\/pages\/363"}],"collection":[{"href":"https:\/\/bepro.de\/pl\/wp-json\/wp\/v2\/pages"}],"about":[{"href":"https:\/\/bepro.de\/pl\/wp-json\/wp\/v2\/types\/page"}],"author":[{"embeddable":true,"href":"https:\/\/bepro.de\/pl\/wp-json\/wp\/v2\/users\/1"}],"replies":[{"embeddable":true,"href":"https:\/\/bepro.de\/pl\/wp-json\/wp\/v2\/comments?post=363"}],"version-history":[{"count":0,"href":"https:\/\/bepro.de\/pl\/wp-json\/wp\/v2\/pages\/363\/revisions"}],"up":[{"embeddable":true,"href":"https:\/\/bepro.de\/pl\/wp-json\/wp\/v2\/pages\/360"}],"wp:featuredmedia":[{"embeddable":true,"href":"https:\/\/bepro.de\/pl\/wp-json\/wp\/v2\/media\/165"}],"wp:attachment":[{"href":"https:\/\/bepro.de\/pl\/wp-json\/wp\/v2\/media?parent=363"}],"curies":[{"name":"wp","href":"https:\/\/api.w.org\/{rel}","templated":true}]}}