{"id":360,"date":"2011-12-07T16:12:13","date_gmt":"2011-12-07T14:12:13","guid":{"rendered":"http:\/\/bepro.de\/?page_id=360"},"modified":"2024-05-16T16:06:05","modified_gmt":"2024-05-16T15:06:05","slug":"stal","status":"publish","type":"page","link":"https:\/\/bepro.de\/pl\/stal\/","title":{"rendered":"Stal"},"content":{"rendered":"<p><script type=\"application\/ld+json\">\n{\n\"@context\": \"http:\/\/schema.org\",\n\"@type\": \"BreadcrumbList\",\n\"itemListElement\": [{\n\"@type\": \"ListItem\",\n\"position\": 1,\n\"item\": {\n\"@id\": \"https:\/\/bepro.de\/pl\/stal\/\/\",\n\"name\": \"Magazyn\"\n}\n}]\n}\n<\/script><\/p>\n<h2>Magazyn<\/h2>\n<p><img loading=\"lazy\" decoding=\"async\" class=\"alignnone size-large wp-image-1099\" src=\"https:\/\/bepro.de\/wp-content\/uploads\/bepro-ge-ac-580-580x326.jpg\" alt=\"Dostawca stali S355 S355J2\" width=\"580\" height=\"326\" srcset=\"https:\/\/bepro.de\/wp-content\/uploads\/bepro-ge-ac-580.jpg 580w, https:\/\/bepro.de\/wp-content\/uploads\/bepro-ge-ac-580-240x135.jpg 240w\" sizes=\"(max-width: 580px) 100vw, 580px\" \/><\/p>\n<ul>\n<li><strong>Powierzchnia og\u00f3\u0142em &#8211; 45.000 m\u00b2<\/strong><\/li>\n<li><strong>Powierzchnia hali \u2013 30.000 m\u00b2<\/strong><\/li>\n<li>Bocznica kolejowa<\/li>\n<li>Blisko\u015b\u0107 autostrady A2 i A42 (Gelsenkirchen-Schalke | Gelsenkirchen-Bismarck | Gelsenkirchen-Buer)<\/li>\n<li>Stan magazynowy: 30000 \u2013 35000 ton<\/li>\n<\/ul>\n<p><strong>Prowadzimy dobrze zaopatrzony magazyn.<\/strong>\u00a0<strong>U nas znajdziecie Pa\u0144stwo r\u00f3wnie\u017c nietypowe wymiary, d\u0142ugo\u015bci i gatunki.<\/strong>\u00a0<strong>Jeste\u015bmy \u201eSpecjalist\u0105 od specjalno\u015bci\u201d.<\/strong><\/p>\n<p>Dostarczamy r\u00f3wnie\u017c produkty kt\u00f3re nie nale\u017c\u0105 do naszych standardowych pozycji magazynowych.<\/p>\n<p>Pytajcie nas Pa\u0144stwo r\u00f3wnie\u017c o \u201ewynalazki\u201d, kt\u00f3rych nie mo\u017cecie nigdzie zdoby\u0107.<\/p>\n<p>Nasz program magazynowy znajdziecie Pa\u0144stwo na tej stronie a wersj\u0119 PDF <a href=\"\/wp-content\/uploads\/bepro-pl.pdf\">tutaj<\/a>.<\/p>\n<p><a href=\"https:\/\/bepro.de\/wp-content\/uploads\/bepro-pl-1.jpg\" target=\"_blank\" rel=\"noopener noreferrer\"><img decoding=\"async\" src=\"https:\/\/bepro.de\/wp-content\/uploads\/bepro-pl-1.jpg\" alt=\"Dostawca stali S355 S355J2\" \/><\/a><br \/>\n<a href=\"https:\/\/bepro.de\/wp-content\/uploads\/bepro-pl-2.jpg\" target=\"_blank\" rel=\"noopener noreferrer\"><img decoding=\"async\" src=\"https:\/\/bepro.de\/wp-content\/uploads\/bepro-pl-2.jpg\" alt=\"Dostawca stali S355 S355J2\" \/><\/a><br \/>\n<a href=\"https:\/\/bepro.de\/wp-content\/uploads\/Flyer_AluEdelstahl_E.jpg\" target=\"_blank\" rel=\"noopener noreferrer\"><img decoding=\"async\" src=\"https:\/\/bepro.de\/wp-content\/uploads\/Flyer_AluEdelstahl_E.jpg\" alt=\"Dostawca stali S355 S355J2\" \/><\/a><\/p>\n","protected":false},"excerpt":{"rendered":"<p>Magazyn Powierzchnia og\u00f3\u0142em &#8211; 45.000 m\u00b2 Powierzchnia hali \u2013 30.000 m\u00b2 Bocznica kolejowa Blisko\u015b\u0107 autostrady A2 i A42 (Gelsenkirchen-Schalke | Gelsenkirchen-Bismarck | Gelsenkirchen-Buer) Stan magazynowy: 30000 \u2013 35000 ton Prowadzimy dobrze zaopatrzony magazyn.\u00a0U nas znajdziecie Pa\u0144stwo r\u00f3wnie\u017c nietypowe wymiary, d\u0142ugo\u015bci i gatunki.\u00a0Jeste\u015bmy \u201eSpecjalist\u0105 od specjalno\u015bci\u201d. Dostarczamy r\u00f3wnie\u017c produkty kt\u00f3re nie nale\u017c\u0105 do naszych standardowych pozycji [&hellip;]<\/p>\n","protected":false},"author":1,"featured_media":14,"parent":0,"menu_order":3,"comment_status":"closed","ping_status":"closed","template":"","meta":{"_acf_changed":false,"footnotes":"","_wp_rev_ctl_limit":""},"class_list":["post-360","page","type-page","status-publish","has-post-thumbnail","hentry"],"acf":[],"_links":{"self":[{"href":"https:\/\/bepro.de\/pl\/wp-json\/wp\/v2\/pages\/360"}],"collection":[{"href":"https:\/\/bepro.de\/pl\/wp-json\/wp\/v2\/pages"}],"about":[{"href":"https:\/\/bepro.de\/pl\/wp-json\/wp\/v2\/types\/page"}],"author":[{"embeddable":true,"href":"https:\/\/bepro.de\/pl\/wp-json\/wp\/v2\/users\/1"}],"replies":[{"embeddable":true,"href":"https:\/\/bepro.de\/pl\/wp-json\/wp\/v2\/comments?post=360"}],"version-history":[{"count":1,"href":"https:\/\/bepro.de\/pl\/wp-json\/wp\/v2\/pages\/360\/revisions"}],"predecessor-version":[{"id":4731,"href":"https:\/\/bepro.de\/pl\/wp-json\/wp\/v2\/pages\/360\/revisions\/4731"}],"wp:featuredmedia":[{"embeddable":true,"href":"https:\/\/bepro.de\/pl\/wp-json\/wp\/v2\/media\/14"}],"wp:attachment":[{"href":"https:\/\/bepro.de\/pl\/wp-json\/wp\/v2\/media?parent=360"}],"curies":[{"name":"wp","href":"https:\/\/api.w.org\/{rel}","templated":true}]}}