{"id":286,"date":"2011-12-06T16:42:18","date_gmt":"2011-12-06T14:42:18","guid":{"rendered":"http:\/\/bepro.de\/?page_id=286"},"modified":"2024-04-25T14:55:12","modified_gmt":"2024-04-25T13:55:12","slug":"bepro","status":"publish","type":"page","link":"https:\/\/bepro.de\/pl\/","title":{"rendered":"Dystrybutor Stali BEPRO-STAHL Gelsenkirchen &#8211; Stal: S355J2+AR\/+M\/+N &#8211; 16Mo3 &#8211; S355MLO &#8211; S355G11+M"},"content":{"rendered":"<p><a class=\"morelink\" href=\"\/pl\/o-nas\/\">dowiedz si\u0119 wi\u0119cej\u00a0\u00bb<\/a><\/p>\n<h2>BEPRO STAL<\/h2>\n<p><strong>W handlu stal\u0105 czarn\u0105 i jako\u015bciow\u0105 jeste\u015bmy wiod\u0105c\u0105 firm\u0105 w centrum Europy.\u00a0<\/strong> Liczba naszych odbiorc\u00f3w z ca\u0142ej Europy ci\u0105gle ro\u015bnie, co sprawia, \u017ce ceni\u0105 sobie oni nasz\u0105 jako\u015b\u0107, wiarygodno\u015b\u0107, kompetencje oraz profesjonaln\u0105 obs\u0142ug\u0119 klienta, poniewa\u017c \u2026<\/p>\n<ul>\n<li>mamy bardzo interesuj\u0105cy program dostaw<\/li>\n<li>dostosowujemy si\u0119 do indywidualnych potrzeb klienta<\/li>\n<li>oferujemy przede wszystkim nietypowe wymiary oraz gatunki<\/li>\n<li>gwarantujemy w pe\u0142ni profesjonalny serwis<\/li>\n<li>zam\u00f3wienia realizujemy kompetentnie i terminowo<\/li>\n<\/ul>\n<p>Przetestuj nas! Nasz program dostaw jest ci\u0105gle poszerzany.<\/p>\n<p>BEPRO-STAHL,\u00a0 firma za\u0142o\u017cona w roku 1969, w ci\u0105gu swojej 50 letniej dzia\u0142alno\u015bci sta\u0142a si\u0119 przedsi\u0119biorstwem, kt\u00f3re oferuje dzi\u015b klientom profesjonalny serwis oraz ciekawy program dostaw. Na stanie magazynowym \u2013 35.000 ton figuruj\u0105 w wi\u0119kszo\u015bci nietypowe wymiary i gatunki, co pozwala stwierdzi\u0107, \u017ce BEPRO-STAHL\u00a0 to specjalista od specjalno\u015bci.<\/p>\n<div class=\"BorlabsCookie _brlbs-cb-youtube\"><div class=\"_brlbs-content-blocker\"> <div class=\"_brlbs-embed _brlbs-video-youtube\"> <img class=\"_brlbs-thumbnail\" src=\"https:\/\/bepro.de\/wp-content\/plugins\/borlabs-cookie\/assets\/images\/cb-no-thumbnail.png\" alt=\"YouTube\"> <div class=\"_brlbs-caption\"> <p>By loading the video, you agree to YouTube's privacy policy.<br><a href=\"https:\/\/policies.google.com\/privacy?hl=en&amp;gl=en\" target=\"_blank\" rel=\"nofollow noopener noreferrer\">Learn more<\/a><\/p> <p><a class=\"_brlbs-btn _brlbs-icon-play-white\" href=\"#\" data-borlabs-cookie-unblock role=\"button\">Load video<\/a><\/p> <p><label><input type=\"checkbox\" name=\"unblockAll\" value=\"1\" checked> <small>Always unblock YouTube<\/small><\/label><\/p> <\/div> <\/div> <\/div><div class=\"borlabs-hide\" data-borlabs-cookie-type=\"content-blocker\" data-borlabs-cookie-id=\"youtube\"><script type=\"text\/template\">PHA+PGlmcmFtZSBsb2FkaW5nPSJsYXp5IiBzcmM9Imh0dHBzOi8vd3d3LnlvdXR1YmUtbm9jb29raWUuY29tL2VtYmVkLzBWZ2hJZkpEM3Z3P3JlbD0wJmFtcDtzaG93aW5mbz0wIiB3aWR0aD0iNTYwIiBoZWlnaHQ9IjMxNSIgZnJhbWVib3JkZXI9IjAiIGFsbG93ZnVsbHNjcmVlbj0iYWxsb3dmdWxsc2NyZWVuIj48L2lmcmFtZT48L3A+<\/script><\/div><\/div>\n<p>BEPRO-STAHL to<\/p>\n<ul>\n<li>dopasowanie si\u0119 do indywidualnych potrzeb klienta<\/li>\n<li>dobra organizacja i potrzebne do tego \u015brodki<\/li>\n<li>do\u015bwiadczenie i szerokie mo\u017cliwo\u015bci<\/li>\n<\/ul>\n<p>Wyroby hutnicze wysy\u0142amy do odbiorc\u00f3w na ca\u0142ym \u015bwiecie, a takie rzeczy jak<\/p>\n<ul>\n<li>szybka dostawa\/przeokr\u0119towanie<\/li>\n<li>uwzgl\u0119dnienie zawi\u0142ych przepis\u00f3w wysy\u0142kowych<\/li>\n<li>skomplikowana logistyka<\/li>\n<li>Dokumentacja<\/li>\n<li>Odbiory zewn\u0119trzne Lloyd\u2019s Register of Shipping lub innych towarzystw kwalifikacyjnych<\/li>\n<li>Kompetentne dotrzymanie termin\u00f3w realizacji<\/li>\n<\/ul>\n<p>nie stanowi\u0105 dla nas \u017cadnego problemu<\/p>\n<p>Zdobyte w ci\u0105gu 50 letniej dzia\u0142alno\u015bci w handlu stal\u0105 umiej\u0119tno\u015bci pozwalaj\u0105 dzi\u015b firmie BEPRO-STAHL spe\u0142nia\u0107 kompleksowo oczekiwania najbardziej wymagaj\u0105cych klient\u00f3w bez wzgl\u0119du na wielko\u015b\u0107 zam\u00f3wienia i usytuowanie geograficzne.<\/p>\n<p>&nbsp;<\/p>\n<hr \/>\n<p><a class=\"morelink\" href=\"\/pl\/stal\/\">dowiedz si\u0119 wi\u0119cej\u00a0\u00bb<\/a><\/p>\n<h2>Program magazynowy<\/h2>\n<p><img loading=\"lazy\" decoding=\"async\" class=\"alignnone size-full wp-image-155\" title=\"bepro-halle\" src=\"https:\/\/bepro.de\/wp-content\/uploads\/bepro-halle.jpg\" alt=\"Dostawca stali S355 S355J2\" width=\"569\" height=\"137\" srcset=\"https:\/\/bepro.de\/wp-content\/uploads\/bepro-halle.jpg 569w, https:\/\/bepro.de\/wp-content\/uploads\/bepro-halle-320x77.jpg 320w\" sizes=\"(max-width: 569px) 100vw, 569px\" \/><\/p>\n<p>Nasz program magazynowy to przede wszystkim k\u0105towniki, p\u0142askowniki, pr\u0119ty okr\u0105g\u0142e i kwadratowe oraz kszta\u0142towniki, kt\u00f3re sk\u0142adujemy r\u00f3wnie\u017c w nietypowych wymiarach i gatunkach. W ten spos\u00f3b jeste\u015bmy w stanie sprosta\u0107 nawet najbardziej nietypowym wymaganiom naszych odbiorc\u00f3w.<\/p>\n<p>Na dzie\u0144 dzisiejszy obs\u0142ugujemy oko\u0142o 1400 klient\u00f3w w kraju i za granic\u0105. Najwy\u017csza jako\u015b\u0107 oraz interesuj\u0105cy i nietypowy program dostaw to nasza dewiza od ponad 50 lat.<\/p>\n","protected":false},"excerpt":{"rendered":"<p>dowiedz si\u0119 wi\u0119cej\u00a0\u00bb BEPRO STAL W handlu stal\u0105 czarn\u0105 i jako\u015bciow\u0105 jeste\u015bmy wiod\u0105c\u0105 firm\u0105 w centrum Europy.\u00a0 Liczba naszych odbiorc\u00f3w z ca\u0142ej Europy ci\u0105gle ro\u015bnie, co sprawia, \u017ce ceni\u0105 sobie oni nasz\u0105 jako\u015b\u0107, wiarygodno\u015b\u0107, kompetencje oraz profesjonaln\u0105 obs\u0142ug\u0119 klienta, poniewa\u017c \u2026 mamy bardzo interesuj\u0105cy program dostaw dostosowujemy si\u0119 do indywidualnych potrzeb klienta oferujemy przede wszystkim [&hellip;]<\/p>\n","protected":false},"author":1,"featured_media":490,"parent":0,"menu_order":2,"comment_status":"closed","ping_status":"closed","template":"","meta":{"_acf_changed":false,"footnotes":"","_wp_rev_ctl_limit":""},"class_list":["post-286","page","type-page","status-publish","has-post-thumbnail","hentry"],"acf":[],"_links":{"self":[{"href":"https:\/\/bepro.de\/pl\/wp-json\/wp\/v2\/pages\/286"}],"collection":[{"href":"https:\/\/bepro.de\/pl\/wp-json\/wp\/v2\/pages"}],"about":[{"href":"https:\/\/bepro.de\/pl\/wp-json\/wp\/v2\/types\/page"}],"author":[{"embeddable":true,"href":"https:\/\/bepro.de\/pl\/wp-json\/wp\/v2\/users\/1"}],"replies":[{"embeddable":true,"href":"https:\/\/bepro.de\/pl\/wp-json\/wp\/v2\/comments?post=286"}],"version-history":[{"count":3,"href":"https:\/\/bepro.de\/pl\/wp-json\/wp\/v2\/pages\/286\/revisions"}],"predecessor-version":[{"id":4726,"href":"https:\/\/bepro.de\/pl\/wp-json\/wp\/v2\/pages\/286\/revisions\/4726"}],"wp:featuredmedia":[{"embeddable":true,"href":"https:\/\/bepro.de\/pl\/wp-json\/wp\/v2\/media\/490"}],"wp:attachment":[{"href":"https:\/\/bepro.de\/pl\/wp-json\/wp\/v2\/media?parent=286"}],"curies":[{"name":"wp","href":"https:\/\/api.w.org\/{rel}","templated":true}]}}