{"id":1812,"date":"2020-02-05T16:06:31","date_gmt":"2020-02-05T15:06:31","guid":{"rendered":"https:\/\/bepro.de\/stal\/aluminium\/"},"modified":"2020-10-23T10:14:37","modified_gmt":"2020-10-23T09:14:37","slug":"aluminium","status":"publish","type":"page","link":"https:\/\/bepro.de\/pl\/stal\/aluminium\/","title":{"rendered":"Aluminium"},"content":{"rendered":"<p><script type=\"application\/ld+json\">\n{\n\"@context\": \"http:\/\/schema.org\",\n\"@type\": \"BreadcrumbList\",\n\"itemListElement\": [{\n\"@type\": \"ListItem\",\n\"position\": 1,\n\"item\": {\n\"@id\": \"https:\/\/bepro.de\/pl\/stal\/\",\n\"name\": \"Produkty\"\n}\n},{\n\"@type\": \"ListItem\",\n\"position\": 2,\n\"item\": {\n\"@id\": \"https:\/\/bepro.de\/pl\/stal\/aluminium\/\/\",\n\"name\": \"Aluminium\"\n}\n}]\n}\n<\/script><\/p>\n<h2>Aluminium<\/h2>\n<p>Bepro to Tw\u00f3j partner , je\u015bli chodzi o wymagaj\u0105ce i kompleksowe rozwi\u0105zania.<br \/>\nDzia\u0142aj\u0105c z ramienia sprawdzonych, uznanych i renomowanych producent\u00f3w oferujemy nie tylko ich serwis, lecz tak\u017ce korzy\u015bci wynikaj\u0105ce ze wsp\u00f3\u0142pracy z mi\u0119dzynarodowym dystrybutorem stali, jakim jest nasza firma.<\/p>\n<ul>\n<li>profile wg indywidualnych projekt\u00f3w i rysunk\u00f3w, profile specjalne, anodowane i powlekane, obr\u00f3bka mechaniczna<\/li>\n<li>bezszwowe i t\u0142oczone rury ci\u0105gnione<\/li>\n<li>blachy w nietypowych formatach, bednarka, wypa\u0142ki pod wymiar, obr\u00f3bka CNC \u2013 wypalarka plazmowa<\/li>\n<\/ul>\n<hr \/>\n<p><a href=\"https:\/\/bepro.de\/wp-content\/uploads\/Flyer_AluEdelstahl_E.jpg\" target=\"_blank\" rel=\"noopener noreferrer\"><img loading=\"lazy\" decoding=\"async\" class=\"alignleft\" src=\"https:\/\/bepro.de\/wp-content\/uploads\/Flyer_AluEdelstahl_E.jpg\" width=\"162\" height=\"230\" data-wp-editing=\"1\" alt=\"Dostawca stali aluminium\"\/><\/a><\/p>\n<p>&nbsp;<\/p>\n<p>&nbsp;<\/p>\n<p>Dyrektor Dzia\u0142u <strong>Aluminium<\/strong><br \/>\n<strong>M. Matthias Prinage<\/strong> <img decoding=\"async\" src=\"https:\/\/bepro.de\/wp-content\/plugins\/sitepress-multilingual-cms\/res\/flags\/de.png\" alt=\"deutsch\" \/> <img decoding=\"async\" src=\"https:\/\/bepro.de\/wp-content\/plugins\/sitepress-multilingual-cms\/res\/flags\/en.png\" alt=\"englisch\" \/><br \/>\nEmail: <a href=\"mailto:m.prinage@bepro.de\">m.prinage@bepro.de<\/a><br \/>\nMobile: +49-162-1311358<br \/>\nCentrala: +49-209-9825110<\/p>\n<p>&nbsp;<\/p>\n<hr \/>\n<table style=\"width: 30.9303%;\" border=\"0\" cellspacing=\"0\">\n<colgroup width=\"112\"><\/colgroup>\n<colgroup width=\"125\"><\/colgroup>\n<colgroup width=\"191\"><\/colgroup>\n<tbody>\n<tr>\n<td style=\"width: 26.1072%;\" align=\"center\" height=\"17\">\n<h3>Tworzywo<\/h3>\n<\/td>\n<td style=\"width: 29.1375%;\" align=\"center\">\n<h3>EN<\/h3>\n<\/td>\n<td style=\"width: 44.5221%;\" align=\"center\">\n<h3>DIN<\/h3>\n<\/td>\n<\/tr>\n<tr>\n<td style=\"width: 26.1072%;\" align=\"center\" height=\"17\">3.0255<\/td>\n<td style=\"width: 29.1375%;\" align=\"center\">EN AW-1050A<\/td>\n<td style=\"width: 44.5221%;\" align=\"center\">AI99,5<\/td>\n<\/tr>\n<tr>\n<td style=\"width: 26.1072%;\" align=\"center\" height=\"17\">3.0257<\/td>\n<td style=\"width: 29.1375%;\" align=\"center\">EN AW-1350A<\/td>\n<td style=\"width: 44.5221%;\" align=\"center\">EAL99,5<\/td>\n<\/tr>\n<tr>\n<td style=\"width: 26.1072%;\" align=\"center\" height=\"17\">3.0275<\/td>\n<td style=\"width: 29.1375%;\" align=\"center\">EN AW-1070A<\/td>\n<td style=\"width: 44.5221%;\" align=\"center\">AI99,7<\/td>\n<\/tr>\n<tr>\n<td style=\"width: 26.1072%;\" align=\"center\" height=\"17\">3.0505<\/td>\n<td style=\"width: 29.1375%;\" align=\"center\">EN AW-3105<\/td>\n<td style=\"width: 44.5221%;\" align=\"center\">AIMn0,5Mg0,5<\/td>\n<\/tr>\n<tr>\n<td style=\"width: 26.1072%;\" align=\"center\" height=\"17\">3.0515<\/td>\n<td style=\"width: 29.1375%;\" align=\"center\">EN AW-3103<\/td>\n<td style=\"width: 44.5221%;\" align=\"center\">AlMn1<\/td>\n<\/tr>\n<tr>\n<td style=\"width: 26.1072%;\" align=\"center\" height=\"17\">3.0517<\/td>\n<td style=\"width: 29.1375%;\" align=\"center\">EN AW-3003<\/td>\n<td style=\"width: 44.5221%;\" align=\"center\">AlMn1Cu<\/td>\n<\/tr>\n<tr>\n<td style=\"width: 26.1072%;\" align=\"center\" height=\"17\">3.0615<\/td>\n<td style=\"width: 29.1375%;\" align=\"center\">EN AW-6012<\/td>\n<td style=\"width: 44.5221%;\" align=\"center\">AlMgSiPb<\/td>\n<\/tr>\n<tr>\n<td style=\"width: 26.1072%;\" align=\"center\" height=\"17\">3.1255<\/td>\n<td style=\"width: 29.1375%;\" align=\"center\">EN AW-2014<\/td>\n<td style=\"width: 44.5221%;\" align=\"center\">AlCu4SiMg<\/td>\n<\/tr>\n<tr>\n<td style=\"width: 26.1072%;\" align=\"center\" height=\"17\">3.1325<\/td>\n<td style=\"width: 29.1375%;\" align=\"center\">EN AW-2017A<\/td>\n<td style=\"width: 44.5221%;\" align=\"center\">AlCuMg1 \/ AlCuMgSi<\/td>\n<\/tr>\n<tr>\n<td style=\"width: 26.1072%;\" align=\"center\" height=\"17\">3.1355<\/td>\n<td style=\"width: 29.1375%;\" align=\"center\">EN AW-2024<\/td>\n<td style=\"width: 44.5221%;\" align=\"center\">AlCuMg2\/AlCu4Mg1<\/td>\n<\/tr>\n<tr>\n<td style=\"width: 26.1072%;\" align=\"center\" height=\"17\">3.1645<\/td>\n<td style=\"width: 29.1375%;\" align=\"center\">EN AW-2007<\/td>\n<td style=\"width: 44.5221%;\" align=\"center\">AlCuMgPb \/ AlCu4PbMgMn<\/td>\n<\/tr>\n<tr>\n<td style=\"width: 26.1072%;\" align=\"center\" height=\"17\">3.2315<\/td>\n<td style=\"width: 29.1375%;\" align=\"center\">EN AW-6082<\/td>\n<td style=\"width: 44.5221%;\" align=\"center\">AlMgSil \/ AlSiMgMn<\/td>\n<\/tr>\n<tr>\n<td style=\"width: 26.1072%;\" align=\"center\" height=\"17\">3.3206<\/td>\n<td style=\"width: 29.1375%;\" align=\"center\">EN AW-6060<\/td>\n<td style=\"width: 44.5221%;\" align=\"center\">AlMgSi 0,5<\/td>\n<\/tr>\n<tr>\n<td style=\"width: 26.1072%;\" align=\"center\" height=\"17\">3.3206<\/td>\n<td style=\"width: 29.1375%;\" align=\"center\">EN AW-6063<\/td>\n<td style=\"width: 44.5221%;\" align=\"center\">AIMg0,7Si<\/td>\n<\/tr>\n<tr>\n<td style=\"width: 26.1072%;\" align=\"center\" height=\"17\">3.3207<\/td>\n<td style=\"width: 29.1375%;\" align=\"center\">EN AW-6101B<\/td>\n<td style=\"width: 44.5221%;\" align=\"center\">E-AlMgSi 0,5<\/td>\n<\/tr>\n<tr>\n<td style=\"width: 26.1072%;\" align=\"center\" height=\"17\">3.3210<\/td>\n<td style=\"width: 29.1375%;\" align=\"center\">EN AW-6005A<\/td>\n<td style=\"width: 44.5221%;\" align=\"center\">AISiMg(A) \/ AlMgSi0,7<\/td>\n<\/tr>\n<tr>\n<td style=\"width: 26.1072%;\" align=\"center\" height=\"17\">3.3211<\/td>\n<td style=\"width: 29.1375%;\" align=\"center\">EN AW-6061<\/td>\n<td style=\"width: 44.5221%;\" align=\"center\">AIMg1SiCu<\/td>\n<\/tr>\n<tr>\n<td style=\"width: 26.1072%;\" align=\"center\" height=\"17\">3.3315<\/td>\n<td style=\"width: 29.1375%;\" align=\"center\">EN AW-5005<\/td>\n<td style=\"width: 44.5221%;\" align=\"center\">AlMg1<\/td>\n<\/tr>\n<tr>\n<td style=\"width: 26.1072%;\" align=\"center\" height=\"17\">3.3535<\/td>\n<td style=\"width: 29.1375%;\" align=\"center\">EN AW-5754<\/td>\n<td style=\"width: 44.5221%;\" align=\"center\">AlMg3<\/td>\n<\/tr>\n<tr>\n<td style=\"width: 26.1072%;\" align=\"center\" height=\"17\">3.3545<\/td>\n<td style=\"width: 29.1375%;\" align=\"center\">EN AW-5086<\/td>\n<td style=\"width: 44.5221%;\" align=\"center\">AIMg4 \/ AlMg4Mn<\/td>\n<\/tr>\n<tr>\n<td style=\"width: 26.1072%;\" align=\"center\" height=\"17\">3.3547<\/td>\n<td style=\"width: 29.1375%;\" align=\"center\">EN AW-5083<\/td>\n<td style=\"width: 44.5221%;\" align=\"center\">AlMg4,5Mn \/ AlMg4,5Mn0,7<\/td>\n<\/tr>\n<tr>\n<td style=\"width: 26.1072%;\" align=\"center\" height=\"17\">3.3555<\/td>\n<td style=\"width: 29.1375%;\" align=\"center\">EN AW-5019<\/td>\n<td style=\"width: 44.5221%;\" align=\"center\">AlMg5<\/td>\n<\/tr>\n<tr>\n<td style=\"width: 26.1072%;\" align=\"center\" height=\"17\">3.4335<\/td>\n<td style=\"width: 29.1375%;\" align=\"center\">EN AW-7020<\/td>\n<td style=\"width: 44.5221%;\" align=\"center\">AlZn4,5Mg1<\/td>\n<\/tr>\n<tr>\n<td style=\"width: 26.1072%;\" align=\"center\" height=\"17\">3.4345<\/td>\n<td style=\"width: 29.1375%;\" align=\"center\">EN AW-7022<\/td>\n<td style=\"width: 44.5221%;\" align=\"center\">AlZnMgCu0,5 \/ AlZn5Mg3Cu<\/td>\n<\/tr>\n<tr>\n<td style=\"width: 26.1072%;\" align=\"center\" height=\"17\">3.4365<\/td>\n<td style=\"width: 29.1375%;\" align=\"center\">EN AW-7075<\/td>\n<td style=\"width: 44.5221%;\" align=\"center\">AlZnMgCu1,5 \/ AlZn5,5MgCu<\/td>\n<\/tr>\n<tr>\n<td style=\"width: 26.1072%;\" align=\"center\" height=\"17\">3.4365x<\/td>\n<td style=\"width: 29.1375%;\" align=\"center\">EN AW-7005<\/td>\n<td style=\"width: 44.5221%;\" align=\"center\">AlZn4,5Mg1,5Mn<\/td>\n<\/tr>\n<\/tbody>\n<\/table>\n","protected":false},"excerpt":{"rendered":"<p>Aluminium Bepro to Tw\u00f3j partner , je\u015bli chodzi o wymagaj\u0105ce i kompleksowe rozwi\u0105zania. Dzia\u0142aj\u0105c z ramienia sprawdzonych, uznanych i renomowanych producent\u00f3w oferujemy nie tylko ich serwis, lecz tak\u017ce korzy\u015bci wynikaj\u0105ce ze wsp\u00f3\u0142pracy z mi\u0119dzynarodowym dystrybutorem stali, jakim jest nasza firma. profile wg indywidualnych projekt\u00f3w i rysunk\u00f3w, profile specjalne, anodowane i powlekane, obr\u00f3bka mechaniczna bezszwowe i [&hellip;]<\/p>\n","protected":false},"author":3,"featured_media":0,"parent":360,"menu_order":6,"comment_status":"closed","ping_status":"closed","template":"","meta":{"_acf_changed":false,"footnotes":"","_wp_rev_ctl_limit":""},"class_list":["post-1812","page","type-page","status-publish","hentry"],"acf":[],"_links":{"self":[{"href":"https:\/\/bepro.de\/pl\/wp-json\/wp\/v2\/pages\/1812"}],"collection":[{"href":"https:\/\/bepro.de\/pl\/wp-json\/wp\/v2\/pages"}],"about":[{"href":"https:\/\/bepro.de\/pl\/wp-json\/wp\/v2\/types\/page"}],"author":[{"embeddable":true,"href":"https:\/\/bepro.de\/pl\/wp-json\/wp\/v2\/users\/3"}],"replies":[{"embeddable":true,"href":"https:\/\/bepro.de\/pl\/wp-json\/wp\/v2\/comments?post=1812"}],"version-history":[{"count":0,"href":"https:\/\/bepro.de\/pl\/wp-json\/wp\/v2\/pages\/1812\/revisions"}],"up":[{"embeddable":true,"href":"https:\/\/bepro.de\/pl\/wp-json\/wp\/v2\/pages\/360"}],"wp:attachment":[{"href":"https:\/\/bepro.de\/pl\/wp-json\/wp\/v2\/media?parent=1812"}],"curies":[{"name":"wp","href":"https:\/\/api.w.org\/{rel}","templated":true}]}}