{"id":1802,"date":"2020-02-05T16:13:13","date_gmt":"2020-02-05T15:13:13","guid":{"rendered":"https:\/\/bepro.de\/stal\/edelstahl\/"},"modified":"2020-10-23T10:15:08","modified_gmt":"2020-10-23T09:15:08","slug":"stal-nierdzewna","status":"publish","type":"page","link":"https:\/\/bepro.de\/pl\/stal\/stal-nierdzewna\/","title":{"rendered":"Stal Nierdzewna"},"content":{"rendered":"<p><script type=\"application\/ld+json\">\n{\n\"@context\": \"http:\/\/schema.org\",\n\"@type\": \"BreadcrumbList\",\n\"itemListElement\": [{\n\"@type\": \"ListItem\",\n\"position\": 1,\n\"item\": {\n\"@id\": \"https:\/\/bepro.de\/pl\/stal\/\",\n\"name\": \"Produkty\"\n}\n},{\n\"@type\": \"ListItem\",\n\"position\": 2,\n\"item\": {\n\"@id\": \"https:\/\/bepro.de\/pl\/stal\/stal-nierdzewna\/\/\",\n\"name\": \"Stal Nierdzewna\"\n}\n}]\n}\n<\/script><\/p>\n<h2>Stal Nierdzewna<\/h2>\n<p>Jeste\u015bmy Twoim partnerem w zakresie dystrybucji stop\u00f3w specjalnych r\u00f3wnie\u017c w nietypowych wymiarach, zw\u0142aszcza Duplex i Super Duplex, stale \u017caro- i kwasoodporne, o podwy\u017cszonej odporno\u015bci na korozj\u0119 jak r\u00f3wnie\u017c materia\u0142y antymagnetyczne.<br \/>\nDostarczamy blachy w arkuszach, w kr\u0119gach, bednark\u0119, ta\u015bmy, wypa\u0142ki pod wymiar, rury, profile i nie tylko.<\/p>\n<ul>\n<li>blachy, r\u00f3wnie\u017c w nietypowych formatach i grubo\u015bciach<\/li>\n<li>ci\u0119cie plazm\u0105 i laserem<\/li>\n<li>ci\u0119cie strumieniem wody; ci\u0119cie no\u017cycami<\/li>\n<li>nietypowe profile, rury ze szwem i bez szwu, nietypowe wymiary na specjalne zlecenie<\/li>\n<li>odkuwki, obr\u00f3bka CNC, przetwarzanie materia\u0142u<\/li>\n<\/ul>\n<hr \/>\n<p><a href=\"https:\/\/bepro.de\/wp-content\/uploads\/Flyer_AluEdelstahl_E.jpg\" target=\"_blank\" rel=\"noopener noreferrer\"><img loading=\"lazy\" decoding=\"async\" class=\"alignleft\" src=\"https:\/\/bepro.de\/wp-content\/uploads\/Flyer_AluEdelstahl_E.jpg\" width=\"162\" height=\"230\" data-wp-editing=\"1\" alt=\"Dostawca stali stal nierdzwena\"\/><\/a><\/p>\n<p>&nbsp;<\/p>\n<p>&nbsp;<\/p>\n<p>Dyrektor Dzia\u0142u <strong>Stal Nierdzewna<\/strong><br \/>\n<strong>M. Matthias Prinage<\/strong> <img decoding=\"async\" src=\"https:\/\/bepro.de\/wp-content\/plugins\/sitepress-multilingual-cms\/res\/flags\/de.png\" alt=\"deutsch\" \/> <img decoding=\"async\" src=\"https:\/\/bepro.de\/wp-content\/plugins\/sitepress-multilingual-cms\/res\/flags\/en.png\" alt=\"englisch\" \/><br \/>\nEmail: <a href=\"mailto:m.prinage@bepro.de\">m.prinage@bepro.de<\/a><br \/>\nMobile: +49-162-1311358<br \/>\nCentrala: +49-209-9825110<\/p>\n<p>&nbsp;<\/p>\n<hr \/>\n<table style=\"border-collapse: collapse; width: 100%;\">\n<tbody>\n<tr>\n<td style=\"width: 0.944287%;\" align=\"center\" height=\"17\"><strong>Werkstoff<\/strong><\/td>\n<td style=\"width: 0.944287%;\" align=\"center\"><strong>EN \/ DIN<\/strong><\/td>\n<td style=\"width: 1.76991%;\" align=\"center\"><strong>AISVASTM<\/strong><\/td>\n<td style=\"width: 1.76991%;\" align=\"center\"><strong>UNS<\/strong><\/td>\n<\/tr>\n<tr>\n<td style=\"width: 0.944287%;\" align=\"center\" height=\"17\">1.4306<\/td>\n<td style=\"width: 0.944287%;\" align=\"center\">X2CrNi19-11<\/td>\n<td style=\"width: 1.76991%;\" align=\"center\">304L<\/td>\n<td style=\"width: 1.76991%;\" align=\"center\">S30403<\/td>\n<\/tr>\n<tr>\n<td style=\"width: 0.944287%;\" align=\"center\" height=\"17\">1.4948<\/td>\n<td style=\"width: 0.944287%;\" align=\"center\">X6CrNi18-10<\/td>\n<td style=\"width: 1.76991%;\" align=\"center\">304H<\/td>\n<td style=\"width: 1.76991%;\" align=\"center\">S30409\/S30480<\/td>\n<\/tr>\n<tr>\n<td style=\"width: 0.944287%;\" align=\"center\" height=\"17\">1.4404<\/td>\n<td style=\"width: 0.944287%;\" align=\"center\">X2CrNiMo17-12-2<\/td>\n<td style=\"width: 1.76991%;\" align=\"center\">316L<\/td>\n<td style=\"width: 1.76991%;\" align=\"center\">S31603<\/td>\n<\/tr>\n<tr>\n<td style=\"width: 0.944287%;\" align=\"center\" height=\"17\">1.4410<\/td>\n<td style=\"width: 0.944287%;\" align=\"center\">X2CrNiMoN25-7-4<\/td>\n<td style=\"width: 1.76991%;\" align=\"center\">F53<\/td>\n<td style=\"width: 1.76991%;\" align=\"center\">S32750<\/td>\n<\/tr>\n<tr>\n<td style=\"width: 0.944287%;\" align=\"center\" height=\"17\">1.4432<\/td>\n<td style=\"width: 0.944287%;\" align=\"center\">X2CrNiMo17-12-3<\/td>\n<td style=\"width: 1.76991%;\" align=\"center\">316L<\/td>\n<td style=\"width: 1.76991%;\" align=\"center\">S31603<\/td>\n<\/tr>\n<tr>\n<td style=\"width: 0.944287%;\" align=\"center\" height=\"17\">1.4435<\/td>\n<td style=\"width: 0.944287%;\" align=\"center\">X2CrNiMo18-14-3<\/td>\n<td style=\"width: 1.76991%;\" align=\"center\">316L<\/td>\n<td style=\"width: 1.76991%;\" align=\"center\">S31603<\/td>\n<\/tr>\n<tr>\n<td style=\"width: 0.944287%;\" align=\"center\" height=\"17\">1.4436<\/td>\n<td style=\"width: 0.944287%;\" align=\"center\">X3CrNiMo17-13-3<\/td>\n<td style=\"width: 1.76991%;\" align=\"center\">316L<\/td>\n<td style=\"width: 1.76991%;\" align=\"center\">S31600<\/td>\n<\/tr>\n<tr>\n<td style=\"width: 0.944287%;\" align=\"center\" height=\"17\">1.4362<\/td>\n<td style=\"width: 0.944287%;\" align=\"center\">X2CrNiN23-4<\/td>\n<td style=\"width: 1.76991%;\" align=\"center\"><\/td>\n<td style=\"width: 1.76991%;\" align=\"center\">S32304<\/td>\n<\/tr>\n<tr>\n<td style=\"width: 0.944287%;\" align=\"center\" height=\"17\">1.4462<\/td>\n<td style=\"width: 0.944287%;\" align=\"center\">X2CrNiMoN22-5-3<\/td>\n<td style=\"width: 1.76991%;\" align=\"center\">F51<\/td>\n<td style=\"width: 1.76991%;\" align=\"center\">S31803<\/td>\n<\/tr>\n<tr>\n<td style=\"width: 0.944287%;\" align=\"center\" height=\"17\">1.4501<\/td>\n<td style=\"width: 0.944287%;\" align=\"center\">X2CrNiMoCuWN25-7-4<\/td>\n<td style=\"width: 1.76991%;\" align=\"center\">F55<\/td>\n<td style=\"width: 1.76991%;\" align=\"center\">S32760<\/td>\n<\/tr>\n<tr>\n<td style=\"width: 0.944287%;\" align=\"center\" height=\"17\">1.4000<\/td>\n<td style=\"width: 0.944287%;\" align=\"center\">X6Cr13<\/td>\n<td style=\"width: 1.76991%;\" align=\"center\">410S<\/td>\n<td style=\"width: 1.76991%;\" align=\"center\">S41008<\/td>\n<\/tr>\n<tr>\n<td style=\"width: 0.944287%;\" align=\"center\" height=\"17\">1.4003<\/td>\n<td style=\"width: 0.944287%;\" align=\"center\">X2CrNi12<\/td>\n<td style=\"width: 1.76991%;\" align=\"center\">3Cr12<\/td>\n<td style=\"width: 1.76991%;\" align=\"center\">S40977<\/td>\n<\/tr>\n<tr>\n<td style=\"width: 0.944287%;\" align=\"center\" height=\"17\">1.4016<\/td>\n<td style=\"width: 0.944287%;\" align=\"center\">430X6Cr17<\/td>\n<td style=\"width: 1.76991%;\" align=\"center\">430<\/td>\n<td style=\"width: 1.76991%;\" align=\"center\">S43000<\/td>\n<\/tr>\n<tr>\n<td style=\"width: 0.944287%;\" align=\"center\" height=\"17\">1.4509<\/td>\n<td style=\"width: 0.944287%;\" align=\"center\">X2CrTiNb18<\/td>\n<td style=\"width: 1.76991%;\" align=\"center\">441<\/td>\n<td style=\"width: 1.76991%;\" align=\"center\">S43932<\/td>\n<\/tr>\n<tr>\n<td style=\"width: 0.944287%;\" align=\"center\" height=\"17\">1.4512<\/td>\n<td style=\"width: 0.944287%;\" align=\"center\">X2CrTi12<\/td>\n<td style=\"width: 1.76991%;\" align=\"center\">409<\/td>\n<td style=\"width: 1.76991%;\" align=\"center\">S40910<\/td>\n<\/tr>\n<tr>\n<td style=\"width: 0.944287%;\" align=\"center\" height=\"17\">1.4313<\/td>\n<td style=\"width: 0.944287%;\" align=\"center\">X3CrNiMo13-4<\/td>\n<td style=\"width: 1.76991%;\" align=\"center\">F6NM430<\/td>\n<td style=\"width: 1.76991%;\" align=\"center\">J91540<\/td>\n<\/tr>\n<tr>\n<td style=\"width: 0.944287%;\" align=\"center\" height=\"17\">1.4418<\/td>\n<td style=\"width: 0.944287%;\" align=\"center\">X4CrNiMo16-5-1<\/td>\n<td style=\"width: 1.76991%;\" align=\"center\">S165M<\/td>\n<td style=\"width: 1.76991%;\" align=\"center\"><\/td>\n<\/tr>\n<tr>\n<td style=\"width: 0.944287%;\" align=\"center\" height=\"17\">1.4529<\/td>\n<td style=\"width: 0.944287%;\" align=\"center\">X1NiCrMoCuN25-20-7<\/td>\n<td style=\"width: 1.76991%;\" align=\"center\">926<\/td>\n<td style=\"width: 1.76991%;\" align=\"center\">N08926<\/td>\n<\/tr>\n<tr>\n<td style=\"width: 0.944287%;\" align=\"center\" height=\"17\">1.4539<\/td>\n<td style=\"width: 0.944287%;\" align=\"center\">X1NiCrMoCu25-20-5<\/td>\n<td style=\"width: 1.76991%;\" align=\"center\">904L<\/td>\n<td style=\"width: 1.76991%;\" align=\"center\">N08904<\/td>\n<\/tr>\n<tr>\n<td style=\"width: 0.944287%;\" align=\"center\" height=\"17\">1.4547<\/td>\n<td style=\"width: 0.944287%;\" align=\"center\">X1NiCrMoCuN20-18-7<\/td>\n<td style=\"width: 1.76991%;\" align=\"center\">254SMO<\/td>\n<td style=\"width: 1.76991%;\" align=\"center\">S31254<\/td>\n<\/tr>\n<tr>\n<td style=\"width: 0.944287%;\" align=\"center\" height=\"17\">1.4876<\/td>\n<td style=\"width: 0.944287%;\" align=\"center\">X10NiCrAlTi32-21<\/td>\n<td style=\"width: 1.76991%;\" align=\"center\">N08810<\/td>\n<td style=\"width: 1.76991%;\" align=\"center\">N08810<\/td>\n<\/tr>\n<tr>\n<td style=\"width: 0.944287%;\" align=\"center\" height=\"17\">1.4713<\/td>\n<td style=\"width: 0.944287%;\" align=\"center\">X10CrAlSi7<\/td>\n<td style=\"width: 1.76991%;\" align=\"center\"><\/td>\n<td style=\"width: 1.76991%;\" align=\"center\">Sicromal 8<\/td>\n<\/tr>\n<tr>\n<td style=\"width: 0.944287%;\" align=\"center\" height=\"17\">1.4724<\/td>\n<td style=\"width: 0.944287%;\" align=\"center\">X10CrAlSi13<\/td>\n<td style=\"width: 1.76991%;\" align=\"center\">405<\/td>\n<td style=\"width: 1.76991%;\" align=\"center\"><\/td>\n<\/tr>\n<tr>\n<td style=\"width: 0.944287%;\" align=\"center\" height=\"17\">1.4742<\/td>\n<td style=\"width: 0.944287%;\" align=\"center\">X10CrAlSi18<\/td>\n<td style=\"width: 1.76991%;\" align=\"center\">442<\/td>\n<td style=\"width: 1.76991%;\" align=\"center\">Sicromal 10<\/td>\n<\/tr>\n<tr>\n<td style=\"width: 0.944287%;\" align=\"center\" height=\"17\">1.4762<\/td>\n<td style=\"width: 0.944287%;\" align=\"center\">X10CrAlSi25<\/td>\n<td style=\"width: 1.76991%;\" align=\"center\">446<\/td>\n<td style=\"width: 1.76991%;\" align=\"center\">Sicromal 12<\/td>\n<\/tr>\n<tr>\n<td style=\"width: 0.944287%;\" align=\"center\" height=\"17\">1.4833<\/td>\n<td style=\"width: 0.944287%;\" align=\"center\">X12CrNi23-13<\/td>\n<td style=\"width: 1.76991%;\" align=\"center\">309<\/td>\n<td style=\"width: 1.76991%;\" align=\"center\">S30900<\/td>\n<\/tr>\n<tr>\n<td style=\"width: 0.944287%;\" align=\"center\" height=\"17\">1.4835<\/td>\n<td style=\"width: 0.944287%;\" align=\"center\">X9CrNiSiNCe21-11-2<\/td>\n<td style=\"width: 1.76991%;\" align=\"center\">253MA<\/td>\n<td style=\"width: 1.76991%;\" align=\"center\">S30815<\/td>\n<\/tr>\n<tr>\n<td style=\"width: 0.944287%;\" align=\"center\" height=\"17\">1.4841<\/td>\n<td style=\"width: 0.944287%;\" align=\"center\">X15CrNiSi25-21<\/td>\n<td style=\"width: 1.76991%;\" align=\"center\">310\/314<\/td>\n<td style=\"width: 1.76991%;\" align=\"center\">S31000\/S31400<\/td>\n<\/tr>\n<tr>\n<td style=\"width: 0.944287%;\" align=\"center\" height=\"17\">1.4845<\/td>\n<td style=\"width: 0.944287%;\" align=\"center\">X8CrNi125-21<\/td>\n<td style=\"width: 1.76991%;\" align=\"center\">310S<\/td>\n<td style=\"width: 1.76991%;\" align=\"center\">S31008<\/td>\n<\/tr>\n<tr>\n<td style=\"width: 0.944287%;\" align=\"center\" height=\"17\">1.4828<\/td>\n<td style=\"width: 0.944287%;\" align=\"center\">X15CrNiSi20-12<\/td>\n<td style=\"width: 1.76991%;\" align=\"center\">309S<\/td>\n<td style=\"width: 1.76991%;\" align=\"center\">S30900<\/td>\n<\/tr>\n<tr>\n<td style=\"width: 0.944287%;\" align=\"center\" height=\"17\">1.4903<\/td>\n<td style=\"width: 0.944287%;\" align=\"center\">X10CrMoVNb9-1<\/td>\n<td style=\"width: 1.76991%;\" align=\"center\">Grade91<\/td>\n<td style=\"width: 1.76991%;\" align=\"center\">Grade91<\/td>\n<\/tr>\n<tr>\n<td style=\"width: 0.944287%;\" align=\"center\" height=\"17\">1.4958<\/td>\n<td style=\"width: 0.944287%;\" align=\"center\">X5NiCrAITi31-20<\/td>\n<td style=\"width: 1.76991%;\" align=\"center\">800H\/HT<\/td>\n<td style=\"width: 1.76991%;\" align=\"center\">N08811<\/td>\n<\/tr>\n<tr>\n<td style=\"width: 0.944287%;\" align=\"center\" height=\"17\">1.4563<\/td>\n<td style=\"width: 0.944287%;\" align=\"center\">X1NiCrMoCu31-27-4<\/td>\n<td style=\"width: 1.76991%;\" align=\"center\"><\/td>\n<td style=\"width: 1.76991%;\" align=\"center\">N08028<\/td>\n<\/tr>\n<tr>\n<td style=\"width: 0.944287%;\" align=\"center\" height=\"17\">1.4438<\/td>\n<td style=\"width: 0.944287%;\" align=\"center\">X2CrNiMo18-15-4<\/td>\n<td style=\"width: 1.76991%;\" align=\"center\">317L<\/td>\n<td style=\"width: 1.76991%;\" align=\"center\">S31703<\/td>\n<\/tr>\n<tr>\n<td style=\"width: 0.944287%;\" align=\"center\" height=\"17\">1.4439<\/td>\n<td style=\"width: 0.944287%;\" align=\"center\">X2CrNiMoN17-13-5<\/td>\n<td style=\"width: 1.76991%;\" align=\"center\">317LMN<\/td>\n<td style=\"width: 1.76991%;\" align=\"center\">S31726<\/td>\n<\/tr>\n<tr>\n<td style=\"width: 0.944287%;\" align=\"center\" height=\"17\">1.4550<\/td>\n<td style=\"width: 0.944287%;\" align=\"center\">X6CrNiNb18-10<\/td>\n<td style=\"width: 1.76991%;\" align=\"center\">347\/347H<\/td>\n<td style=\"width: 1.76991%;\" align=\"center\">S34700<\/td>\n<\/tr>\n<tr>\n<td style=\"width: 0.944287%;\" align=\"center\" height=\"17\">1.4541<\/td>\n<td style=\"width: 0.944287%;\" align=\"center\">X6CrNiTi1l8-10<\/td>\n<td style=\"width: 1.76991%;\" align=\"center\">321<\/td>\n<td style=\"width: 1.76991%;\" align=\"center\">S32100<\/td>\n<\/tr>\n<tr>\n<td style=\"width: 0.944287%;\" align=\"center\" height=\"17\">1.4878<\/td>\n<td style=\"width: 0.944287%;\" align=\"center\">X8CrNiTi18-10<\/td>\n<td style=\"width: 1.76991%;\" align=\"center\">321H<\/td>\n<td style=\"width: 1.76991%;\" align=\"center\">S32109<\/td>\n<\/tr>\n<tr>\n<td style=\"width: 0.944287%;\" align=\"center\" height=\"17\">1.4125<\/td>\n<td style=\"width: 0.944287%;\" align=\"center\">X105CrMo17<\/td>\n<td style=\"width: 1.76991%;\" align=\"center\">440C<\/td>\n<td style=\"width: 1.76991%;\" align=\"center\">S44004<\/td>\n<\/tr>\n<tr>\n<td style=\"width: 0.944287%;\" align=\"center\" height=\"17\">1.4112<\/td>\n<td style=\"width: 0.944287%;\" align=\"center\">X90CrMoV18<\/td>\n<td style=\"width: 1.76991%;\" align=\"center\">440B<\/td>\n<td style=\"width: 1.76991%;\" align=\"center\">440B<\/td>\n<\/tr>\n<tr>\n<td style=\"width: 0.944287%;\" align=\"center\" height=\"17\">1.4122<\/td>\n<td style=\"width: 0.944287%;\" align=\"center\">X39CrMo17-1<\/td>\n<td style=\"width: 1.76991%;\" align=\"center\"><\/td>\n<td style=\"width: 1.76991%;\" align=\"center\"><\/td>\n<\/tr>\n<tr>\n<td style=\"width: 0.944287%;\" align=\"center\" height=\"17\">1.4034<\/td>\n<td style=\"width: 0.944287%;\" align=\"center\">X46Cr13<\/td>\n<td style=\"width: 1.76991%;\" align=\"center\">420<\/td>\n<td style=\"width: 1.76991%;\" align=\"center\">S42000<\/td>\n<\/tr>\n<tr>\n<td style=\"width: 0.944287%;\" align=\"center\" height=\"17\">1.4057<\/td>\n<td style=\"width: 0.944287%;\" align=\"center\">X17CrNi16-2<\/td>\n<td style=\"width: 1.76991%;\" align=\"center\">431<\/td>\n<td style=\"width: 1.76991%;\" align=\"center\"><\/td>\n<\/tr>\n<tr>\n<td style=\"width: 0.944287%;\" align=\"center\" height=\"17\">1.4021<\/td>\n<td style=\"width: 0.944287%;\" align=\"center\">X20Cr13<\/td>\n<td style=\"width: 1.76991%;\" align=\"center\">420<\/td>\n<td style=\"width: 1.76991%;\" align=\"center\">S42000<\/td>\n<\/tr>\n<tr>\n<td style=\"width: 0.944287%;\" align=\"center\" height=\"17\">1.4922<\/td>\n<td style=\"width: 0.944287%;\" align=\"center\">X20CrMoV 12-1<\/td>\n<td style=\"width: 1.76991%;\" align=\"center\"><\/td>\n<td style=\"width: 1.76991%;\" align=\"center\"><\/td>\n<\/tr>\n<tr>\n<td style=\"width: 0.944287%;\" align=\"center\" height=\"17\">1.4923<\/td>\n<td style=\"width: 0.944287%;\" align=\"center\">X22CrMoV 12-1<\/td>\n<td style=\"width: 1.76991%;\" align=\"center\"><\/td>\n<td style=\"width: 1.76991%;\" align=\"center\"><\/td>\n<\/tr>\n<tr>\n<td style=\"width: 0.944287%;\" align=\"center\" height=\"17\">1.4980<\/td>\n<td style=\"width: 0.944287%;\" align=\"center\">X6NiCrTiMoVB25-15-2<\/td>\n<td style=\"width: 1.76991%;\" align=\"center\">Alloy 286<\/td>\n<td style=\"width: 1.76991%;\" align=\"center\">S66286<\/td>\n<\/tr>\n<tr>\n<td style=\"width: 0.944287%;\" align=\"center\" height=\"17\">1.4959<\/td>\n<td style=\"width: 0.944287%;\" align=\"center\">X8NiCrAITi32-21<\/td>\n<td style=\"width: 1.76991%;\" align=\"center\">Alloy 800 HT<\/td>\n<td style=\"width: 1.76991%;\" align=\"center\">N08810\/N08811<\/td>\n<\/tr>\n<tr>\n<td style=\"width: 0.944287%;\" align=\"center\" height=\"17\">1.4429<\/td>\n<td style=\"width: 0.944287%;\" align=\"center\">X2CrNiMoN17-13-3<\/td>\n<td style=\"width: 1.76991%;\" align=\"center\">316LN<\/td>\n<td style=\"width: 1.76991%;\" align=\"center\">S31653<\/td>\n<\/tr>\n<tr>\n<td style=\"width: 0.944287%;\" align=\"center\" height=\"17\">1.4542<\/td>\n<td style=\"width: 0.944287%;\" align=\"center\">X5CrNiCuNb16-4<\/td>\n<td style=\"width: 1.76991%;\" align=\"center\">630\/17-4PH<\/td>\n<td style=\"width: 1.76991%;\" align=\"center\">S17400<\/td>\n<\/tr>\n<tr>\n<td style=\"width: 0.944287%;\" align=\"center\" height=\"17\">1.4571<\/td>\n<td style=\"width: 0.944287%;\" align=\"center\">X6CrNiMoTi17-12-2<\/td>\n<td style=\"width: 1.76991%;\" align=\"center\">316Ti<\/td>\n<td style=\"width: 1.76991%;\" align=\"center\">S31635<\/td>\n<\/tr>\n<tr>\n<td style=\"width: 0.944287%;\" align=\"center\" height=\"17\">1.4944<\/td>\n<td style=\"width: 0.944287%;\" align=\"center\">X6NiCrTiMoVB25-15-2<\/td>\n<td style=\"width: 1.76991%;\" align=\"center\">Alloy 286<\/td>\n<td style=\"width: 1.76991%;\" align=\"center\">S66286<\/td>\n<\/tr>\n<tr>\n<td style=\"width: 0.944287%;\" align=\"center\" height=\"17\">1.4507<\/td>\n<td style=\"width: 0.944287%;\" align=\"center\">X2CrNiMoCuN25-6-3<\/td>\n<td style=\"width: 1.76991%;\" align=\"center\">F255<\/td>\n<td style=\"width: 1.76991%;\" align=\"center\">UNS S32520<\/td>\n<\/tr>\n<tr>\n<td style=\"width: 0.944287%;\" align=\"center\" height=\"17\">1.4749<\/td>\n<td style=\"width: 0.944287%;\" align=\"center\">X18CrN28<\/td>\n<td style=\"width: 1.76991%;\" align=\"center\">446<\/td>\n<td style=\"width: 1.76991%;\" align=\"center\">S44600<\/td>\n<\/tr>\n<tr>\n<td style=\"width: 0.944287%;\" align=\"center\" height=\"17\">1.4864<\/td>\n<td style=\"width: 0.944287%;\" align=\"center\">X12NiCrSi35-16<\/td>\n<td style=\"width: 1.76991%;\" align=\"center\">Alloy 300<\/td>\n<td style=\"width: 1.76991%;\" align=\"center\">N08330<\/td>\n<\/tr>\n<tr>\n<td style=\"width: 0.944287%;\" align=\"center\" height=\"17\">1.3964<\/td>\n<td style=\"width: 0.944287%;\" align=\"center\">X2CrNiMnMoNNb21-16-5-3<\/td>\n<td style=\"width: 1.76991%;\" align=\"center\">XM19<\/td>\n<td style=\"width: 1.76991%;\" align=\"center\">UNS S20910<\/td>\n<\/tr>\n<tr>\n<td style=\"width: 0.944287%;\" align=\"center\" height=\"17\">1.3974<\/td>\n<td style=\"width: 0.944287%;\" align=\"center\">X2CrNiMnMoNNb23-17-6-3<\/td>\n<td style=\"width: 1.76991%;\" align=\"center\">F49<\/td>\n<td style=\"width: 1.76991%;\" align=\"center\">UNS S33228<\/td>\n<\/tr>\n<\/tbody>\n<\/table>\n","protected":false},"excerpt":{"rendered":"<p>Stal Nierdzewna Jeste\u015bmy Twoim partnerem w zakresie dystrybucji stop\u00f3w specjalnych r\u00f3wnie\u017c w nietypowych wymiarach, zw\u0142aszcza Duplex i Super Duplex, stale \u017caro- i kwasoodporne, o podwy\u017cszonej odporno\u015bci na korozj\u0119 jak r\u00f3wnie\u017c materia\u0142y antymagnetyczne. Dostarczamy blachy w arkuszach, w kr\u0119gach, bednark\u0119, ta\u015bmy, wypa\u0142ki pod wymiar, rury, profile i nie tylko. blachy, r\u00f3wnie\u017c w nietypowych formatach i grubo\u015bciach [&hellip;]<\/p>\n","protected":false},"author":3,"featured_media":0,"parent":360,"menu_order":7,"comment_status":"closed","ping_status":"closed","template":"","meta":{"_acf_changed":false,"footnotes":"","_wp_rev_ctl_limit":""},"class_list":["post-1802","page","type-page","status-publish","hentry"],"acf":[],"_links":{"self":[{"href":"https:\/\/bepro.de\/pl\/wp-json\/wp\/v2\/pages\/1802"}],"collection":[{"href":"https:\/\/bepro.de\/pl\/wp-json\/wp\/v2\/pages"}],"about":[{"href":"https:\/\/bepro.de\/pl\/wp-json\/wp\/v2\/types\/page"}],"author":[{"embeddable":true,"href":"https:\/\/bepro.de\/pl\/wp-json\/wp\/v2\/users\/3"}],"replies":[{"embeddable":true,"href":"https:\/\/bepro.de\/pl\/wp-json\/wp\/v2\/comments?post=1802"}],"version-history":[{"count":0,"href":"https:\/\/bepro.de\/pl\/wp-json\/wp\/v2\/pages\/1802\/revisions"}],"up":[{"embeddable":true,"href":"https:\/\/bepro.de\/pl\/wp-json\/wp\/v2\/pages\/360"}],"wp:attachment":[{"href":"https:\/\/bepro.de\/pl\/wp-json\/wp\/v2\/media?parent=1802"}],"curies":[{"name":"wp","href":"https:\/\/api.w.org\/{rel}","templated":true}]}}