{"id":1479,"date":"2019-05-20T08:18:59","date_gmt":"2019-05-20T07:18:59","guid":{"rendered":"https:\/\/bepro.de\/stal\/galvanized-steel\/"},"modified":"2020-10-23T10:14:09","modified_gmt":"2020-10-23T09:14:09","slug":"stal-ocynkowana","status":"publish","type":"page","link":"https:\/\/bepro.de\/pl\/stal\/stal-ocynkowana\/","title":{"rendered":"Stal Ocynkowana"},"content":{"rendered":"<p><script type=\"application\/ld+json\">\n{\n\"@context\": \"http:\/\/schema.org\",\n\"@type\": \"BreadcrumbList\",\n\"itemListElement\": [{\n\"@type\": \"ListItem\",\n\"position\": 1,\n\"item\": {\n\"@id\": \"https:\/\/bepro.de\/pl\/stal\/\",\n\"name\": \"Stal\"\n}\n},{\n\"@type\": \"ListItem\",\n\"position\": 2,\n\"item\": {\n\"@id\": \"https:\/\/bepro.de\/pl\/stal\/stal-ocynkowana\/\/\",\n\"name\": \"Stal Ocynkowana\"\n}\n}]\n}\n<\/script><\/p>\n<h2>Stal Ocynkowana<\/h2>\n<p>Rozszerzyli\u015bmy nasz asortyment o kszta\u0142towniki, ceowniki, pr\u0119ty, k\u0105towniki, blachy oraz profile zamkni\u0119te i oferujemy te produkty r\u00f3wnie\u017c w wersji ocynkowanej (ocynk ogniowy wg DIN EN 1461). Wymienione materia\u0142y oferujemy z naszego sk\u0142adu.<\/p>\n<p>Zapraszamy do sk\u0142adania zapyta\u0144 ofertowych.<\/p>\n<p>Dyrektor Dzia\u0142u Stal Ocynkowana<br \/>\nStefan Hoolmans <img decoding=\"async\" src=\"https:\/\/bepro.de\/wp-content\/plugins\/sitepress-multilingual-cms\/res\/flags\/de.png\" alt=\"de\" \/> <img decoding=\"async\" src=\"https:\/\/bepro.de\/wp-content\/plugins\/sitepress-multilingual-cms\/res\/flags\/en.png\" alt=\"en\" \/> <img decoding=\"async\" src=\"https:\/\/bepro.de\/wp-content\/plugins\/sitepress-multilingual-cms\/res\/flags\/fr.png\" alt=\"fr\" \/><br \/>\ne-mail: <a href=\"mailto:s.hoolmans@bepro.de\">s.hoolmans@bepro.de<\/a><br \/>\nTel.: 0049 209\/98251-37<br \/>\nMobile: 0049 173-2448279<\/p>\n<p>Download our stock range of galvanized materials: <a href=\"https:\/\/bepro.de\/wp-content\/uploads\/bepro-v-en.pdf\">PDF<\/a><\/p>\n<p><img decoding=\"async\" src=\"https:\/\/bepro.de\/wp-content\/uploads\/bepro-pl-2.jpg\" alt=\"Dostawca stali stal ocynkowana S235JR\"\/><\/p>\n","protected":false},"excerpt":{"rendered":"<p>Stal Ocynkowana Rozszerzyli\u015bmy nasz asortyment o kszta\u0142towniki, ceowniki, pr\u0119ty, k\u0105towniki, blachy oraz profile zamkni\u0119te i oferujemy te produkty r\u00f3wnie\u017c w wersji ocynkowanej (ocynk ogniowy wg DIN EN 1461). Wymienione materia\u0142y oferujemy z naszego sk\u0142adu. Zapraszamy do sk\u0142adania zapyta\u0144 ofertowych. Dyrektor Dzia\u0142u Stal Ocynkowana Stefan Hoolmans e-mail: s.hoolmans@bepro.de Tel.: 0049 209\/98251-37 Mobile: 0049 173-2448279 Download our [&hellip;]<\/p>\n","protected":false},"author":4,"featured_media":1681,"parent":360,"menu_order":5,"comment_status":"closed","ping_status":"closed","template":"","meta":{"_acf_changed":false,"footnotes":"","_wp_rev_ctl_limit":""},"class_list":["post-1479","page","type-page","status-publish","has-post-thumbnail","hentry"],"acf":[],"_links":{"self":[{"href":"https:\/\/bepro.de\/pl\/wp-json\/wp\/v2\/pages\/1479"}],"collection":[{"href":"https:\/\/bepro.de\/pl\/wp-json\/wp\/v2\/pages"}],"about":[{"href":"https:\/\/bepro.de\/pl\/wp-json\/wp\/v2\/types\/page"}],"author":[{"embeddable":true,"href":"https:\/\/bepro.de\/pl\/wp-json\/wp\/v2\/users\/4"}],"replies":[{"embeddable":true,"href":"https:\/\/bepro.de\/pl\/wp-json\/wp\/v2\/comments?post=1479"}],"version-history":[{"count":0,"href":"https:\/\/bepro.de\/pl\/wp-json\/wp\/v2\/pages\/1479\/revisions"}],"up":[{"embeddable":true,"href":"https:\/\/bepro.de\/pl\/wp-json\/wp\/v2\/pages\/360"}],"wp:featuredmedia":[{"embeddable":true,"href":"https:\/\/bepro.de\/pl\/wp-json\/wp\/v2\/media\/1681"}],"wp:attachment":[{"href":"https:\/\/bepro.de\/pl\/wp-json\/wp\/v2\/media?parent=1479"}],"curies":[{"name":"wp","href":"https:\/\/api.w.org\/{rel}","templated":true}]}}