{"id":538,"date":"2011-12-14T14:46:01","date_gmt":"2011-12-14T13:46:01","guid":{"rendered":"http:\/\/bepro.de\/?page_id=538"},"modified":"2024-04-24T14:04:09","modified_gmt":"2024-04-24T13:04:09","slug":"nous","status":"publish","type":"page","link":"https:\/\/bepro.de\/fr\/nous\/","title":{"rendered":"Nous"},"content":{"rendered":"<h2>Un fournisseur pour aciers sp\u00e9ciaux<\/h2>\n<p><strong>M\u00eame dans un contexte difficile, Peter Schorr voit encore de belles opportunit\u00e9s pour Bepro de poursuivre sur le m\u00eame rythme de d\u00e9veloppement.<\/strong><\/p>\n<p><img loading=\"lazy\" decoding=\"async\" class=\"alignright\" title=\"Peter Schorr\" src=\"https:\/\/bepro.de\/wp-content\/uploads\/hrschorr-320x240.jpg\" alt=\"Peter Schorr\" width=\"240\" height=\"180\" \/>\u00ab\u00a0 Si nous ne prenons pas soin de nos clients, quelqu\u2019un d\u2019autre le fera \u00bb &#8211; c\u2019est un des principes suivi par Peter Schorr, fondateur et Directeur G\u00e9n\u00e9ral du fournisseur d\u2019acier Bepro. Cela a permis \u00e0 cette soci\u00e9t\u00e9 d\u2019entamer une croissance ininterrompue durant ces 46 derni\u00e8res ann\u00e9es. Peter Schorr est fier de dire que durant ces cinq d\u00e9cennies, \u00ab\u00a0 l\u2019entreprise a toujours \u00e9t\u00e9 b\u00e9n\u00e9ficiaire \u00bb. 2008 cl\u00f4tura\u00a0 m\u00eame avec un chiffre d\u2019affaire record de 85 millions d\u2019euros.<\/p>\n<h3>Un succ\u00e8s bas\u00e9 sur une large offre d\u2019aciers sp\u00e9ciaux<\/h3>\n<p>Bepro est un acteur r\u00e9put\u00e9 sur le march\u00e9 de l\u2019acier. La soci\u00e9t\u00e9, bas\u00e9e dans le centre de la Ruhr, n\u2019est pas seulement connue en Allemagne mais aussi dans toute l\u2019Europe. Avec sa gamme tr\u00e8s large de produits,\u00a0 dans des qualit\u00e9s d\u2019aciers tr\u00e8s vari\u00e9es,\u00a0 le fournisseur d\u2019acier de la Nord Westphalie, appara\u00eet comme le sp\u00e9cialiste des sp\u00e9cialit\u00e9s. \u00ab Nous voulons \u00eatre en mesure de fournir exactement \u00e0 nos clients ce qu\u2019ils demandent et ce qu\u2019ils ne peuvent trouver ailleurs \u00bb, explique Peter Schorr.<\/p>\n<p>La gamme de produit comprend plats, larges-plats, corni\u00e8res, ronds, carr\u00e9s et poutrelles. Le stock de Bepro est en moyenne de 30,000 to. Les ronds sont disponibles, aussi bien en longueurs standards ainsi que dans des diam\u00e8tres allant de 8 \u00e0 600 mm.<\/p>\n<h3>L\u2019Europe de l\u2019Est : un march\u00e9 de plus en plus attractif<\/h3>\n<p>Les livraisons \u00e0 travers l\u2019Europe sont le quotidien de Bepro. La soci\u00e9t\u00e9 pr\u00e9voit\u00a0 d\u2019accro\u00eetre son rayon d\u2019action, particuli\u00e8rement en Europe de l\u2019Est. Etant donn\u00e9 que le march\u00e9 de l\u2019acier dans cette r\u00e9gion de l\u2019Europe est incroyablement attractif pour les soci\u00e9t\u00e9s allemandes, particuli\u00e8rement dans des pays tels que la Bulgarie, la Roumanie, la Hongrie, l\u2019Ukraine ou la Pologne.<\/p>\n<p>Selon M. Schorr, les livraisons sur ces longues distances ne posent plus de probl\u00e8me et il est \u00ab d\u2019une importance cruciale de se faire conna\u00eetre dans ces march\u00e9s \u00bb.<\/p>\n<p>\u00ab Nous d\u00e9velopper dans ces march\u00e9s est un objectif \u00e0 moyen et long terme \u00bb\u00a0 confirme M. Schorr. Les livraisons sur ces pays d\u2019Europe de l\u2019Est sont d\u2019ores et d\u00e9j\u00e0 un secteur de d\u00e9veloppement de Bepro. \u00ab Le volume de nos livraisons y est en constante progression depuis quelques ann\u00e9es \u00bb ajoute M.\u00a0 S\u00f6ren Filipczak, Directeur Adjoint de Bepro.<\/p>\n<p>De mani\u00e8re g\u00e9n\u00e9rale, le monde de l\u2019acier ne souffre plus de la distance. \u00ab\u00a0 Nous avons pu v\u00e9rifier qu\u2019il y a des clients pour nos produits partout \u00e0 travers le monde \u00bb d\u00e9clare M. Schorr, en r\u00e9f\u00e9rence \u00e0 de nouveaux clients dans les Emirats Arables Unis, la Chine ou Singapour. \u00ab Ce sont les premiers pas vers un v\u00e9ritable march\u00e9\u00a0 hors d\u2019Europe \u00bb, explique S\u00f6ren Flipiczak.<\/p>\n<h3>Des livraisons dans tous les secteurs clefs de l\u2019industrie<\/h3>\n<p>Afin d\u2019\u00eatre en mesure de livrer ces clients facilement et n\u2019importe quand, Bepro s\u2019est constitu\u00e9 un r\u00e9seau de fournisseurs et de n\u00e9gociants. La majeure partie de l\u2019acier provient\u00a0 d\u2019Europe de l\u2019Ouest, Grande-Bretagne incluse, et d\u2019Europe Centrale. Mais de l\u2019acier de Chine, d\u2019Inde, de Cor\u00e9e du Sud et de Turquie a aussi \u00e9t\u00e9 livr\u00e9 aux clients de Bepro. Ces clients proviennent de tous les secteurs de l\u2019industrie,\u00a0 de l\u2019ing\u00e9nierie \u00e0 la construction m\u00e9tallique, en passant par le secteur automobile et les \u00e9nergies \u00e9oliennes. Domaines dans lesquels Bepro a acquis une solide r\u00e9putation de fournisseur fiable.<\/p>\n<h3>Les nouvelles id\u00e9es offrent de nouvelles perspectives<\/h3>\n<p>La direction de Bepro consid\u00e8re comme essentiel d\u2019\u00eatre anim\u00e9 par le souci d\u2019am\u00e9liorer son offre, tant du point de vue de la gamme de produit offerte que du service qui l\u2019accompagne. \u00ab Nous envisageons de\u00a0 d\u00e9velopper une nouvelle offre, dans de nouvelles nuances, afin de continuer \u00e0 toucher de nouveaux clients \u00e0 travers le monde \u00bb, d\u00e9clare M. Schorr.<\/p>\n<h3>Un sp\u00e9cialiste des relations client<\/h3>\n<p>Une des clefs du march\u00e9 de l\u2019acier est de bien cerner les exigences de nos clients. Une qualit\u00e9 de service ainsi que des d\u00e9lais courts de livraison sont des \u00e9l\u00e9ments indispensables. \u00abPrendre soin de chacun de nos clients, est une priorit\u00e9 absolue\u00bb ajoute M. Schorr. \u00abIl faut mettre en place des relations de confiance avec chacun d\u2019entres-eux, dans notre int\u00e9r\u00eat \u00e0 tous\u00bb.<\/p>\n<p>Cette philosophie fait de Bepro, pas seulement le sp\u00e9cialiste des aciers, mais aussi le sp\u00e9cialiste des relations clients. \u00ab Si un client\u00a0 souhaite avoir une ligne rouge peinte sur l\u2019acier, tous les 10cm, il l\u2019aura! \u00bb ajoute S\u00f6ren Filipczak. Bepro a le savoir-faire n\u00e9cessaire pour r\u00e9pondre \u00e0 toutes les exigences.<\/p>\n<p>Avec l\u2019objectif, \u00e0 moyen terme,\u00a0 d\u2019atteindre les 100 000 to de volume annuel d\u2019activit\u00e9, Bepro regarde donc le march\u00e9 de l\u2019acier avec ambition et optimisme.<\/p>\n","protected":false},"excerpt":{"rendered":"<p>Un fournisseur pour aciers sp\u00e9ciaux M\u00eame dans un contexte difficile, Peter Schorr voit encore de belles opportunit\u00e9s pour Bepro de poursuivre sur le m\u00eame rythme de d\u00e9veloppement. \u00ab\u00a0 Si nous ne prenons pas soin de nos clients, quelqu\u2019un d\u2019autre le fera \u00bb &#8211; c\u2019est un des principes suivi par Peter Schorr, fondateur et Directeur G\u00e9n\u00e9ral [&hellip;]<\/p>\n","protected":false},"author":3,"featured_media":142,"parent":0,"menu_order":7,"comment_status":"closed","ping_status":"closed","template":"","meta":{"_acf_changed":false,"footnotes":"","_wp_rev_ctl_limit":""},"class_list":["post-538","page","type-page","status-publish","has-post-thumbnail","hentry"],"acf":[],"_links":{"self":[{"href":"https:\/\/bepro.de\/fr\/wp-json\/wp\/v2\/pages\/538"}],"collection":[{"href":"https:\/\/bepro.de\/fr\/wp-json\/wp\/v2\/pages"}],"about":[{"href":"https:\/\/bepro.de\/fr\/wp-json\/wp\/v2\/types\/page"}],"author":[{"embeddable":true,"href":"https:\/\/bepro.de\/fr\/wp-json\/wp\/v2\/users\/3"}],"replies":[{"embeddable":true,"href":"https:\/\/bepro.de\/fr\/wp-json\/wp\/v2\/comments?post=538"}],"version-history":[{"count":1,"href":"https:\/\/bepro.de\/fr\/wp-json\/wp\/v2\/pages\/538\/revisions"}],"predecessor-version":[{"id":4721,"href":"https:\/\/bepro.de\/fr\/wp-json\/wp\/v2\/pages\/538\/revisions\/4721"}],"wp:featuredmedia":[{"embeddable":true,"href":"https:\/\/bepro.de\/fr\/wp-json\/wp\/v2\/media\/142"}],"wp:attachment":[{"href":"https:\/\/bepro.de\/fr\/wp-json\/wp\/v2\/media?parent=538"}],"curies":[{"name":"wp","href":"https:\/\/api.w.org\/{rel}","templated":true}]}}