{"id":535,"date":"2011-12-14T14:37:40","date_gmt":"2011-12-14T13:37:40","guid":{"rendered":"http:\/\/bepro.de\/?page_id=535"},"modified":"2020-10-28T14:42:30","modified_gmt":"2020-10-28T13:42:30","slug":"contact","status":"publish","type":"page","link":"https:\/\/bepro.de\/fr\/contact\/","title":{"rendered":"Contact"},"content":{"rendered":"<h2>Contact<\/h2>\n<p>Situ\u00e9s au centre de l&#8217;Europe, nous comptons parmi les leaders du n\u00e9goce des aciers de qualit\u00e9s.<\/p>\n<p>Interlocuteurs:<\/p>\n<p><strong>Mme. Nabila Oualkadi<\/strong><br \/>\n<strong>BEPRO<\/strong><br \/>\n<strong>Blech und Profistahl<\/strong><br \/>\nHandelsges. mbH &amp; Co. KG<br \/>\nConsolstra\u00dfe 11<br \/>\n45889 Gelsenkirchen<br \/>\nALLEMAGNE<br \/>\ntel. +49 209- 982 51-18<br \/>\nfax. +49 209- 982 51-31<br \/>\ne-mail: <script>\nvar xname = \"n.oualkadi\";\nvar xendung = \"bepro.de\";\ndocument.write('\\<a href=\\\"mailto:' + xname + '@' + xendung + '\">');\ndocument.write(xname + '@' + xendung + '<\/a>');\n<\/script><\/p>\n<p><strong>M. Roland Maurice<\/strong><br \/>\n<strong>Responsable d\u00e9veloppement des ventes<\/strong><br \/>\n<strong>BEPRO France<\/strong><br \/>\nR\u00e9gion Bordeaux<br \/>\nFRANCE<br \/>\nt\u00e9l: + 33 6 50 28 03 32<br \/>\ne-mail: <script>\nvar xname = \"r.maurice\";\nvar xendung = \"bepro.de\";\ndocument.write('\\<a href=\\\"mailto:' + xname + '@' + xendung + '\">');\ndocument.write(xname + '@' + xendung + '<\/a>');\n<\/script><\/p>\n<p>&nbsp;<\/p>\n","protected":false},"excerpt":{"rendered":"<p>Contact Situ\u00e9s au centre de l&#8217;Europe, nous comptons parmi les leaders du n\u00e9goce des aciers de qualit\u00e9s. Interlocuteurs: Mme. Nabila Oualkadi BEPRO Blech und Profistahl Handelsges. mbH &amp; Co. KG Consolstra\u00dfe 11 45889 Gelsenkirchen ALLEMAGNE tel. +49 209- 982 51-18 fax. +49 209- 982 51-31 e-mail: M. Roland Maurice Responsable d\u00e9veloppement des ventes BEPRO France [&hellip;]<\/p>\n","protected":false},"author":3,"featured_media":132,"parent":0,"menu_order":8,"comment_status":"closed","ping_status":"closed","template":"","meta":{"_acf_changed":false,"footnotes":"","_wp_rev_ctl_limit":""},"class_list":["post-535","page","type-page","status-publish","has-post-thumbnail","hentry"],"acf":[],"_links":{"self":[{"href":"https:\/\/bepro.de\/fr\/wp-json\/wp\/v2\/pages\/535"}],"collection":[{"href":"https:\/\/bepro.de\/fr\/wp-json\/wp\/v2\/pages"}],"about":[{"href":"https:\/\/bepro.de\/fr\/wp-json\/wp\/v2\/types\/page"}],"author":[{"embeddable":true,"href":"https:\/\/bepro.de\/fr\/wp-json\/wp\/v2\/users\/3"}],"replies":[{"embeddable":true,"href":"https:\/\/bepro.de\/fr\/wp-json\/wp\/v2\/comments?post=535"}],"version-history":[{"count":1,"href":"https:\/\/bepro.de\/fr\/wp-json\/wp\/v2\/pages\/535\/revisions"}],"predecessor-version":[{"id":4196,"href":"https:\/\/bepro.de\/fr\/wp-json\/wp\/v2\/pages\/535\/revisions\/4196"}],"wp:featuredmedia":[{"embeddable":true,"href":"https:\/\/bepro.de\/fr\/wp-json\/wp\/v2\/media\/132"}],"wp:attachment":[{"href":"https:\/\/bepro.de\/fr\/wp-json\/wp\/v2\/media?parent=535"}],"curies":[{"name":"wp","href":"https:\/\/api.w.org\/{rel}","templated":true}]}}