{"id":533,"date":"2011-12-14T14:32:24","date_gmt":"2011-12-14T13:32:24","guid":{"rendered":"http:\/\/bepro.de\/?page_id=533"},"modified":"2020-05-08T09:31:41","modified_gmt":"2020-05-08T08:31:41","slug":"service","status":"publish","type":"page","link":"https:\/\/bepro.de\/fr\/aciers\/service\/","title":{"rendered":"Service"},"content":{"rendered":"<p><script type=\"application\/ld+json\">\n{\n\"@context\": \"http:\/\/schema.org\",\n\"@type\": \"BreadcrumbList\",\n\"itemListElement\": [{\n\"@type\": \"ListItem\",\n\"position\": 1,\n\"item\": {\n\"@id\": \"https:\/\/bepro.de\/fr\/aciers\/\",\n\"name\": \"Aciers\"\n}\n},{\n\"@type\": \"ListItem\",\n\"position\": 2,\n\"item\": {\n\"@id\": \"https:\/\/bepro.de\/fr\/aciers\/service\/\/\",\n\"name\": \"Service\"\n}\n}]\n}\n<\/script><\/p>\n<h2>Service<\/h2>\n<p>BEPRO &#8211; STAHL, cr\u00e9\u00e9 en 1969, s&#8217; est efforc\u00e9, durant ses 50 ans d&#8217; existence, d&#8217; apporter \u00e0 sa client\u00e8le une qualit\u00e9 de service et un assortiment de produits stock\u00e9s tr\u00e8s complet. Avec ses 35000 tonnes de produits stock\u00e9s, BEPRO &#8211; STAHL peut \u00eatre consid\u00e9r\u00e9 comme le &#8220;sp\u00e9cialiste des sp\u00e9cialit\u00e9s&#8221;.<\/p>\n<p>BEPRO STAHL se distingue par :<\/p>\n<ul>\n<li>sa souplesse<\/li>\n<li>ses moyens<\/li>\n<li>son organisation<\/li>\n<li>son exp\u00e9rience et ses possibilit\u00e9s<\/li>\n<\/ul>\n<p>Possibilit\u00e9s de livraisons de nos produits partout dans le monde:<\/p>\n<ul>\n<li>dans des d\u00e9lais de livraison tr\u00e8s courts \/ mises sur bateaux<\/li>\n<li>dans le respect d\u2019 instructions de livraisons tr\u00e8s s\u00e9v\u00e8res<\/li>\n<li>avec logistique tr\u00e8s pointue<\/li>\n<li>avec tous les documents n\u00e9cessaires<\/li>\n<li>certification possible par le Lloyd\u2019s Register of Shipping, bureau Veritas ou tout autre organisme<\/li>\n<li>dans le souci des d\u00e9lais de livraisons convenus<\/li>\n<\/ul>\n<p>L&#8217; exp\u00e9rience acquise au cours de ses 50 ans d&#8217; existence, permettent \u00e0 BEPRO &#8211; STAHL de r\u00e9pondre \u00e0 des cahiers de charges complexes, \u00e0 des contrats complexes et importants, \u00e0 des livraisons lointaines, avec la plus grande fiabilit\u00e9.<\/p>\n<p>Nous sommes en mesure d&#8217; effectuer des livraisons FOB sur DUISBURG, BREME, HAMBURG,\u00a0 ANVERS et ROTTERDAM. Nous nous chargeons de l&#8217; emballage, de la mise en fardeaux, du marquage des produits, de l&#8217; \u00e9tablissement des documents,\u00a0de la livraison vers les ports concern\u00e9s.<\/p>\n<p>Pour la plupart de nos mat\u00e9riels, les certificats (EN 10204 \/ DIN 50049) d&#8217; usines sont disponibles.<\/p>\n<p>Nous pouvons \u00e9galement nous charger de la certification LRS, GL, VERITAS ou autres.<\/p>\n<p>Nous pouvons \u00e9galement faire effectuer des contr\u00f4les suppl\u00e9mentaires par des organismes tiers comme :<\/p>\n<ul>\n<li>certificats 3.1.C<\/li>\n<li>essai de traction<\/li>\n<li>essai de duret\u00e9<\/li>\n<li>essai de r\u00e9silience<\/li>\n<li>essai de striction<\/li>\n<li>examen de macrographie<\/li>\n<li>examen de surfaces<\/li>\n<li>analyses d&#8217; \u00e9chantillons et autres sur demande<\/li>\n<\/ul>\n<p><img decoding=\"async\" src=\"https:\/\/bepro.de\/wp-content\/uploads\/us-pruefung-scaled.jpg\" \/><\/p>\n","protected":false},"excerpt":{"rendered":"<p>Service BEPRO &#8211; STAHL, cr\u00e9\u00e9 en 1969, s&#8217; est efforc\u00e9, durant ses 50 ans d&#8217; existence, d&#8217; apporter \u00e0 sa client\u00e8le une qualit\u00e9 de service et un assortiment de produits stock\u00e9s tr\u00e8s complet. Avec ses 35000 tonnes de produits stock\u00e9s, BEPRO &#8211; STAHL peut \u00eatre consid\u00e9r\u00e9 comme le &#8220;sp\u00e9cialiste des sp\u00e9cialit\u00e9s&#8221;. BEPRO STAHL se distingue [&hellip;]<\/p>\n","protected":false},"author":3,"featured_media":1652,"parent":511,"menu_order":9,"comment_status":"closed","ping_status":"closed","template":"","meta":{"_acf_changed":false,"footnotes":"","_wp_rev_ctl_limit":""},"class_list":["post-533","page","type-page","status-publish","has-post-thumbnail","hentry"],"acf":[],"_links":{"self":[{"href":"https:\/\/bepro.de\/fr\/wp-json\/wp\/v2\/pages\/533"}],"collection":[{"href":"https:\/\/bepro.de\/fr\/wp-json\/wp\/v2\/pages"}],"about":[{"href":"https:\/\/bepro.de\/fr\/wp-json\/wp\/v2\/types\/page"}],"author":[{"embeddable":true,"href":"https:\/\/bepro.de\/fr\/wp-json\/wp\/v2\/users\/3"}],"replies":[{"embeddable":true,"href":"https:\/\/bepro.de\/fr\/wp-json\/wp\/v2\/comments?post=533"}],"version-history":[{"count":0,"href":"https:\/\/bepro.de\/fr\/wp-json\/wp\/v2\/pages\/533\/revisions"}],"up":[{"embeddable":true,"href":"https:\/\/bepro.de\/fr\/wp-json\/wp\/v2\/pages\/511"}],"wp:featuredmedia":[{"embeddable":true,"href":"https:\/\/bepro.de\/fr\/wp-json\/wp\/v2\/media\/1652"}],"wp:attachment":[{"href":"https:\/\/bepro.de\/fr\/wp-json\/wp\/v2\/media?parent=533"}],"curies":[{"name":"wp","href":"https:\/\/api.w.org\/{rel}","templated":true}]}}