{"id":531,"date":"2011-12-14T14:30:05","date_gmt":"2011-12-14T13:30:05","guid":{"rendered":"http:\/\/bepro.de\/?page_id=531"},"modified":"2020-10-26T15:49:51","modified_gmt":"2020-10-26T14:49:51","slug":"cornieres-s355-j2-lamines","status":"publish","type":"page","link":"https:\/\/bepro.de\/fr\/aciers\/cornieres-s355-j2-lamines\/","title":{"rendered":"Lamin\u00e9s Corni\u00e8re"},"content":{"rendered":"<p><script type=\"application\/ld+json\">\n{\n\"@context\": \"http:\/\/schema.org\",\n\"@type\": \"BreadcrumbList\",\n\"itemListElement\": [{\n\"@type\": \"ListItem\",\n\"position\": 1,\n\"item\": {\n\"@id\": \"https:\/\/bepro.de\/fr\/aciers\/\",\n\"name\": \"Aciers\"\n}\n},{\n\"@type\": \"ListItem\",\n\"position\": 2,\n\"item\": {\n\"@id\": \"https:\/\/bepro.de\/fr\/aciers\/cornieres-s355-j2-lamines\/\/\",\n\"name\": \"Lamin\u00e9s Corni\u00e8re\"\n}\n}]\n}\n<\/script><\/p>\n<h2>Lamin\u00e9s Corni\u00e8re<\/h2>\n<h2><img decoding=\"async\" src=\"https:\/\/bepro.de\/wp-content\/uploads\/749561-4.jpg\" alt=\"Fournisseur d'acier S355 S355J2\"\/><\/h2>\n<p>Qualit\u00e9s: S355J2+AR\/+M\/+N<\/p>\n<p>Dimensions:<\/p>\n<ul>\n<li>\u00e9gales 20 x 20 x 3 mm &#8211; 300 x 300 x 38 mm<\/li>\n<li>in\u00e9gales 30 x 20 x 3 mm &#8211; 250 x 90 x 16 mm<\/li>\n<\/ul>\n<p>Un certificat de qualit\u00e9 accompagne la totalit\u00e9 des produits. (EN 10204)<\/p>\n<p>\u00c9galement dans notre gamme: <a title=\"Poutrelles\" href=\"http:\/\/bepro.de\/fr\/aciers\/poutrelles\/\">T-profiles<\/a><\/p>\n","protected":false},"excerpt":{"rendered":"<p>Lamin\u00e9s Corni\u00e8re Qualit\u00e9s: S355J2+AR\/+M\/+N Dimensions: \u00e9gales 20 x 20 x 3 mm &#8211; 300 x 300 x 38 mm in\u00e9gales 30 x 20 x 3 mm &#8211; 250 x 90 x 16 mm Un certificat de qualit\u00e9 accompagne la totalit\u00e9 des produits. (EN 10204) \u00c9galement dans notre gamme: T-profiles<\/p>\n","protected":false},"author":3,"featured_media":163,"parent":511,"menu_order":4,"comment_status":"closed","ping_status":"closed","template":"","meta":{"_acf_changed":false,"footnotes":"","_wp_rev_ctl_limit":""},"class_list":["post-531","page","type-page","status-publish","has-post-thumbnail","hentry"],"acf":[],"_links":{"self":[{"href":"https:\/\/bepro.de\/fr\/wp-json\/wp\/v2\/pages\/531"}],"collection":[{"href":"https:\/\/bepro.de\/fr\/wp-json\/wp\/v2\/pages"}],"about":[{"href":"https:\/\/bepro.de\/fr\/wp-json\/wp\/v2\/types\/page"}],"author":[{"embeddable":true,"href":"https:\/\/bepro.de\/fr\/wp-json\/wp\/v2\/users\/3"}],"replies":[{"embeddable":true,"href":"https:\/\/bepro.de\/fr\/wp-json\/wp\/v2\/comments?post=531"}],"version-history":[{"count":0,"href":"https:\/\/bepro.de\/fr\/wp-json\/wp\/v2\/pages\/531\/revisions"}],"up":[{"embeddable":true,"href":"https:\/\/bepro.de\/fr\/wp-json\/wp\/v2\/pages\/511"}],"wp:featuredmedia":[{"embeddable":true,"href":"https:\/\/bepro.de\/fr\/wp-json\/wp\/v2\/media\/163"}],"wp:attachment":[{"href":"https:\/\/bepro.de\/fr\/wp-json\/wp\/v2\/media?parent=531"}],"curies":[{"name":"wp","href":"https:\/\/api.w.org\/{rel}","templated":true}]}}