{"id":529,"date":"2011-12-14T14:26:02","date_gmt":"2011-12-14T13:26:02","guid":{"rendered":"http:\/\/bepro.de\/?page_id=529"},"modified":"2020-10-26T15:49:13","modified_gmt":"2020-10-26T14:49:13","slug":"carres-s355-j2-lamines","status":"publish","type":"page","link":"https:\/\/bepro.de\/fr\/aciers\/carres-s355-j2-lamines\/","title":{"rendered":"Lamin\u00e9s Carr\u00e9"},"content":{"rendered":"<p><script type=\"application\/ld+json\">\n{\n\"@context\": \"http:\/\/schema.org\",\n\"@type\": \"BreadcrumbList\",\n\"itemListElement\": [{\n\"@type\": \"ListItem\",\n\"position\": 1,\n\"item\": {\n\"@id\": \"https:\/\/bepro.de\/fr\/aciers\/\",\n\"name\": \"Aciers\"\n}\n},{\n\"@type\": \"ListItem\",\n\"position\": 2,\n\"item\": {\n\"@id\": \"https:\/\/bepro.de\/fr\/aciers\/carres-s355-j2-lamines\/\/\",\n\"name\": \"Lamin\u00e9s Carr\u00e9\"\n}\n}]\n}\n<\/script><\/p>\n<h2>Lamin\u00e9s Carr\u00e9<\/h2>\n<h2><img decoding=\"async\" src=\"https:\/\/bepro.de\/wp-content\/uploads\/billets-eu-material-001.jpg\" alt=\"Fournisseur d'acier S355 S355J2\"\/><\/h2>\n<p>Nos carr\u00e9s sont en nuances S355J2+AR\/+M\/<strong>+N<\/strong>, les sections sont de 8 \u00e0 300 mm.<\/p>\n<p>Longueur standard de 6m, nous stockons \u00e9galement des barres de longueurs sup\u00e9rieures jusqu&#8217;\u00e0 <strong>12m<\/strong>.<\/p>\n<p>Nos carr\u00e9s sont lamin\u00e9s ou forg\u00e9s et sont fournis avec un certificat d&#8217;usine (EN 10204).<\/p>\n<table>\n<tbody>\n<tr>\n<th>carr\u00e9s<\/th>\n<th>+AR<\/th>\n<th>+M<\/th>\n<th>+N<\/th>\n<th>lamin\u00e9s<\/th>\n<th>forg\u00e9s<\/th>\n<\/tr>\n<\/tbody>\n<tbody>\n<tr>\n<td><center>8 mm<\/center><\/td>\n<td><center>x<\/center><\/td>\n<td><\/td>\n<td><\/td>\n<td><center>x<\/center><\/td>\n<td><\/td>\n<\/tr>\n<tr>\n<td><center>10 mm<\/center><\/td>\n<td><center>x<\/center><\/td>\n<td><\/td>\n<td><\/td>\n<td><center>x<\/center><\/td>\n<td><\/td>\n<\/tr>\n<tr>\n<td><center>12 mm<\/center><\/td>\n<td><center>x<\/center><\/td>\n<td><\/td>\n<td><\/td>\n<td><center>x<\/center><\/td>\n<td><\/td>\n<\/tr>\n<tr>\n<td><center>14 mm<\/center><\/td>\n<td><center>x<\/center><\/td>\n<td><\/td>\n<td><\/td>\n<td><center>x<\/center><\/td>\n<td><\/td>\n<\/tr>\n<tr>\n<td><center>15 mm<\/center><\/td>\n<td><center>x<\/center><\/td>\n<td><\/td>\n<td><\/td>\n<td><center>x<\/center><\/td>\n<td><\/td>\n<\/tr>\n<tr>\n<td><center>16 mm<\/center><\/td>\n<td><center>x<\/center><\/td>\n<td><\/td>\n<td><\/td>\n<td><center>x<\/center><\/td>\n<td><\/td>\n<\/tr>\n<tr>\n<td><center>18 mm<\/center><\/td>\n<td><center>x<\/center><\/td>\n<td><\/td>\n<td><\/td>\n<td><center>x<\/center><\/td>\n<td><\/td>\n<\/tr>\n<tr>\n<td><center>20 mm<\/center><\/td>\n<td><center>x<\/center><\/td>\n<td><\/td>\n<td><\/td>\n<td><center>x<\/center><\/td>\n<td><\/td>\n<\/tr>\n<tr>\n<td><center>22 mm<\/center><\/td>\n<td><center>x<\/center><\/td>\n<td><\/td>\n<td><\/td>\n<td><center>x<\/center><\/td>\n<td><\/td>\n<\/tr>\n<tr>\n<td><center>25 mm<\/center><\/td>\n<td><center>x<\/center><\/td>\n<td><\/td>\n<td><\/td>\n<td><center>x<\/center><\/td>\n<td><\/td>\n<\/tr>\n<tr>\n<td><center>28 mm<\/center><\/td>\n<td><center>x<\/center><\/td>\n<td><\/td>\n<td><\/td>\n<td><center>x<\/center><\/td>\n<td><\/td>\n<\/tr>\n<tr>\n<td><center>30 mm<\/center><\/td>\n<td><center>x<\/center><\/td>\n<td><\/td>\n<td><\/td>\n<td><center>x<\/center><\/td>\n<td><\/td>\n<\/tr>\n<tr>\n<td><center>32 mm<\/center><\/td>\n<td><center>x<\/center><\/td>\n<td><\/td>\n<td><\/td>\n<td><center>x<\/center><\/td>\n<td><\/td>\n<\/tr>\n<tr>\n<td><center>35 mm<\/center><\/td>\n<td><center>x<\/center><\/td>\n<td><\/td>\n<td><\/td>\n<td><center>x<\/center><\/td>\n<td><\/td>\n<\/tr>\n<tr>\n<td><center>40 mm<\/center><\/td>\n<td><center>x<\/center><\/td>\n<td><\/td>\n<td><\/td>\n<td><center>x<\/center><\/td>\n<td><\/td>\n<\/tr>\n<tr>\n<td><center>45 mm<\/center><\/td>\n<td><center>x<\/center><\/td>\n<td><\/td>\n<td><\/td>\n<td><center>x<\/center><\/td>\n<td><\/td>\n<\/tr>\n<tr>\n<td><center>48 mm<\/center><\/td>\n<td><center>x<\/center><\/td>\n<td><\/td>\n<td><\/td>\n<td><center>x<\/center><\/td>\n<td><\/td>\n<\/tr>\n<tr>\n<td><center>50 mm<\/center><\/td>\n<td><center>x<\/center><\/td>\n<td><\/td>\n<td><center>x<\/center><\/td>\n<td><center>x<\/center><\/td>\n<td><\/td>\n<\/tr>\n<tr>\n<td><center>52 mm<\/center><\/td>\n<td><center>x<\/center><\/td>\n<td><\/td>\n<td><\/td>\n<td><center>x<\/center><\/td>\n<td><\/td>\n<\/tr>\n<tr>\n<td><center>55 mm<\/center><\/td>\n<td><center>x<\/center><\/td>\n<td><\/td>\n<td><\/td>\n<td><center>x<\/center><\/td>\n<td><\/td>\n<\/tr>\n<tr>\n<td><center>60 mm<\/center><\/td>\n<td><center>x<\/center><\/td>\n<td><\/td>\n<td><center>x<\/center><\/td>\n<td><center>x<\/center><\/td>\n<td><\/td>\n<\/tr>\n<tr>\n<td><center>65 mm<\/center><\/td>\n<td><center>x<\/center><\/td>\n<td><\/td>\n<td><\/td>\n<td><center>x<\/center><\/td>\n<td><\/td>\n<\/tr>\n<tr>\n<td><center>70 mm<\/center><\/td>\n<td><center>x<\/center><\/td>\n<td><\/td>\n<td><center>x<\/center><\/td>\n<td><center>x<\/center><\/td>\n<td><\/td>\n<\/tr>\n<tr>\n<td><center>75 mm<\/center><\/td>\n<td><center>x<\/center><\/td>\n<td><\/td>\n<td><\/td>\n<td><center>x<\/center><\/td>\n<td><\/td>\n<\/tr>\n<tr>\n<td><center>80 mm<\/center><\/td>\n<td><center>x<\/center><\/td>\n<td><\/td>\n<td><center>x<\/center><\/td>\n<td><center>x<\/center><\/td>\n<td><\/td>\n<\/tr>\n<tr>\n<td><center>85 mm<\/center><\/td>\n<td><center>x<\/center><\/td>\n<td><\/td>\n<td><\/td>\n<td><center>x<\/center><\/td>\n<td><\/td>\n<\/tr>\n<tr>\n<td><center>90 mm<\/center><\/td>\n<td><center>x<\/center><\/td>\n<td><\/td>\n<td><center>x<\/center><\/td>\n<td><center>x<\/center><\/td>\n<td><\/td>\n<\/tr>\n<tr>\n<td><center>95 mm<\/center><\/td>\n<td><center>x<\/center><\/td>\n<td><\/td>\n<td><\/td>\n<td><center>x<\/center><\/td>\n<td><\/td>\n<\/tr>\n<tr>\n<td><center>100 mm<\/center><\/td>\n<td><center>x<\/center><\/td>\n<td><\/td>\n<td><center>x<\/center><\/td>\n<td><center>x<\/center><\/td>\n<td><\/td>\n<\/tr>\n<tr>\n<td><center>110 mm<\/center><\/td>\n<td><\/td>\n<td><center>x<\/center><\/td>\n<td><center>x<\/center><\/td>\n<td><center>x<\/center><\/td>\n<td><\/td>\n<\/tr>\n<tr>\n<td><center>120 mm<\/center><\/td>\n<td><\/td>\n<td><center>x<\/center><\/td>\n<td><center>x<\/center><\/td>\n<td><center>x<\/center><\/td>\n<td><\/td>\n<\/tr>\n<tr>\n<td><center>125 mm<\/center><\/td>\n<td><center>x<\/center><\/td>\n<td><\/td>\n<td><\/td>\n<td><center>x<\/center><\/td>\n<td><\/td>\n<\/tr>\n<tr>\n<td><center>130 mm<\/center><\/td>\n<td><\/td>\n<td><center>x<\/center><\/td>\n<td><center>x<\/center><\/td>\n<td><center>x<\/center><\/td>\n<td><\/td>\n<\/tr>\n<tr>\n<td><center>140 mm<\/center><\/td>\n<td><\/td>\n<td><center>x<\/center><\/td>\n<td><center>x<\/center><\/td>\n<td><center>x<\/center><\/td>\n<td><\/td>\n<\/tr>\n<tr>\n<td><center>150 mm<\/center><\/td>\n<td><\/td>\n<td><center>x<\/center><\/td>\n<td><center>x<\/center><\/td>\n<td><center>x<\/center><\/td>\n<td><\/td>\n<\/tr>\n<tr>\n<td><center>160 mm<\/center><\/td>\n<td><\/td>\n<td><center>x<\/center><\/td>\n<td><\/td>\n<td><center>x<\/center><\/td>\n<td><\/td>\n<\/tr>\n<tr>\n<td><center>170 mm<\/center><\/td>\n<td><\/td>\n<td><\/td>\n<td><center>x<\/center><\/td>\n<td><\/td>\n<td><center>x<\/center><\/td>\n<\/tr>\n<tr>\n<td><center>180 mm<\/center><\/td>\n<td><\/td>\n<td><\/td>\n<td><center>x<\/center><\/td>\n<td><\/td>\n<td><center>x<\/center><\/td>\n<\/tr>\n<tr>\n<td><center>190 mm<\/center><\/td>\n<td><\/td>\n<td><\/td>\n<td><center>x<\/center><\/td>\n<td><\/td>\n<td><center>x<\/center><\/td>\n<\/tr>\n<tr>\n<td><center>200 mm<\/center><\/td>\n<td><\/td>\n<td><\/td>\n<td><center>x<\/center><\/td>\n<td><\/td>\n<td><center>x<\/center><\/td>\n<\/tr>\n<tr>\n<td><center>210 mm<\/center><\/td>\n<td><\/td>\n<td><\/td>\n<td><center>x<\/center><\/td>\n<td><\/td>\n<td><center>x<\/center><\/td>\n<\/tr>\n<tr>\n<td><center>220 mm<\/center><\/td>\n<td><\/td>\n<td><\/td>\n<td><center>x<\/center><\/td>\n<td><\/td>\n<td><center>x<\/center><\/td>\n<\/tr>\n<tr>\n<td><center>230 mm<\/center><\/td>\n<td><center>x<\/center><\/td>\n<td><\/td>\n<td><center>x<\/center><\/td>\n<td><\/td>\n<td><center>x<\/center><\/td>\n<\/tr>\n<tr>\n<td><center>240 mm<\/center><\/td>\n<td><center>x<\/center><\/td>\n<td><\/td>\n<td><center>x<\/center><\/td>\n<td><\/td>\n<td><center>x<\/center><\/td>\n<\/tr>\n<tr>\n<td><center>250 mm<\/center><\/td>\n<td><\/td>\n<td><\/td>\n<td><center>x<\/center><\/td>\n<td><\/td>\n<td><center>x<\/center><\/td>\n<\/tr>\n<tr>\n<td><center>260 mm<\/center><\/td>\n<td><\/td>\n<td><\/td>\n<td><center>x<\/center><\/td>\n<td><\/td>\n<td><center>x<\/center><\/td>\n<\/tr>\n<tr>\n<td><center>280 mm<\/center><\/td>\n<td><center>x<\/center><\/td>\n<td><\/td>\n<td><center>x<\/center><\/td>\n<td><\/td>\n<td><center>x<\/center><\/td>\n<\/tr>\n<tr>\n<td><center>300 mm<\/center><\/td>\n<td><\/td>\n<td><\/td>\n<td><center>x<\/center><\/td>\n<td><\/td>\n<td><center>x<\/center><\/td>\n<\/tr>\n<\/tbody>\n<\/table>\n","protected":false},"excerpt":{"rendered":"<p>Lamin\u00e9s Carr\u00e9 Nos carr\u00e9s sont en nuances S355J2+AR\/+M\/+N, les sections sont de 8 \u00e0 300 mm. Longueur standard de 6m, nous stockons \u00e9galement des barres de longueurs sup\u00e9rieures jusqu&#8217;\u00e0 12m. Nos carr\u00e9s sont lamin\u00e9s ou forg\u00e9s et sont fournis avec un certificat d&#8217;usine (EN 10204). carr\u00e9s +AR +M +N lamin\u00e9s forg\u00e9s 8 mm x x [&hellip;]<\/p>\n","protected":false},"author":3,"featured_media":175,"parent":511,"menu_order":4,"comment_status":"closed","ping_status":"closed","template":"","meta":{"_acf_changed":false,"footnotes":"","_wp_rev_ctl_limit":""},"class_list":["post-529","page","type-page","status-publish","has-post-thumbnail","hentry"],"acf":[],"_links":{"self":[{"href":"https:\/\/bepro.de\/fr\/wp-json\/wp\/v2\/pages\/529"}],"collection":[{"href":"https:\/\/bepro.de\/fr\/wp-json\/wp\/v2\/pages"}],"about":[{"href":"https:\/\/bepro.de\/fr\/wp-json\/wp\/v2\/types\/page"}],"author":[{"embeddable":true,"href":"https:\/\/bepro.de\/fr\/wp-json\/wp\/v2\/users\/3"}],"replies":[{"embeddable":true,"href":"https:\/\/bepro.de\/fr\/wp-json\/wp\/v2\/comments?post=529"}],"version-history":[{"count":0,"href":"https:\/\/bepro.de\/fr\/wp-json\/wp\/v2\/pages\/529\/revisions"}],"up":[{"embeddable":true,"href":"https:\/\/bepro.de\/fr\/wp-json\/wp\/v2\/pages\/511"}],"wp:featuredmedia":[{"embeddable":true,"href":"https:\/\/bepro.de\/fr\/wp-json\/wp\/v2\/media\/175"}],"wp:attachment":[{"href":"https:\/\/bepro.de\/fr\/wp-json\/wp\/v2\/media?parent=529"}],"curies":[{"name":"wp","href":"https:\/\/api.w.org\/{rel}","templated":true}]}}