{"id":527,"date":"2011-12-14T14:23:23","date_gmt":"2011-12-14T13:23:23","guid":{"rendered":"http:\/\/bepro.de\/?page_id=527"},"modified":"2020-10-26T15:49:35","modified_gmt":"2020-10-26T14:49:35","slug":"ronds-s355-j2-lamines","status":"publish","type":"page","link":"https:\/\/bepro.de\/fr\/aciers\/ronds-s355-j2-lamines\/","title":{"rendered":"Lamin\u00e9s Rond"},"content":{"rendered":"<p><script type=\"application\/ld+json\">\n{\n\"@context\": \"http:\/\/schema.org\",\n\"@type\": \"BreadcrumbList\",\n\"itemListElement\": [{\n\"@type\": \"ListItem\",\n\"position\": 1,\n\"item\": {\n\"@id\": \"https:\/\/bepro.de\/fr\/aciers\/\",\n\"name\": \"Aciers\"\n}\n},{\n\"@type\": \"ListItem\",\n\"position\": 2,\n\"item\": {\n\"@id\": \"https:\/\/bepro.de\/fr\/aciers\/ronds-s355-j2-lamines\/\/\",\n\"name\": \"Lamin\u00e9s Rond\"\n}\n}]\n}\n<\/script><\/p>\n<h2>Lamin\u00e9s Rond<\/h2>\n<h2><img decoding=\"async\" src=\"https:\/\/bepro.de\/wp-content\/uploads\/j.c.-aciers_8584-008-scaled-2.jpg\" alt=\"Fournisseur d'acier S355 S355J2\"\/><\/h2>\n<p>Nous stockons les ronds dans les nuances S355J2+AR\/+M\/<strong>+N<\/strong> trait\u00e9s, en diam\u00e8tres de 8 \u00e0 600 mm.<\/p>\n<p>La longueur standard est de 6m. Vous trouverez aussi chez nous des barres de longueurs sup\u00e9rieures jusqu&#8217;\u00e0 <strong>12m<\/strong>.<\/p>\n<p>A partir de 200 mm de diam\u00e8tre nou pouvons scier nos barres \u00e0\u00a0vos longueurs.<\/p>\n<p>Nos ronds sont lamin\u00e9s, forg\u00e9s ou \u00e9crout\u00e9s (en fonction des diam\u00e8tres) et\u00a0 fournis avec un certificat d&#8217;usine (EN 10204).<\/p>\n<p>&nbsp;<\/p>\n<p><span style=\"color: #ffffff;\">6|8|10|12|14|16|18|19|20|22|24|25|27|28|30|32|33|34|35|36|37|38|40|45|48|50|55|57|58|60|63|65|68|70|75|80|85|90|95|100|105|110|115|120|125|130|140|145|150|155|160|170|180|190|200|210|220|230|240|250|260|270|300|600|650|700<\/span><\/p>\n","protected":false},"excerpt":{"rendered":"<p>Lamin\u00e9s Rond Nous stockons les ronds dans les nuances S355J2+AR\/+M\/+N trait\u00e9s, en diam\u00e8tres de 8 \u00e0 600 mm. La longueur standard est de 6m. Vous trouverez aussi chez nous des barres de longueurs sup\u00e9rieures jusqu&#8217;\u00e0 12m. A partir de 200 mm de diam\u00e8tre nou pouvons scier nos barres \u00e0\u00a0vos longueurs. Nos ronds sont lamin\u00e9s, forg\u00e9s [&hellip;]<\/p>\n","protected":false},"author":3,"featured_media":1628,"parent":511,"menu_order":3,"comment_status":"closed","ping_status":"closed","template":"","meta":{"_acf_changed":false,"footnotes":"","_wp_rev_ctl_limit":""},"class_list":["post-527","page","type-page","status-publish","has-post-thumbnail","hentry"],"acf":[],"_links":{"self":[{"href":"https:\/\/bepro.de\/fr\/wp-json\/wp\/v2\/pages\/527"}],"collection":[{"href":"https:\/\/bepro.de\/fr\/wp-json\/wp\/v2\/pages"}],"about":[{"href":"https:\/\/bepro.de\/fr\/wp-json\/wp\/v2\/types\/page"}],"author":[{"embeddable":true,"href":"https:\/\/bepro.de\/fr\/wp-json\/wp\/v2\/users\/3"}],"replies":[{"embeddable":true,"href":"https:\/\/bepro.de\/fr\/wp-json\/wp\/v2\/comments?post=527"}],"version-history":[{"count":0,"href":"https:\/\/bepro.de\/fr\/wp-json\/wp\/v2\/pages\/527\/revisions"}],"up":[{"embeddable":true,"href":"https:\/\/bepro.de\/fr\/wp-json\/wp\/v2\/pages\/511"}],"wp:featuredmedia":[{"embeddable":true,"href":"https:\/\/bepro.de\/fr\/wp-json\/wp\/v2\/media\/1628"}],"wp:attachment":[{"href":"https:\/\/bepro.de\/fr\/wp-json\/wp\/v2\/media?parent=527"}],"curies":[{"name":"wp","href":"https:\/\/api.w.org\/{rel}","templated":true}]}}