{"id":523,"date":"2011-12-14T14:19:34","date_gmt":"2011-12-14T13:19:34","guid":{"rendered":"http:\/\/bepro.de\/?page_id=523"},"modified":"2020-10-23T10:08:30","modified_gmt":"2020-10-23T09:08:30","slug":"poutrelles-s355-j2","status":"publish","type":"page","link":"https:\/\/bepro.de\/fr\/aciers\/poutrelles-s355-j2\/","title":{"rendered":"Poutrelles S355J2+AR\/+M\/+N &#8211; S355MLO &#8211; S355G11+M &#8211; HEA \/ HEB \/ HEM \/ UNP \/ UPE \/ INP \/ IPE"},"content":{"rendered":"<p><script type=\"application\/ld+json\">\n{\n\"@context\": \"http:\/\/schema.org\",\n\"@type\": \"BreadcrumbList\",\n\"itemListElement\": [{\n\"@type\": \"ListItem\",\n\"position\": 1,\n\"item\": {\n\"@id\": \"https:\/\/bepro.de\/fr\/aciers\/\",\n\"name\": \"Aciers\"\n}\n},{\n\"@type\": \"ListItem\",\n\"position\": 2,\n\"item\": {\n\"@id\": \"https:\/\/bepro.de\/fr\/aciers\/poutrelles-s355-j2\/\/\",\n\"name\": \"Poutrelles\"\n}\n}]\n}\n<\/script><\/p>\n<h2>Poutrelles<\/h2>\n<p><img decoding=\"async\" src=\"https:\/\/bepro.de\/wp-content\/uploads\/profile_s355-1-scaled-e1581603202747.jpg\" alt=\"Fournisseur d'acier S355 S355J2\"\/><\/p>\n<p>Nos poutrelles sont en nuance S355J2+AR\/+M\/+N. Des possibilit\u00e9s existent \u00e9galement en S235JR.<\/p>\n<h5>+ Offshore <strong>S355MLO <\/strong>(1.8806 ) (EN 10225-2:2019) vieux: S355G11+M (EN 10225:2009)<\/h5>\n<p>&nbsp;<\/p>\n<h3>Les Profiles suivants sont stock\u00e9s en permanence:<\/h3>\n<ul>\n<li>UNP 80 \u2013 400 mm<\/li>\n<li>UPE 80 \u2013 400 mm<\/li>\n<li>INP 80 \u2013 600 mm<\/li>\n<li>IPE 80 \u2013 750 mm<\/li>\n<li>HEA 100 \u2013 1000 mm<\/li>\n<li>HEB 100 \u2013 1000 mm<\/li>\n<li>HEM 100 \u2013 1000 mm<\/li>\n<\/ul>\n<p>Ces poutre m\u00e9tallique sont livrables en barres de 12,1m \/ 13,1m \/ 14,1m \/ 15,1m \/ 16,1m \/ 18,1m \/ 20,1m.<\/p>\n<p>Pour la nuance S355 J2, un certificat EN 10204 est fourni. Pour la nuance S235JR, vous pouvez obtenir au minimum un certificat 2.2<\/p>\n<p><strong>Fers T et U<\/strong><\/p>\n<p>Ces fers sont stock\u00e9s en S355J2 dans les sections si dessous. Des possibilit\u00e9s existent \u00e9galement en S235JR.<\/p>\n<table>\n<tbody>\n<tr>\n<td width=\"140\">T 20 \u00d7 20 \u00d7 3<\/td>\n<td width=\"140\">T 70 \u00d7 70 \u00d7 8<\/td>\n<td>U 30 \u00d7 15 \u00d7 4<\/td>\n<\/tr>\n<tr>\n<td>T 25 \u00d7 25 \u00d7 3,5<\/td>\n<td>T 80 \u00d7 80 \u00d7 9<\/td>\n<td>U 30 \u00d7 33 \u00d7 5<\/td>\n<\/tr>\n<tr>\n<td>T 30 \u00d7 30 \u00d7 4<\/td>\n<td>T 90 \u00d7 90 \u00d710<\/td>\n<td>U 40 \u00d7 20 \u00d7 5<\/td>\n<\/tr>\n<tr>\n<td>T 35 \u00d7 35 \u00d7 4,5<\/td>\n<td>T 100 \u00d7100 \u00d711<\/td>\n<td>U 40 \u00d7 35 \u00d7 5<\/td>\n<\/tr>\n<tr>\n<td>T 40 \u00d7 40 \u00d7 5<\/td>\n<td>T 120 \u00d7120 \u00d713<\/td>\n<td>U 50 \u00d7 25 \u00d7 5<\/td>\n<\/tr>\n<tr>\n<td>T 50 \u00d7 50 \u00d7 6<\/td>\n<td>T 140 \u00d7140 \u00d715<\/td>\n<td>U 50 \u00d7 38 \u00d7 5<\/td>\n<\/tr>\n<tr>\n<td>T 45 \u00d7 45 \u00d7 5,5<\/td>\n<td><\/td>\n<td>U 60 \u00d7 30 \u00d7 6<\/td>\n<\/tr>\n<tr>\n<td>T 60 \u00d7 60 \u00d7 7<\/td>\n<td><\/td>\n<td>U 65 \u00d7 42 \u00d7 5,5<\/td>\n<\/tr>\n<\/tbody>\n<\/table>\n<p>T et U en longeurs de 6 ou 12 m\u00e8tres certificats d&#8217;usine pour tous ces mat\u00e9riels.<\/p>\n<div class=\"crosslink\"><a title=\"Aper\u00e7u g\u00e9n\u00e9ral du poids de commerce\" href=\"poidsdecommerce-heb-hea-hem-unp-upe-inp-ipe\">Aper\u00e7u g\u00e9n\u00e9ral du poids de commerce \u00bb<\/a><\/div>\n<div><\/div>\n<div><span style=\"color: #ffffff;\">80 | 100 | 120 | 140 | 160 | 180 | 200 | 220 | 240 | 260 | 270 | 280 | 300 | 320 | 330 | 340 | 350 | 360 | 380 | 400 | 450 | 500 | 550 | 600 | 650 | 700 | 750 | 800 | 900 | 1000<\/span><\/div>\n","protected":false},"excerpt":{"rendered":"<p>Poutrelles Nos poutrelles sont en nuance S355J2+AR\/+M\/+N. Des possibilit\u00e9s existent \u00e9galement en S235JR. + Offshore S355MLO (1.8806 ) (EN 10225-2:2019) vieux: S355G11+M (EN 10225:2009) &nbsp; Les Profiles suivants sont stock\u00e9s en permanence: UNP 80 \u2013 400 mm UPE 80 \u2013 400 mm INP 80 \u2013 600 mm IPE 80 \u2013 750 mm HEA 100 \u2013 [&hellip;]<\/p>\n","protected":false},"author":3,"featured_media":177,"parent":511,"menu_order":4,"comment_status":"closed","ping_status":"closed","template":"","meta":{"_acf_changed":false,"footnotes":"","_wp_rev_ctl_limit":""},"class_list":["post-523","page","type-page","status-publish","has-post-thumbnail","hentry"],"acf":[],"_links":{"self":[{"href":"https:\/\/bepro.de\/fr\/wp-json\/wp\/v2\/pages\/523"}],"collection":[{"href":"https:\/\/bepro.de\/fr\/wp-json\/wp\/v2\/pages"}],"about":[{"href":"https:\/\/bepro.de\/fr\/wp-json\/wp\/v2\/types\/page"}],"author":[{"embeddable":true,"href":"https:\/\/bepro.de\/fr\/wp-json\/wp\/v2\/users\/3"}],"replies":[{"embeddable":true,"href":"https:\/\/bepro.de\/fr\/wp-json\/wp\/v2\/comments?post=523"}],"version-history":[{"count":0,"href":"https:\/\/bepro.de\/fr\/wp-json\/wp\/v2\/pages\/523\/revisions"}],"up":[{"embeddable":true,"href":"https:\/\/bepro.de\/fr\/wp-json\/wp\/v2\/pages\/511"}],"wp:featuredmedia":[{"embeddable":true,"href":"https:\/\/bepro.de\/fr\/wp-json\/wp\/v2\/media\/177"}],"wp:attachment":[{"href":"https:\/\/bepro.de\/fr\/wp-json\/wp\/v2\/media?parent=523"}],"curies":[{"name":"wp","href":"https:\/\/api.w.org\/{rel}","templated":true}]}}