{"id":511,"date":"2011-12-14T13:55:51","date_gmt":"2011-12-14T12:55:51","guid":{"rendered":"http:\/\/bepro.de\/?page_id=511"},"modified":"2024-05-16T16:05:30","modified_gmt":"2024-05-16T15:05:30","slug":"aciers","status":"publish","type":"page","link":"https:\/\/bepro.de\/fr\/aciers\/","title":{"rendered":"Aciers"},"content":{"rendered":"<p><script type=\"application\/ld+json\">\n{\n\"@context\": \"http:\/\/schema.org\",\n\"@type\": \"BreadcrumbList\",\n\"itemListElement\": [{\n\"@type\": \"ListItem\",\n\"position\": 1,\n\"item\": {\n\"@id\": \"https:\/\/bepro.de\/fr\/aciers\/\/\",\n\"name\": \"Aciers\"\n}\n}]\n}\n<\/script><\/p>\n<h2>Nos stocks<\/h2>\n<p><img loading=\"lazy\" decoding=\"async\" class=\"alignnone size-large wp-image-1099\" src=\"https:\/\/bepro.de\/wp-content\/uploads\/bepro-ge-ac-580-580x326.jpg\" alt=\"Fournisseur d'acier S355 S355J2\" width=\"580\" height=\"326\" srcset=\"https:\/\/bepro.de\/wp-content\/uploads\/bepro-ge-ac-580.jpg 580w, https:\/\/bepro.de\/wp-content\/uploads\/bepro-ge-ac-580-240x135.jpg 240w\" sizes=\"(max-width: 580px) 100vw, 580px\" \/><\/p>\n<p>&nbsp;<\/p>\n<ul>\n<li>45.000 m\u00b2 surface totale<\/li>\n<li>30.000 m\u00b2 couverts<\/li>\n<li>Raccordement\u00a0 \u00e0 la voie ferr\u00e9e<\/li>\n<li>Autoroutes A2 et A42 proches (Gelsenkirchen-Schalke | Gelsenkirchen-Bismarck | Gelsenkirchen-Buer)<\/li>\n<li>En stock: 30000-35000 to de lamin\u00e9s et poutrelles<\/li>\n<\/ul>\n<p><strong>Assortiment tr\u00e8s complet de notre stock. Nous sommes le &#8220;Sp\u00e9cialiste des Sp\u00e9cialit\u00e9s&#8221;.<\/strong><\/p>\n<p>Nos possibilit\u00e9s ne se limitent pas \u00e0 notre stock. Vous trouverez notre programme de livraison complet t\u00e9l\u00e9chargeable au format PDF en cliquant\u00a0 <a href=\"\/wp-content\/uploads\/bepro-fr.pdf\">ici<\/a> .<\/p>\n<p><a href=\"https:\/\/bepro.de\/wp-content\/uploads\/bepro-fr-1.jpg\" target=\"_blank\" rel=\"noopener noreferrer\"><img decoding=\"async\" src=\"https:\/\/bepro.de\/wp-content\/uploads\/bepro-fr-1.jpg\" alt=\"Fournisseur S355 S355J2\" \/><\/a><br \/>\n<a href=\"https:\/\/bepro.de\/wp-content\/uploads\/bepro-fr-2.jpg\" target=\"_blank\" rel=\"noopener noreferrer\"><img decoding=\"async\" src=\"https:\/\/bepro.de\/wp-content\/uploads\/bepro-fr-2.jpg\" alt=\"Fournisseur d'acier S355\" \/><\/a><br \/>\n<a href=\"https:\/\/bepro.de\/wp-content\/uploads\/Flyer_AluEdelstahl_E.jpg\" target=\"_blank\" rel=\"noopener noreferrer\"><img decoding=\"async\" src=\"https:\/\/bepro.de\/wp-content\/uploads\/Flyer_AluEdelstahl_E.jpg\" alt=\"Fournisseur d'acier S355J2\" \/><\/a><\/p>\n","protected":false},"excerpt":{"rendered":"<p>Nos stocks &nbsp; 45.000 m\u00b2 surface totale 30.000 m\u00b2 couverts Raccordement\u00a0 \u00e0 la voie ferr\u00e9e Autoroutes A2 et A42 proches (Gelsenkirchen-Schalke | Gelsenkirchen-Bismarck | Gelsenkirchen-Buer) En stock: 30000-35000 to de lamin\u00e9s et poutrelles Assortiment tr\u00e8s complet de notre stock. Nous sommes le &#8220;Sp\u00e9cialiste des Sp\u00e9cialit\u00e9s&#8221;. Nos possibilit\u00e9s ne se limitent pas \u00e0 notre stock. Vous [&hellip;]<\/p>\n","protected":false},"author":3,"featured_media":14,"parent":0,"menu_order":3,"comment_status":"closed","ping_status":"closed","template":"","meta":{"_acf_changed":false,"footnotes":"","_wp_rev_ctl_limit":""},"class_list":["post-511","page","type-page","status-publish","has-post-thumbnail","hentry"],"acf":[],"_links":{"self":[{"href":"https:\/\/bepro.de\/fr\/wp-json\/wp\/v2\/pages\/511"}],"collection":[{"href":"https:\/\/bepro.de\/fr\/wp-json\/wp\/v2\/pages"}],"about":[{"href":"https:\/\/bepro.de\/fr\/wp-json\/wp\/v2\/types\/page"}],"author":[{"embeddable":true,"href":"https:\/\/bepro.de\/fr\/wp-json\/wp\/v2\/users\/3"}],"replies":[{"embeddable":true,"href":"https:\/\/bepro.de\/fr\/wp-json\/wp\/v2\/comments?post=511"}],"version-history":[{"count":2,"href":"https:\/\/bepro.de\/fr\/wp-json\/wp\/v2\/pages\/511\/revisions"}],"predecessor-version":[{"id":4730,"href":"https:\/\/bepro.de\/fr\/wp-json\/wp\/v2\/pages\/511\/revisions\/4730"}],"wp:featuredmedia":[{"embeddable":true,"href":"https:\/\/bepro.de\/fr\/wp-json\/wp\/v2\/media\/14"}],"wp:attachment":[{"href":"https:\/\/bepro.de\/fr\/wp-json\/wp\/v2\/media?parent=511"}],"curies":[{"name":"wp","href":"https:\/\/api.w.org\/{rel}","templated":true}]}}