{"id":4516,"date":"2022-09-27T13:34:37","date_gmt":"2022-09-27T12:34:37","guid":{"rendered":"https:\/\/bepro.de\/?page_id=4516"},"modified":"2022-09-27T13:34:37","modified_gmt":"2022-09-27T12:34:37","slug":"toles","status":"publish","type":"page","link":"https:\/\/bepro.de\/fr\/aciers\/toles\/","title":{"rendered":"T\u00f4les"},"content":{"rendered":"<h2>T\u00f4les<\/h2>\n<p><img loading=\"lazy\" decoding=\"async\" class=\"alignnone size-large wp-image-4493\" src=\"https:\/\/bepro.de\/wp-content\/uploads\/Grobblech_DE-580x333.jpg\" alt=\"\" width=\"580\" height=\"333\" srcset=\"https:\/\/bepro.de\/wp-content\/uploads\/Grobblech_DE-580x333.jpg 580w, https:\/\/bepro.de\/wp-content\/uploads\/Grobblech_DE-240x138.jpg 240w, https:\/\/bepro.de\/wp-content\/uploads\/Grobblech_DE-768x441.jpg 768w, https:\/\/bepro.de\/wp-content\/uploads\/Grobblech_DE.jpg 794w\" sizes=\"(max-width: 580px) 100vw, 580px\" \/><\/p>\n<p>Nous proposons une gamme de t\u00f4les tr\u00e8s large, de la plus fine \u00e0 la plus large \u00e9paisseur.<\/p>\n<p>N&#8217;h\u00e9sitez pas \u00e0 nous contacter pour de plus amples informations. Nous vous ferons une offre adapt\u00e9e \u00e0 vos besoins.<\/p>\n<p><a href=\"https:\/\/bepro.de\/wp-content\/uploads\/heavy_plates_EN.pdf\"><img loading=\"lazy\" decoding=\"async\" class=\"alignnone size-full wp-image-4509\" src=\"https:\/\/bepro.de\/wp-content\/uploads\/Plates-mini.jpg\" alt=\"\" width=\"190\" height=\"164\" \/><\/a><\/p>\n<h3>Contact<\/h3>\n<p><strong>Mme. Nabila Oualkadi<\/strong><br \/>\ntel. +49 209- 982 51-18<br \/>\nfax. +49 209- 982 51-31<br \/>\ne-mail:<script>\nvar xname = \"n.oualkadi\";\nvar xendung = \"bepro.de\";\ndocument.write('\\<a href=\\\"mailto:' + xname + '@' + xendung + '\">');\ndocument.write(xname + '@' + xendung + '<\/a>');\n<\/script><\/p>\n<p><strong>M. Roland Maurice<\/strong><br \/>\nt\u00e9l: + 33 6 50 28 03 32<br \/>\ne-mail:<script>\nvar xname = \"r.maurice\";\nvar xendung = \"bepro.de\";\ndocument.write('\\<a href=\\\"mailto:' + xname + '@' + xendung + '\">');\ndocument.write(xname + '@' + xendung + '<\/a>');\n<\/script><\/p>\n<p>&nbsp;<\/p>\n","protected":false},"excerpt":{"rendered":"<p>T\u00f4les Nous proposons une gamme de t\u00f4les tr\u00e8s large, de la plus fine \u00e0 la plus large \u00e9paisseur. N&#8217;h\u00e9sitez pas \u00e0 nous contacter pour de plus amples informations. Nous vous ferons une offre adapt\u00e9e \u00e0 vos besoins. Contact Mme. Nabila Oualkadi tel. +49 209- 982 51-18 fax. +49 209- 982 51-31 e-mail: M. Roland Maurice [&hellip;]<\/p>\n","protected":false},"author":3,"featured_media":0,"parent":511,"menu_order":0,"comment_status":"closed","ping_status":"closed","template":"","meta":{"_acf_changed":false,"footnotes":"","_wp_rev_ctl_limit":""},"class_list":["post-4516","page","type-page","status-publish","hentry"],"acf":[],"_links":{"self":[{"href":"https:\/\/bepro.de\/fr\/wp-json\/wp\/v2\/pages\/4516"}],"collection":[{"href":"https:\/\/bepro.de\/fr\/wp-json\/wp\/v2\/pages"}],"about":[{"href":"https:\/\/bepro.de\/fr\/wp-json\/wp\/v2\/types\/page"}],"author":[{"embeddable":true,"href":"https:\/\/bepro.de\/fr\/wp-json\/wp\/v2\/users\/3"}],"replies":[{"embeddable":true,"href":"https:\/\/bepro.de\/fr\/wp-json\/wp\/v2\/comments?post=4516"}],"version-history":[{"count":5,"href":"https:\/\/bepro.de\/fr\/wp-json\/wp\/v2\/pages\/4516\/revisions"}],"predecessor-version":[{"id":4527,"href":"https:\/\/bepro.de\/fr\/wp-json\/wp\/v2\/pages\/4516\/revisions\/4527"}],"up":[{"embeddable":true,"href":"https:\/\/bepro.de\/fr\/wp-json\/wp\/v2\/pages\/511"}],"wp:attachment":[{"href":"https:\/\/bepro.de\/fr\/wp-json\/wp\/v2\/media?parent=4516"}],"curies":[{"name":"wp","href":"https:\/\/api.w.org\/{rel}","templated":true}]}}