{"id":2924,"date":"2020-02-05T16:13:13","date_gmt":"2020-02-05T15:13:13","guid":{"rendered":"https:\/\/bepro.de\/aciers\/edelstahl\/"},"modified":"2020-10-23T10:09:28","modified_gmt":"2020-10-23T09:09:28","slug":"inox","status":"publish","type":"page","link":"https:\/\/bepro.de\/fr\/aciers\/inox\/","title":{"rendered":"Inox"},"content":{"rendered":"<p><script type=\"application\/ld+json\">\n{\n\"@context\": \"http:\/\/schema.org\",\n\"@type\": \"BreadcrumbList\",\n\"itemListElement\": [{\n\"@type\": \"ListItem\",\n\"position\": 1,\n\"item\": {\n\"@id\": \"https:\/\/bepro.de\/fr\/aciers\/\",\n\"name\": \"Produits\"\n}\n},{\n\"@type\": \"ListItem\",\n\"position\": 2,\n\"item\": {\n\"@id\": \"https:\/\/bepro.de\/fr\/aciers\/inox\/\/\",\n\"name\": \"Inox\"\n}\n}]\n}\n<\/script><\/p>\n<h2><strong>Inox<\/strong><\/h2>\n<p>BEPRO est votre partenaire pour vos demandes en dimensions et alliages\u00a0<strong><u>sp\u00e9ciaux<\/u><\/strong>.<\/p>\n<p>Nous fournissons une large gamme <strong>telle que<\/strong> : Duplex, Super Duplex, Aust\u00e9nitiques, Martensitiques, Ferritiques, aciers r\u00e9sistant \u00e0 la corrosion et non magn\u00e9tique.<\/p>\n<p>Gr\u00e2ce \u00e0 notre large \u00e9ventail nous proposons\u00a0: t\u00f4les, feuillards, tubes, profil\u00e9s et plus encore\u00a0:<\/p>\n<ul>\n<li>Produits longs (corni\u00e8res, profil\u00e9s, barres, plats)<\/li>\n<li>Produits plats (t\u00f4les standard et dimensions sp\u00e9ciales)<\/li>\n<li>D\u00e9coupe laser, plasma ou d\u00e9coupe jet d\u2019eau<\/li>\n<li>Fabrication sur plan, forge et usinage CNC haute pr\u00e9cision<\/li>\n<\/ul>\n<hr \/>\n<p><a href=\"https:\/\/bepro.de\/wp-content\/uploads\/Flyer_AluEdelstahl_E.jpg\" target=\"_blank\" rel=\"noopener noreferrer\"><img loading=\"lazy\" decoding=\"async\" class=\"alignleft\" src=\"https:\/\/bepro.de\/wp-content\/uploads\/Flyer_AluEdelstahl_E.jpg\" width=\"162\" height=\"230\" data-wp-editing=\"1\" alt=\"Fournisseur d'acier Inox\"\/><\/a><\/p>\n<p>&nbsp;<\/p>\n<p>&nbsp;<\/p>\n<p>Responsable produits <strong>inox<\/strong><br \/>\n<strong>M. Matthias Prinage<\/strong> <img decoding=\"async\" src=\"https:\/\/bepro.de\/wp-content\/plugins\/sitepress-multilingual-cms\/res\/flags\/de.png\" alt=\"deutsch\" \/> <img decoding=\"async\" src=\"https:\/\/bepro.de\/wp-content\/plugins\/sitepress-multilingual-cms\/res\/flags\/en.png\" alt=\"englisch\" \/><br \/>\nEmail: <a href=\"mailto:m.prinage@bepro.de\">m.prinage@bepro.de<\/a><br \/>\nMobile: +49-162-1311358<br \/>\nHeadquarter: +49-209-9825110<\/p>\n<p>&nbsp;<\/p>\n<hr \/>\n<table style=\"border-collapse: collapse; width: 100%;\">\n<tbody>\n<tr>\n<td style=\"width: 0.944287%;\" align=\"center\" height=\"17\">\n<h3>Article<\/h3>\n<\/td>\n<td style=\"width: 0.944287%;\" align=\"center\">\n<h3>EN \/ DIN<\/h3>\n<\/td>\n<td style=\"width: 1.76991%;\" align=\"center\">\n<h3>AISVASTM<\/h3>\n<\/td>\n<td style=\"width: 1.76991%;\" align=\"center\">\n<h3>UNS<\/h3>\n<\/td>\n<\/tr>\n<tr>\n<td style=\"width: 0.944287%;\" align=\"center\" height=\"17\">\n<h4>1.4306<\/h4>\n<\/td>\n<td style=\"width: 0.944287%;\" align=\"center\">\n<h4>X2CrNi19-11<\/h4>\n<\/td>\n<td style=\"width: 1.76991%;\" align=\"center\">\n<h4>304L<\/h4>\n<\/td>\n<td style=\"width: 1.76991%;\" align=\"center\">\n<h4>S30403<\/h4>\n<\/td>\n<\/tr>\n<tr>\n<td style=\"width: 0.944287%;\" align=\"center\" height=\"17\">\n<h4>1.4948<\/h4>\n<\/td>\n<td style=\"width: 0.944287%;\" align=\"center\">\n<h4>X6CrNi18-10<\/h4>\n<\/td>\n<td style=\"width: 1.76991%;\" align=\"center\">\n<h4>304H<\/h4>\n<\/td>\n<td style=\"width: 1.76991%;\" align=\"center\">\n<h4>S30409\/S30480<\/h4>\n<\/td>\n<\/tr>\n<tr>\n<td style=\"width: 0.944287%;\" align=\"center\" height=\"17\">\n<h4>1.4404<\/h4>\n<\/td>\n<td style=\"width: 0.944287%;\" align=\"center\">\n<h4>X2CrNiMo17-12-2<\/h4>\n<\/td>\n<td style=\"width: 1.76991%;\" align=\"center\">\n<h4>316L<\/h4>\n<\/td>\n<td style=\"width: 1.76991%;\" align=\"center\">\n<h4>S31603<\/h4>\n<\/td>\n<\/tr>\n<tr>\n<td style=\"width: 0.944287%;\" align=\"center\" height=\"17\">\n<h4>1.4410<\/h4>\n<\/td>\n<td style=\"width: 0.944287%;\" align=\"center\">\n<h4>X2CrNiMoN25-7-4<\/h4>\n<\/td>\n<td style=\"width: 1.76991%;\" align=\"center\">\n<h4>F53<\/h4>\n<\/td>\n<td style=\"width: 1.76991%;\" align=\"center\">\n<h4>S32750<\/h4>\n<\/td>\n<\/tr>\n<tr>\n<td style=\"width: 0.944287%;\" align=\"center\" height=\"17\">\n<h4>1.4432<\/h4>\n<\/td>\n<td style=\"width: 0.944287%;\" align=\"center\">\n<h4>X2CrNiMo17-12-3<\/h4>\n<\/td>\n<td style=\"width: 1.76991%;\" align=\"center\">\n<h4>316L<\/h4>\n<\/td>\n<td style=\"width: 1.76991%;\" align=\"center\">\n<h4>S31603<\/h4>\n<\/td>\n<\/tr>\n<tr>\n<td style=\"width: 0.944287%;\" align=\"center\" height=\"17\">\n<h4>1.4435<\/h4>\n<\/td>\n<td style=\"width: 0.944287%;\" align=\"center\">\n<h4>X2CrNiMo18-14-3<\/h4>\n<\/td>\n<td style=\"width: 1.76991%;\" align=\"center\">\n<h4>316L<\/h4>\n<\/td>\n<td style=\"width: 1.76991%;\" align=\"center\">\n<h4>S31603<\/h4>\n<\/td>\n<\/tr>\n<tr>\n<td style=\"width: 0.944287%;\" align=\"center\" height=\"17\">\n<h4>1.4436<\/h4>\n<\/td>\n<td style=\"width: 0.944287%;\" align=\"center\">\n<h4>X3CrNiMo17-13-3<\/h4>\n<\/td>\n<td style=\"width: 1.76991%;\" align=\"center\">\n<h4>316L<\/h4>\n<\/td>\n<td style=\"width: 1.76991%;\" align=\"center\">\n<h4>S31600<\/h4>\n<\/td>\n<\/tr>\n<tr>\n<td style=\"width: 0.944287%;\" align=\"center\" height=\"17\">\n<h4>1.4362<\/h4>\n<\/td>\n<td style=\"width: 0.944287%;\" align=\"center\">\n<h4>X2CrNiN23-4<\/h4>\n<\/td>\n<td style=\"width: 1.76991%;\" align=\"center\"><\/td>\n<td style=\"width: 1.76991%;\" align=\"center\">\n<h4>S32304<\/h4>\n<\/td>\n<\/tr>\n<tr>\n<td style=\"width: 0.944287%;\" align=\"center\" height=\"17\">\n<h4>1.4462<\/h4>\n<\/td>\n<td style=\"width: 0.944287%;\" align=\"center\">\n<h4>X2CrNiMoN22-5-3<\/h4>\n<\/td>\n<td style=\"width: 1.76991%;\" align=\"center\">\n<h4>F51<\/h4>\n<\/td>\n<td style=\"width: 1.76991%;\" align=\"center\">\n<h4>S31803<\/h4>\n<\/td>\n<\/tr>\n<tr>\n<td style=\"width: 0.944287%;\" align=\"center\" height=\"17\">\n<h4>1.4501<\/h4>\n<\/td>\n<td style=\"width: 0.944287%;\" align=\"center\">\n<h4>X2CrNiMoCuWN25-7-4<\/h4>\n<\/td>\n<td style=\"width: 1.76991%;\" align=\"center\">\n<h4>F55<\/h4>\n<\/td>\n<td style=\"width: 1.76991%;\" align=\"center\">\n<h4>S32760<\/h4>\n<\/td>\n<\/tr>\n<tr>\n<td style=\"width: 0.944287%;\" align=\"center\" height=\"17\">\n<h4>1.4000<\/h4>\n<\/td>\n<td style=\"width: 0.944287%;\" align=\"center\">\n<h4>X6Cr13<\/h4>\n<\/td>\n<td style=\"width: 1.76991%;\" align=\"center\">\n<h4>410S<\/h4>\n<\/td>\n<td style=\"width: 1.76991%;\" align=\"center\">\n<h4>S41008<\/h4>\n<\/td>\n<\/tr>\n<tr>\n<td style=\"width: 0.944287%;\" align=\"center\" height=\"17\">\n<h4>1.4003<\/h4>\n<\/td>\n<td style=\"width: 0.944287%;\" align=\"center\">\n<h4>X2CrNi12<\/h4>\n<\/td>\n<td style=\"width: 1.76991%;\" align=\"center\">\n<h4>3Cr12<\/h4>\n<\/td>\n<td style=\"width: 1.76991%;\" align=\"center\">\n<h4>S40977<\/h4>\n<\/td>\n<\/tr>\n<tr>\n<td style=\"width: 0.944287%;\" align=\"center\" height=\"17\">\n<h4>1.4016<\/h4>\n<\/td>\n<td style=\"width: 0.944287%;\" align=\"center\">\n<h4>430X6Cr17<\/h4>\n<\/td>\n<td style=\"width: 1.76991%;\" align=\"center\">\n<h4>430<\/h4>\n<\/td>\n<td style=\"width: 1.76991%;\" align=\"center\">\n<h4>S43000<\/h4>\n<\/td>\n<\/tr>\n<tr>\n<td style=\"width: 0.944287%;\" align=\"center\" height=\"17\">\n<h4>1.4509<\/h4>\n<\/td>\n<td style=\"width: 0.944287%;\" align=\"center\">\n<h4>X2CrTiNb18<\/h4>\n<\/td>\n<td style=\"width: 1.76991%;\" align=\"center\">\n<h4>441<\/h4>\n<\/td>\n<td style=\"width: 1.76991%;\" align=\"center\">\n<h4>S43932<\/h4>\n<\/td>\n<\/tr>\n<tr>\n<td style=\"width: 0.944287%;\" align=\"center\" height=\"17\">\n<h4>1.4512<\/h4>\n<\/td>\n<td style=\"width: 0.944287%;\" align=\"center\">\n<h4>X2CrTi12<\/h4>\n<\/td>\n<td style=\"width: 1.76991%;\" align=\"center\">\n<h4>409<\/h4>\n<\/td>\n<td style=\"width: 1.76991%;\" align=\"center\">\n<h4>S40910<\/h4>\n<\/td>\n<\/tr>\n<tr>\n<td style=\"width: 0.944287%;\" align=\"center\" height=\"17\">\n<h4>1.4313<\/h4>\n<\/td>\n<td style=\"width: 0.944287%;\" align=\"center\">\n<h4>X3CrNiMo13-4<\/h4>\n<\/td>\n<td style=\"width: 1.76991%;\" align=\"center\">\n<h4>F6NM430<\/h4>\n<\/td>\n<td style=\"width: 1.76991%;\" align=\"center\">\n<h4>J91540<\/h4>\n<\/td>\n<\/tr>\n<tr>\n<td style=\"width: 0.944287%;\" align=\"center\" height=\"17\">\n<h4>1.4418<\/h4>\n<\/td>\n<td style=\"width: 0.944287%;\" align=\"center\">\n<h4>X4CrNiMo16-5-1<\/h4>\n<\/td>\n<td style=\"width: 1.76991%;\" align=\"center\">\n<h4>S165M<\/h4>\n<\/td>\n<td style=\"width: 1.76991%;\" align=\"center\"><\/td>\n<\/tr>\n<tr>\n<td style=\"width: 0.944287%;\" align=\"center\" height=\"17\">\n<h4>1.4529<\/h4>\n<\/td>\n<td style=\"width: 0.944287%;\" align=\"center\">\n<h4>X1NiCrMoCuN25-20-7<\/h4>\n<\/td>\n<td style=\"width: 1.76991%;\" align=\"center\">\n<h4>926<\/h4>\n<\/td>\n<td style=\"width: 1.76991%;\" align=\"center\">\n<h4>N08926<\/h4>\n<\/td>\n<\/tr>\n<tr>\n<td style=\"width: 0.944287%;\" align=\"center\" height=\"17\">\n<h4>1.4539<\/h4>\n<\/td>\n<td style=\"width: 0.944287%;\" align=\"center\">\n<h4>X1NiCrMoCu25-20-5<\/h4>\n<\/td>\n<td style=\"width: 1.76991%;\" align=\"center\">\n<h4>904L<\/h4>\n<\/td>\n<td style=\"width: 1.76991%;\" align=\"center\">\n<h4>N08904<\/h4>\n<\/td>\n<\/tr>\n<tr>\n<td style=\"width: 0.944287%;\" align=\"center\" height=\"17\">\n<h4>1.4547<\/h4>\n<\/td>\n<td style=\"width: 0.944287%;\" align=\"center\">\n<h4>X1NiCrMoCuN20-18-7<\/h4>\n<\/td>\n<td style=\"width: 1.76991%;\" align=\"center\">\n<h4>254SMO<\/h4>\n<\/td>\n<td style=\"width: 1.76991%;\" align=\"center\">\n<h4>S31254<\/h4>\n<\/td>\n<\/tr>\n<tr>\n<td style=\"width: 0.944287%;\" align=\"center\" height=\"17\">\n<h4>1.4876<\/h4>\n<\/td>\n<td style=\"width: 0.944287%;\" align=\"center\">\n<h4>X10NiCrAlTi32-21<\/h4>\n<\/td>\n<td style=\"width: 1.76991%;\" align=\"center\">\n<h4>N08810<\/h4>\n<\/td>\n<td style=\"width: 1.76991%;\" align=\"center\">\n<h4>N08810<\/h4>\n<\/td>\n<\/tr>\n<tr>\n<td style=\"width: 0.944287%;\" align=\"center\" height=\"17\">\n<h4>1.4713<\/h4>\n<\/td>\n<td style=\"width: 0.944287%;\" align=\"center\">\n<h4>X10CrAlSi7<\/h4>\n<\/td>\n<td style=\"width: 1.76991%;\" align=\"center\"><\/td>\n<td style=\"width: 1.76991%;\" align=\"center\">\n<h4>Sicromal 8<\/h4>\n<\/td>\n<\/tr>\n<tr>\n<td style=\"width: 0.944287%;\" align=\"center\" height=\"17\">\n<h4>1.4724<\/h4>\n<\/td>\n<td style=\"width: 0.944287%;\" align=\"center\">\n<h4>X10CrAlSi13<\/h4>\n<\/td>\n<td style=\"width: 1.76991%;\" align=\"center\">\n<h4>405<\/h4>\n<\/td>\n<td style=\"width: 1.76991%;\" align=\"center\"><\/td>\n<\/tr>\n<tr>\n<td style=\"width: 0.944287%;\" align=\"center\" height=\"17\">\n<h4>1.4742<\/h4>\n<\/td>\n<td style=\"width: 0.944287%;\" align=\"center\">\n<h4>X10CrAlSi18<\/h4>\n<\/td>\n<td style=\"width: 1.76991%;\" align=\"center\">\n<h4>442<\/h4>\n<\/td>\n<td style=\"width: 1.76991%;\" align=\"center\">\n<h4>Sicromal 10<\/h4>\n<\/td>\n<\/tr>\n<tr>\n<td style=\"width: 0.944287%;\" align=\"center\" height=\"17\">\n<h4>1.4762<\/h4>\n<\/td>\n<td style=\"width: 0.944287%;\" align=\"center\">\n<h4>X10CrAlSi25<\/h4>\n<\/td>\n<td style=\"width: 1.76991%;\" align=\"center\">\n<h4>446<\/h4>\n<\/td>\n<td style=\"width: 1.76991%;\" align=\"center\">\n<h4>Sicromal 12<\/h4>\n<\/td>\n<\/tr>\n<tr>\n<td style=\"width: 0.944287%;\" align=\"center\" height=\"17\">\n<h4>1.4833<\/h4>\n<\/td>\n<td style=\"width: 0.944287%;\" align=\"center\">\n<h4>X12CrNi23-13<\/h4>\n<\/td>\n<td style=\"width: 1.76991%;\" align=\"center\">\n<h4>309<\/h4>\n<\/td>\n<td style=\"width: 1.76991%;\" align=\"center\">\n<h4>S30900<\/h4>\n<\/td>\n<\/tr>\n<tr>\n<td style=\"width: 0.944287%;\" align=\"center\" height=\"17\">\n<h4>1.4835<\/h4>\n<\/td>\n<td style=\"width: 0.944287%;\" align=\"center\">\n<h4>X9CrNiSiNCe21-11-2<\/h4>\n<\/td>\n<td style=\"width: 1.76991%;\" align=\"center\">\n<h4>253MA<\/h4>\n<\/td>\n<td style=\"width: 1.76991%;\" align=\"center\">\n<h4>S30815<\/h4>\n<\/td>\n<\/tr>\n<tr>\n<td style=\"width: 0.944287%;\" align=\"center\" height=\"17\">\n<h4>1.4841<\/h4>\n<\/td>\n<td style=\"width: 0.944287%;\" align=\"center\">\n<h4>X15CrNiSi25-21<\/h4>\n<\/td>\n<td style=\"width: 1.76991%;\" align=\"center\">\n<h4>310\/314<\/h4>\n<\/td>\n<td style=\"width: 1.76991%;\" align=\"center\">\n<h4>S31000\/S31400<\/h4>\n<\/td>\n<\/tr>\n<tr>\n<td style=\"width: 0.944287%;\" align=\"center\" height=\"17\">\n<h4>1.4845<\/h4>\n<\/td>\n<td style=\"width: 0.944287%;\" align=\"center\">\n<h4>X8CrNi125-21<\/h4>\n<\/td>\n<td style=\"width: 1.76991%;\" align=\"center\">\n<h4>310S<\/h4>\n<\/td>\n<td style=\"width: 1.76991%;\" align=\"center\">\n<h4>S31008<\/h4>\n<\/td>\n<\/tr>\n<tr>\n<td style=\"width: 0.944287%;\" align=\"center\" height=\"17\">\n<h4>1.4828<\/h4>\n<\/td>\n<td style=\"width: 0.944287%;\" align=\"center\">\n<h4>X15CrNiSi20-12<\/h4>\n<\/td>\n<td style=\"width: 1.76991%;\" align=\"center\">\n<h4>309S<\/h4>\n<\/td>\n<td style=\"width: 1.76991%;\" align=\"center\">\n<h4>S30900<\/h4>\n<\/td>\n<\/tr>\n<tr>\n<td style=\"width: 0.944287%;\" align=\"center\" height=\"17\">\n<h4>1.4903<\/h4>\n<\/td>\n<td style=\"width: 0.944287%;\" align=\"center\">\n<h4>X10CrMoVNb9-1<\/h4>\n<\/td>\n<td style=\"width: 1.76991%;\" align=\"center\">\n<h4>Grade91<\/h4>\n<\/td>\n<td style=\"width: 1.76991%;\" align=\"center\">\n<h4>Grade91<\/h4>\n<\/td>\n<\/tr>\n<tr>\n<td style=\"width: 0.944287%;\" align=\"center\" height=\"17\">\n<h4>1.4958<\/h4>\n<\/td>\n<td style=\"width: 0.944287%;\" align=\"center\">\n<h4>X5NiCrAITi31-20<\/h4>\n<\/td>\n<td style=\"width: 1.76991%;\" align=\"center\">\n<h4>800H\/HT<\/h4>\n<\/td>\n<td style=\"width: 1.76991%;\" align=\"center\">\n<h4>N08811<\/h4>\n<\/td>\n<\/tr>\n<tr>\n<td style=\"width: 0.944287%;\" align=\"center\" height=\"17\">\n<h4>1.4563<\/h4>\n<\/td>\n<td style=\"width: 0.944287%;\" align=\"center\">\n<h4>X1NiCrMoCu31-27-4<\/h4>\n<\/td>\n<td style=\"width: 1.76991%;\" align=\"center\"><\/td>\n<td style=\"width: 1.76991%;\" align=\"center\">\n<h4>N08028<\/h4>\n<\/td>\n<\/tr>\n<tr>\n<td style=\"width: 0.944287%;\" align=\"center\" height=\"17\">\n<h4>1.4438<\/h4>\n<\/td>\n<td style=\"width: 0.944287%;\" align=\"center\">\n<h4>X2CrNiMo18-15-4<\/h4>\n<\/td>\n<td style=\"width: 1.76991%;\" align=\"center\">\n<h4>317L<\/h4>\n<\/td>\n<td style=\"width: 1.76991%;\" align=\"center\">\n<h4>S31703<\/h4>\n<\/td>\n<\/tr>\n<tr>\n<td style=\"width: 0.944287%;\" align=\"center\" height=\"17\">\n<h4>1.4439<\/h4>\n<\/td>\n<td style=\"width: 0.944287%;\" align=\"center\">\n<h4>X2CrNiMoN17-13-5<\/h4>\n<\/td>\n<td style=\"width: 1.76991%;\" align=\"center\">\n<h4>317LMN<\/h4>\n<\/td>\n<td style=\"width: 1.76991%;\" align=\"center\">\n<h4>S31726<\/h4>\n<\/td>\n<\/tr>\n<tr>\n<td style=\"width: 0.944287%;\" align=\"center\" height=\"17\">\n<h4>1.4550<\/h4>\n<\/td>\n<td style=\"width: 0.944287%;\" align=\"center\">\n<h4>X6CrNiNb18-10<\/h4>\n<\/td>\n<td style=\"width: 1.76991%;\" align=\"center\">\n<h4>347\/347H<\/h4>\n<\/td>\n<td style=\"width: 1.76991%;\" align=\"center\">\n<h4>S34700<\/h4>\n<\/td>\n<\/tr>\n<tr>\n<td style=\"width: 0.944287%;\" align=\"center\" height=\"17\">\n<h4>1.4541<\/h4>\n<\/td>\n<td style=\"width: 0.944287%;\" align=\"center\">\n<h4>X6CrNiTi1l8-10<\/h4>\n<\/td>\n<td style=\"width: 1.76991%;\" align=\"center\">\n<h4>321<\/h4>\n<\/td>\n<td style=\"width: 1.76991%;\" align=\"center\">\n<h4>S32100<\/h4>\n<\/td>\n<\/tr>\n<tr>\n<td style=\"width: 0.944287%;\" align=\"center\" height=\"17\">\n<h4>1.4878<\/h4>\n<\/td>\n<td style=\"width: 0.944287%;\" align=\"center\">\n<h4>X8CrNiTi18-10<\/h4>\n<\/td>\n<td style=\"width: 1.76991%;\" align=\"center\">\n<h4>321H<\/h4>\n<\/td>\n<td style=\"width: 1.76991%;\" align=\"center\">\n<h4>S32109<\/h4>\n<\/td>\n<\/tr>\n<tr>\n<td style=\"width: 0.944287%;\" align=\"center\" height=\"17\">\n<h4>1.4125<\/h4>\n<\/td>\n<td style=\"width: 0.944287%;\" align=\"center\">\n<h4>X105CrMo17<\/h4>\n<\/td>\n<td style=\"width: 1.76991%;\" align=\"center\">\n<h4>440C<\/h4>\n<\/td>\n<td style=\"width: 1.76991%;\" align=\"center\">\n<h4>S44004<\/h4>\n<\/td>\n<\/tr>\n<tr>\n<td style=\"width: 0.944287%;\" align=\"center\" height=\"17\">\n<h4>1.4112<\/h4>\n<\/td>\n<td style=\"width: 0.944287%;\" align=\"center\">\n<h4>X90CrMoV18<\/h4>\n<\/td>\n<td style=\"width: 1.76991%;\" align=\"center\">\n<h4>440B<\/h4>\n<\/td>\n<td style=\"width: 1.76991%;\" align=\"center\">\n<h4>440B<\/h4>\n<\/td>\n<\/tr>\n<tr>\n<td style=\"width: 0.944287%;\" align=\"center\" height=\"17\">\n<h4>1.4122<\/h4>\n<\/td>\n<td style=\"width: 0.944287%;\" align=\"center\">\n<h4>X39CrMo17-1<\/h4>\n<\/td>\n<td style=\"width: 1.76991%;\" align=\"center\"><\/td>\n<td style=\"width: 1.76991%;\" align=\"center\"><\/td>\n<\/tr>\n<tr>\n<td style=\"width: 0.944287%;\" align=\"center\" height=\"17\">\n<h4>1.4034<\/h4>\n<\/td>\n<td style=\"width: 0.944287%;\" align=\"center\">\n<h4>X46Cr13<\/h4>\n<\/td>\n<td style=\"width: 1.76991%;\" align=\"center\">\n<h4>420<\/h4>\n<\/td>\n<td style=\"width: 1.76991%;\" align=\"center\">\n<h4>S42000<\/h4>\n<\/td>\n<\/tr>\n<tr>\n<td style=\"width: 0.944287%;\" align=\"center\" height=\"17\">\n<h4>1.4057<\/h4>\n<\/td>\n<td style=\"width: 0.944287%;\" align=\"center\">\n<h4>X17CrNi16-2<\/h4>\n<\/td>\n<td style=\"width: 1.76991%;\" align=\"center\">\n<h4>431<\/h4>\n<\/td>\n<td style=\"width: 1.76991%;\" align=\"center\"><\/td>\n<\/tr>\n<tr>\n<td style=\"width: 0.944287%;\" align=\"center\" height=\"17\">\n<h4>1.4021<\/h4>\n<\/td>\n<td style=\"width: 0.944287%;\" align=\"center\">\n<h4>X20Cr13<\/h4>\n<\/td>\n<td style=\"width: 1.76991%;\" align=\"center\">\n<h4>420<\/h4>\n<\/td>\n<td style=\"width: 1.76991%;\" align=\"center\">\n<h4>S42000<\/h4>\n<\/td>\n<\/tr>\n<tr>\n<td style=\"width: 0.944287%;\" align=\"center\" height=\"17\">\n<h4>1.4922<\/h4>\n<\/td>\n<td style=\"width: 0.944287%;\" align=\"center\">\n<h4>X20CrMoV 12-1<\/h4>\n<\/td>\n<td style=\"width: 1.76991%;\" align=\"center\"><\/td>\n<td style=\"width: 1.76991%;\" align=\"center\"><\/td>\n<\/tr>\n<tr>\n<td style=\"width: 0.944287%;\" align=\"center\" height=\"17\">\n<h4>1.4923<\/h4>\n<\/td>\n<td style=\"width: 0.944287%;\" align=\"center\">\n<h4>X22CrMoV 12-1<\/h4>\n<\/td>\n<td style=\"width: 1.76991%;\" align=\"center\"><\/td>\n<td style=\"width: 1.76991%;\" align=\"center\"><\/td>\n<\/tr>\n<tr>\n<td style=\"width: 0.944287%;\" align=\"center\" height=\"17\">\n<h4>1.4980<\/h4>\n<\/td>\n<td style=\"width: 0.944287%;\" align=\"center\">\n<h4>X6NiCrTiMoVB25-15-2<\/h4>\n<\/td>\n<td style=\"width: 1.76991%;\" align=\"center\">\n<h4>Alloy 286<\/h4>\n<\/td>\n<td style=\"width: 1.76991%;\" align=\"center\">\n<h4>S66286<\/h4>\n<\/td>\n<\/tr>\n<tr>\n<td style=\"width: 0.944287%;\" align=\"center\" height=\"17\">\n<h4>1.4959<\/h4>\n<\/td>\n<td style=\"width: 0.944287%;\" align=\"center\">\n<h4>X8NiCrAITi32-21<\/h4>\n<\/td>\n<td style=\"width: 1.76991%;\" align=\"center\">\n<h4>Alloy 800 HT<\/h4>\n<\/td>\n<td style=\"width: 1.76991%;\" align=\"center\">\n<h4>N08810\/N08811<\/h4>\n<\/td>\n<\/tr>\n<tr>\n<td style=\"width: 0.944287%;\" align=\"center\" height=\"17\">\n<h4>1.4429<\/h4>\n<\/td>\n<td style=\"width: 0.944287%;\" align=\"center\">\n<h4>X2CrNiMoN17-13-3<\/h4>\n<\/td>\n<td style=\"width: 1.76991%;\" align=\"center\">\n<h4>316LN<\/h4>\n<\/td>\n<td style=\"width: 1.76991%;\" align=\"center\">\n<h4>S31653<\/h4>\n<\/td>\n<\/tr>\n<tr>\n<td style=\"width: 0.944287%;\" align=\"center\" height=\"17\">\n<h4>1.4542<\/h4>\n<\/td>\n<td style=\"width: 0.944287%;\" align=\"center\">\n<h4>X5CrNiCuNb16-4<\/h4>\n<\/td>\n<td style=\"width: 1.76991%;\" align=\"center\">\n<h4>630\/17-4PH<\/h4>\n<\/td>\n<td style=\"width: 1.76991%;\" align=\"center\">\n<h4>S17400<\/h4>\n<\/td>\n<\/tr>\n<tr>\n<td style=\"width: 0.944287%;\" align=\"center\" height=\"17\">\n<h4>1.4571<\/h4>\n<\/td>\n<td style=\"width: 0.944287%;\" align=\"center\">\n<h4>X6CrNiMoTi17-12-2<\/h4>\n<\/td>\n<td style=\"width: 1.76991%;\" align=\"center\">\n<h4>316Ti<\/h4>\n<\/td>\n<td style=\"width: 1.76991%;\" align=\"center\">\n<h4>S31635<\/h4>\n<\/td>\n<\/tr>\n<tr>\n<td style=\"width: 0.944287%;\" align=\"center\" height=\"17\">\n<h4>1.4944<\/h4>\n<\/td>\n<td style=\"width: 0.944287%;\" align=\"center\">\n<h4>X6NiCrTiMoVB25-15-2<\/h4>\n<\/td>\n<td style=\"width: 1.76991%;\" align=\"center\">\n<h4>Alloy 286<\/h4>\n<\/td>\n<td style=\"width: 1.76991%;\" align=\"center\">\n<h4>S66286<\/h4>\n<\/td>\n<\/tr>\n<tr>\n<td style=\"width: 0.944287%;\" align=\"center\" height=\"17\">\n<h4>1.4507<\/h4>\n<\/td>\n<td style=\"width: 0.944287%;\" align=\"center\">\n<h4>X2CrNiMoCuN25-6-3<\/h4>\n<\/td>\n<td style=\"width: 1.76991%;\" align=\"center\">\n<h4>F255<\/h4>\n<\/td>\n<td style=\"width: 1.76991%;\" align=\"center\">\n<h4>UNS S32520<\/h4>\n<\/td>\n<\/tr>\n<tr>\n<td style=\"width: 0.944287%;\" align=\"center\" height=\"17\">\n<h4>1.4749<\/h4>\n<\/td>\n<td style=\"width: 0.944287%;\" align=\"center\">\n<h4>X18CrN28<\/h4>\n<\/td>\n<td style=\"width: 1.76991%;\" align=\"center\">\n<h4>446<\/h4>\n<\/td>\n<td style=\"width: 1.76991%;\" align=\"center\">\n<h4>S44600<\/h4>\n<\/td>\n<\/tr>\n<tr>\n<td style=\"width: 0.944287%;\" align=\"center\" height=\"17\">\n<h4>1.4864<\/h4>\n<\/td>\n<td style=\"width: 0.944287%;\" align=\"center\">\n<h4>X12NiCrSi35-16<\/h4>\n<\/td>\n<td style=\"width: 1.76991%;\" align=\"center\">\n<h4>Alloy 300<\/h4>\n<\/td>\n<td style=\"width: 1.76991%;\" align=\"center\">\n<h4>N08330<\/h4>\n<\/td>\n<\/tr>\n<tr>\n<td style=\"width: 0.944287%;\" align=\"center\" height=\"17\">\n<h4>1.3964<\/h4>\n<\/td>\n<td style=\"width: 0.944287%;\" align=\"center\">\n<h4>X2CrNiMnMoNNb21-16-5-3<\/h4>\n<\/td>\n<td style=\"width: 1.76991%;\" align=\"center\">\n<h4>XM19<\/h4>\n<\/td>\n<td style=\"width: 1.76991%;\" align=\"center\">\n<h4>UNS S20910<\/h4>\n<\/td>\n<\/tr>\n<tr>\n<td style=\"width: 0.944287%;\" align=\"center\" height=\"17\">\n<h4>1.3974<\/h4>\n<\/td>\n<td style=\"width: 0.944287%;\" align=\"center\">\n<h4>X2CrNiMnMoNNb23-17-6-3<\/h4>\n<\/td>\n<td style=\"width: 1.76991%;\" align=\"center\">\n<h4>F49<\/h4>\n<\/td>\n<td style=\"width: 1.76991%;\" align=\"center\">\n<h4>UNS S33228<\/h4>\n<\/td>\n<\/tr>\n<\/tbody>\n<\/table>\n","protected":false},"excerpt":{"rendered":"<p>Inox BEPRO est votre partenaire pour vos demandes en dimensions et alliages\u00a0sp\u00e9ciaux. Nous fournissons une large gamme telle que : Duplex, Super Duplex, Aust\u00e9nitiques, Martensitiques, Ferritiques, aciers r\u00e9sistant \u00e0 la corrosion et non magn\u00e9tique. Gr\u00e2ce \u00e0 notre large \u00e9ventail nous proposons\u00a0: t\u00f4les, feuillards, tubes, profil\u00e9s et plus encore\u00a0: Produits longs (corni\u00e8res, profil\u00e9s, barres, plats) Produits [&hellip;]<\/p>\n","protected":false},"author":3,"featured_media":0,"parent":511,"menu_order":7,"comment_status":"closed","ping_status":"closed","template":"","meta":{"_acf_changed":false,"footnotes":"","_wp_rev_ctl_limit":""},"class_list":["post-2924","page","type-page","status-publish","hentry"],"acf":[],"_links":{"self":[{"href":"https:\/\/bepro.de\/fr\/wp-json\/wp\/v2\/pages\/2924"}],"collection":[{"href":"https:\/\/bepro.de\/fr\/wp-json\/wp\/v2\/pages"}],"about":[{"href":"https:\/\/bepro.de\/fr\/wp-json\/wp\/v2\/types\/page"}],"author":[{"embeddable":true,"href":"https:\/\/bepro.de\/fr\/wp-json\/wp\/v2\/users\/3"}],"replies":[{"embeddable":true,"href":"https:\/\/bepro.de\/fr\/wp-json\/wp\/v2\/comments?post=2924"}],"version-history":[{"count":0,"href":"https:\/\/bepro.de\/fr\/wp-json\/wp\/v2\/pages\/2924\/revisions"}],"up":[{"embeddable":true,"href":"https:\/\/bepro.de\/fr\/wp-json\/wp\/v2\/pages\/511"}],"wp:attachment":[{"href":"https:\/\/bepro.de\/fr\/wp-json\/wp\/v2\/media?parent=2924"}],"curies":[{"name":"wp","href":"https:\/\/api.w.org\/{rel}","templated":true}]}}