{"id":284,"date":"2011-12-06T16:38:33","date_gmt":"2011-12-06T14:38:33","guid":{"rendered":"http:\/\/bepro.de\/?page_id=284"},"modified":"2024-04-25T14:54:47","modified_gmt":"2024-04-25T13:54:47","slug":"bepro-acier","status":"publish","type":"page","link":"https:\/\/bepro.de\/fr\/","title":{"rendered":"Distributeur d&#8217;acier BEPRO-STAHL Gelsenkirchen &#8211; Qualit\u00e9: S355J2+AR\/+M\/+N &#8211; 16Mo3 &#8211; S355MLO &#8211; S355G11+M"},"content":{"rendered":"<p><!--\n<pagemap>\n    <dataobject type=\"thumbnail\">\n\n<attribute name=\"src\" value=\"https:\/\/bepro.de\/wp-content\/uploads\/logo-bepro.jpg\"><\/attribute>\n\n<attribute name=\"width\" value=\"100\"><\/attribute>\n\n<attribute name=\"height\" value=\"100\"><\/attribute>\n\n<\/dataobject>\n<\/pagemap>\n--><br \/>\n<a class=\"morelink\" href=\"nous\">En savoir plus\u00a0\u00bb<\/a><\/p>\n<h2>BEPRO Aciers<\/h2>\n<p>Situ\u00e9s au centre de l&#8217;Europe nous comptons parmi les leaders du n\u00e9goce des aciers de qualit\u00e9. Un nombre croissant de clients dans toute l&#8217;Europe, et au-del\u00e0, appr\u00e9cie notre qualite, notre fiabilite et l&#8217;ensemble des prestations que nous proposons:<\/p>\n<ul>\n<li style=\"list-style-type: none;\">\n<ul>\n<li><strong>nous avons une gamme int\u00e9ressante <\/strong><\/li>\n<li><strong>un assortiment complet<\/strong><\/li>\n<li><strong>des dimensions et nuances rares<\/strong><\/li>\n<\/ul>\n<\/li>\n<\/ul>\n<ul>\n<li><strong>un professionnalisme et une fiabilit\u00e9<\/strong><\/li>\n<\/ul>\n<p>Testez-nous ! Notre gamme est compl\u00e9t\u00e9e et \u00e9largie constamment.<\/p>\n<p>BEPRO-ACIER, fond\u00e9 en 1969, s\u2019est, au cours de son existence, efforc\u00e9 d\u2019apporter \u00e0 sa client\u00e8le le meilleur service et un programme de livraison complet. Avec ses 30000 tonnes de stock, dans des nuances \u00e9labor\u00e9es et des dimensions hors standards, BEPRO-ACIER peut \u00eatre consid\u00e9r\u00e9 comme le \u00ab sp\u00e9cialiste des sp\u00e9cialit\u00e9s \u00bb.<\/p>\n<div class=\"BorlabsCookie _brlbs-cb-youtube\"><div class=\"_brlbs-content-blocker\"> <div class=\"_brlbs-embed _brlbs-video-youtube\"> <img class=\"_brlbs-thumbnail\" src=\"https:\/\/bepro.de\/wp-content\/plugins\/borlabs-cookie\/assets\/images\/cb-no-thumbnail.png\" alt=\"YouTube\"> <div class=\"_brlbs-caption\"> <p>By loading the video, you agree to YouTube's privacy policy.<br><a href=\"https:\/\/policies.google.com\/privacy?hl=en&amp;gl=en\" target=\"_blank\" rel=\"nofollow noopener noreferrer\">Learn more<\/a><\/p> <p><a class=\"_brlbs-btn _brlbs-icon-play-white\" href=\"#\" data-borlabs-cookie-unblock role=\"button\">Load video<\/a><\/p> <p><label><input type=\"checkbox\" name=\"unblockAll\" value=\"1\" checked> <small>Always unblock YouTube<\/small><\/label><\/p> <\/div> <\/div> <\/div><div class=\"borlabs-hide\" data-borlabs-cookie-type=\"content-blocker\" data-borlabs-cookie-id=\"youtube\"><script type=\"text\/template\">PHA+PGlmcmFtZSBsb2FkaW5nPSJsYXp5IiBzcmM9Imh0dHBzOi8vd3d3LnlvdXR1YmUtbm9jb29raWUuY29tL2VtYmVkLzBWZ2hJZkpEM3Z3P3JlbD0wJmFtcDtzaG93aW5mbz0wIiB3aWR0aD0iNTYwIiBoZWlnaHQ9IjMxNSIgZnJhbWVib3JkZXI9IjAiIGFsbG93ZnVsbHNjcmVlbj0iYWxsb3dmdWxsc2NyZWVuIj48L2lmcmFtZT48L3A+<\/script><\/div><\/div>\n<p>BEPRO-ACIER\u00a0 poss\u00e8de<\/p>\n<ul>\n<li>la souplesse<\/li>\n<li>l&#8217; organisation et les moyens<\/li>\n<li>l&#8217; exp\u00e9rience<\/li>\n<\/ul>\n<p>Nous livrons nos produits loin au del\u00e0 de nos fronti\u00e8res,<\/p>\n<ul>\n<li>dans des d\u00e9lais tr\u00e8s courts \/ des mises \u00e0 bord sur bateau<\/li>\n<li>dans le respect de r\u00e8gles d\u2019exp\u00e9ditions strictes<\/li>\n<li>avec l&#8217;ensemble des documents requis<\/li>\n<li>certification par Lloyd\u2019s Register of Shipping, Veritas ou autres organismes.<\/li>\n<\/ul>\n<p>L\u2019exp\u00e9rience acquise durant ces 50 ann\u00e9es, dans le n\u00e9goce de l\u2019acier, permet \u00e0 BEPRO-ACIER de r\u00e9pondre \u00e0 toutes prescriptions particuli\u00e8res impos\u00e9es par la client\u00e8le.<\/p>\n<p>&nbsp;<\/p>\n<p>&nbsp;<\/p>\n<hr \/>\n<p><a class=\"morelink\" href=\"aciers\">En savoir plus \u00bb<\/a><\/p>\n<h2>Gamme de Produits<\/h2>\n<p><img loading=\"lazy\" decoding=\"async\" title=\"bepro-halle\" src=\"https:\/\/bepro.de\/wp-content\/uploads\/bepro-halle.jpg\" alt=\"Fournisseur d'acier S355 S355J2\" width=\"569\" height=\"137\" \/><\/p>\n<p>Notre stock comprend la gamme compl\u00e8te des lamin\u00e9s marchands et poutrelles et nous permet d&#8217;effectuer des op\u00e9rations commerciales sur des exc\u00e9dents.\u00a0Nous sommes en mesure de r\u00e9pondre \u00e0 vos besoins les plus particuliers.<\/p>\n<p>Notre client\u00e8le est compos\u00e9e de 1100 entreprises allemandes ou \u00e9trang\u00e8res. Notre <a href=\"aciers\">programme de livraison<\/a> nous permet de vous proposer des produits de tr\u00e8s haute qualit\u00e9 et une gamme dimensionnelle des plus compl\u00e8te, gr\u00e2ce \u00e0 nos 50 an\u00e9es d&#8217; exp\u00e9rience.<\/p>\n","protected":false},"excerpt":{"rendered":"<p>En savoir plus\u00a0\u00bb BEPRO Aciers Situ\u00e9s au centre de l&#8217;Europe nous comptons parmi les leaders du n\u00e9goce des aciers de qualit\u00e9. Un nombre croissant de clients dans toute l&#8217;Europe, et au-del\u00e0, appr\u00e9cie notre qualite, notre fiabilite et l&#8217;ensemble des prestations que nous proposons: nous avons une gamme int\u00e9ressante un assortiment complet des dimensions et nuances [&hellip;]<\/p>\n","protected":false},"author":1,"featured_media":326,"parent":0,"menu_order":2,"comment_status":"closed","ping_status":"closed","template":"","meta":{"_acf_changed":false,"footnotes":"","_wp_rev_ctl_limit":""},"class_list":["post-284","page","type-page","status-publish","has-post-thumbnail","hentry"],"acf":[],"_links":{"self":[{"href":"https:\/\/bepro.de\/fr\/wp-json\/wp\/v2\/pages\/284","targetHints":{"allow":["GET"]}}],"collection":[{"href":"https:\/\/bepro.de\/fr\/wp-json\/wp\/v2\/pages"}],"about":[{"href":"https:\/\/bepro.de\/fr\/wp-json\/wp\/v2\/types\/page"}],"author":[{"embeddable":true,"href":"https:\/\/bepro.de\/fr\/wp-json\/wp\/v2\/users\/1"}],"replies":[{"embeddable":true,"href":"https:\/\/bepro.de\/fr\/wp-json\/wp\/v2\/comments?post=284"}],"version-history":[{"count":3,"href":"https:\/\/bepro.de\/fr\/wp-json\/wp\/v2\/pages\/284\/revisions"}],"predecessor-version":[{"id":4725,"href":"https:\/\/bepro.de\/fr\/wp-json\/wp\/v2\/pages\/284\/revisions\/4725"}],"wp:featuredmedia":[{"embeddable":true,"href":"https:\/\/bepro.de\/fr\/wp-json\/wp\/v2\/media\/326"}],"wp:attachment":[{"href":"https:\/\/bepro.de\/fr\/wp-json\/wp\/v2\/media?parent=284"}],"curies":[{"name":"wp","href":"https:\/\/api.w.org\/{rel}","templated":true}]}}