{"id":1476,"date":"2019-05-20T08:19:54","date_gmt":"2019-05-20T07:19:54","guid":{"rendered":"https:\/\/bepro.de\/?page_id=1476"},"modified":"2020-10-23T10:08:51","modified_gmt":"2020-10-23T09:08:51","slug":"produits-galvanises","status":"publish","type":"page","link":"https:\/\/bepro.de\/fr\/aciers\/produits-galvanises\/","title":{"rendered":"Produits galvanis\u00e9s"},"content":{"rendered":"<p><script type=\"application\/ld+json\">\n{\n\"@context\": \"http:\/\/schema.org\",\n\"@type\": \"BreadcrumbList\",\n\"itemListElement\": [{\n\"@type\": \"ListItem\",\n\"position\": 1,\n\"item\": {\n\"@id\": \"https:\/\/bepro.de\/fr\/aciers\/\",\n\"name\": \"Aciers\"\n}\n},{\n\"@type\": \"ListItem\",\n\"position\": 2,\n\"item\": {\n\"@id\": \"https:\/\/bepro.de\/fr\/aciers\/produits-galvanises\/\/\",\n\"name\": \"Produits galvanis\u00e9s\"\n}\n}]\n}\n<\/script><\/p>\n<h2>Produits galvanis\u00e9s<\/h2>\n<p>Nous avons \u00e9tendu notre gamme de produits et sommes d\u00e9sormais en mesure d\u2019offrir du mat\u00e9riel en S235JR, galvanis\u00e9 \u00e0 chaud selon DIN EN 1461.<br \/>\nNous poss\u00e9dons en stock des <strong>lamin\u00e9s marchands, poutrelles, tubes <\/strong>et <strong>t\u00f4les<\/strong>.<\/p>\n<p>Vous trouverez plus d\u2019informations dans notre brochure en pi\u00e8ce jointe. Nous vous garantissons un traitement rapide et professionnel de votre demande.<\/p>\n<p>Par ailleurs, nous souhaitons vous pr\u00e9senter un nouveau membre de notre \u00e9quipe et les contacts qui g\u00e8reront vos commandes dans cette nuance.<\/p>\n<p>Responsable produits galvanis\u00e9s<br \/>\nM. Stefan Hoolmans <img decoding=\"async\" src=\"https:\/\/bepro.de\/wp-content\/plugins\/sitepress-multilingual-cms\/res\/flags\/de.png\" alt=\"de\" \/> <img decoding=\"async\" src=\"https:\/\/bepro.de\/wp-content\/plugins\/sitepress-multilingual-cms\/res\/flags\/en.png\" alt=\"en\" \/> <img decoding=\"async\" src=\"https:\/\/bepro.de\/wp-content\/plugins\/sitepress-multilingual-cms\/res\/flags\/fr.png\" alt=\"fr\" \/><br \/>\ne-mail: <a href=\"mailto:s.hoolmans@bepro.de\">s.hoolmans@bepro.de<\/a><br \/>\nTel: 00.49.20.99.82.51.37<br \/>\nPor: 00.49.17.32.44.82.79<\/p>\n<p>T\u00e9l\u00e9charger: <a href=\"https:\/\/bepro.de\/wp-content\/uploads\/bepro-v-fr.pdf\">PDF<\/a><\/p>\n<p><img decoding=\"async\" src=\"https:\/\/bepro.de\/wp-content\/uploads\/bepro-fr-2.jpg\" alt=\"Fournisseur d'acier S235JR\"\/><\/p>\n","protected":false},"excerpt":{"rendered":"<p>Produits galvanis\u00e9s Nous avons \u00e9tendu notre gamme de produits et sommes d\u00e9sormais en mesure d\u2019offrir du mat\u00e9riel en S235JR, galvanis\u00e9 \u00e0 chaud selon DIN EN 1461. Nous poss\u00e9dons en stock des lamin\u00e9s marchands, poutrelles, tubes et t\u00f4les. Vous trouverez plus d\u2019informations dans notre brochure en pi\u00e8ce jointe. Nous vous garantissons un traitement rapide et professionnel [&hellip;]<\/p>\n","protected":false},"author":4,"featured_media":1680,"parent":511,"menu_order":5,"comment_status":"closed","ping_status":"closed","template":"","meta":{"_acf_changed":false,"footnotes":"","_wp_rev_ctl_limit":""},"class_list":["post-1476","page","type-page","status-publish","has-post-thumbnail","hentry"],"acf":[],"_links":{"self":[{"href":"https:\/\/bepro.de\/fr\/wp-json\/wp\/v2\/pages\/1476"}],"collection":[{"href":"https:\/\/bepro.de\/fr\/wp-json\/wp\/v2\/pages"}],"about":[{"href":"https:\/\/bepro.de\/fr\/wp-json\/wp\/v2\/types\/page"}],"author":[{"embeddable":true,"href":"https:\/\/bepro.de\/fr\/wp-json\/wp\/v2\/users\/4"}],"replies":[{"embeddable":true,"href":"https:\/\/bepro.de\/fr\/wp-json\/wp\/v2\/comments?post=1476"}],"version-history":[{"count":0,"href":"https:\/\/bepro.de\/fr\/wp-json\/wp\/v2\/pages\/1476\/revisions"}],"up":[{"embeddable":true,"href":"https:\/\/bepro.de\/fr\/wp-json\/wp\/v2\/pages\/511"}],"wp:featuredmedia":[{"embeddable":true,"href":"https:\/\/bepro.de\/fr\/wp-json\/wp\/v2\/media\/1680"}],"wp:attachment":[{"href":"https:\/\/bepro.de\/fr\/wp-json\/wp\/v2\/media?parent=1476"}],"curies":[{"name":"wp","href":"https:\/\/api.w.org\/{rel}","templated":true}]}}